{"id":8566,"date":"2023-05-23T13:50:21","date_gmt":"2023-05-23T13:50:21","guid":{"rendered":"https:\/\/staging.ide-tech.com\/soluciones-de-agua\/reutilizacion-municipal\/sistemas-de-tratamiento-de-aguas-subterraneas-y-superficiales\/"},"modified":"2025-07-22T12:42:14","modified_gmt":"2025-07-22T12:42:14","slug":"sistemas-de-tratamiento-de-aguas-subterraneas-y-superficiales","status":"publish","type":"page","link":"https:\/\/staging.ide-tech.com\/es\/soluciones-de-agua\/reutilizacion-municipal\/sistemas-de-tratamiento-de-aguas-subterraneas-y-superficiales\/","title":{"rendered":"Sistemas de tratamiento de aguas subterr\u00e1neas y superficiales"},"content":{"rendered":"<p><img loading=\"lazy\" decoding=\"async\" class=\"wp-image-5415 aligncenter\" src=\"https:\/\/staging.ide-tech.com\/wp-content\/uploads\/2023\/01\/turquoise-wave.svg\" alt=\"\" width=\"164\" height=\"35\" \/><\/p>\n<p>&nbsp;<\/p>\n<h2><strong>En IDE ofrecemos una gama completa de soluciones para el tratamiento de aguas municipales:<\/strong><\/h2>\n<p>&nbsp;<\/p>\n<p><b>Clarificaci\u00f3n<\/b><\/p>\n<p><span style=\"font-weight: 400;\">Los clarificadores, que son una parte primordial de cualquier planta de tratamiento de aguas, funcionan seg\u00fan el principio de sedimentaci\u00f3n por gravedad para eliminar las part\u00edculas en suspensi\u00f3n, lo que como resultado reduce la turbidez y los SST del agua bruta. Dependiendo de la presencia de s\u00f3lidos en suspensi\u00f3n a la entrada, tambi\u00e9n puede preverse un proceso de coagulaci\u00f3n y floculaci\u00f3n a la entrada del clarificador. Los s\u00f3lidos sedimentados del flujo inferior del clarificador se recogen y transportan a la zona de tratamiento de lodos.<\/span><span style=\"font-weight: 400;\"><br \/>\n<\/span><b>Este proceso es adecuado para eliminar\/tratar\u00a0 niveles elevados de turbidez y SST, as\u00ed como aceite<\/b><\/p>\n<p><b><br \/>\nClarificadores de l\u00e1minas\u00a0<\/b><\/p>\n<p><span style=\"font-weight: 400;\">El clarificador de l\u00e1minas sirve para eliminar part\u00edculas pesadas mediante sedimentaci\u00f3n en placas inclinadas. Este m\u00e9todo de separaci\u00f3n requiere pasos previos de floculaci\u00f3n y coagulaci\u00f3n. El clarificador de l\u00e1minas est\u00e1 dise\u00f1ado para maximizar la eficacia de sedimentaci\u00f3n de las part\u00edculas en suspensi\u00f3n con una huella m\u00ednima.<br \/>\n<\/span><b>Este proceso es adecuado para eliminar\/tratar\u00a0 turbidez y SST<\/b><\/p>\n<p><b><br \/>\nFiltro multimedios (MMF)<\/b><\/p>\n<p><span style=\"font-weight: 400;\">Un filtro multimedios se utiliza para reducir el nivel de s\u00f3lidos en suspensi\u00f3n en el agua de proceso mediante filtraci\u00f3n a trav\u00e9s de los medios granulares. El grado de filtraci\u00f3n de un filtro multimedios depende en gran medida del medio filtrante y del flujo (velocidad) a trav\u00e9s del filtro. Para la filtraci\u00f3n multimedios se utilizan filtros de gravedad o presurizados, que dependen de la calidad del agua de alimentaci\u00f3n, la cantidad y la ubicaci\u00f3n de la toma. A medida que las part\u00edculas quedan atrapadas en el medio filtrante, aumenta la presi\u00f3n diferencial a trav\u00e9s del lecho. El retrolavado a alta velocidad del medio filtrante se utiliza para limpiar y revertir el rendimiento.<br \/>\n<\/span><b>Este proceso es adecuado para eliminar\/tratar\u00a0 niveles bajos de turbidez y SST, algas y materia org\u00e1nica<\/b><\/p>\n<p>&nbsp;<\/p>\n<p><b>Intercambio i\u00f3nico<\/b><b> (IX):<\/b><\/p>\n<p><span style=\"font-weight: 400;\">Los intercambiadores de iones (IX) se utilizan para eliminar la dureza o la materia org\u00e1nica natural (NOM) presentes en el agua bruta. Bas\u00e1ndose en el an\u00e1lisis del agua bruta, el IX utiliza tipos adecuados de resinas para intercambiar iones disueltos selectivos con cualquier otro ion. Tras el ciclo de funcionamiento, la resina agotada puede regenerarse mediante productos qu\u00edmicos.<\/span><\/p>\n<p><span style=\"font-weight: 400;\">En general, el ablandador (IX) se utiliza para tratar la dureza (iones de Ca y Mg) presente en el agua bruta, lo que puede evitar a\u00fan m\u00e1s la formaci\u00f3n de incrustaciones en la red de distribuci\u00f3n de agua.<\/span><\/p>\n<p><span style=\"font-weight: 400;\">Del mismo modo, la presencia de NOM en el agua bruta puede contribuir a un sabor y olor no deseados, un color parduzco amarillento e incluso al crecimiento bacteriano en el sistema de distribuci\u00f3n de agua. El intercambiador de iones (IX) tambi\u00e9n es una soluci\u00f3n para tratar el NOM presente en el agua de pozo y, en algunos casos, incluso sin utilizar cloraci\u00f3n. En consecuencia, este m\u00e9todo puede evitar la formaci\u00f3n de subproductos de la desinfecci\u00f3n (DBY).<br \/>\n<\/span><b>Este proceso es adecuado para eliminar\/tratar una gran variedad de contaminantes y retos, como PFAS, dureza y\u00a0 TDS<\/b><\/p>\n<p>&nbsp;<\/p>\n<p><b>Sistema de nanofiltraci\u00f3n<\/b><b>:<\/b><\/p>\n<p><span style=\"font-weight: 400;\">La nanofiltraci\u00f3n (NF), al igual que la \u00f3smosis inversa, es un proceso de separaci\u00f3n por membranas accionado por presi\u00f3n, con la diferencia del tama\u00f1o de los poros de las membranas NF. Las membranas de NF tienen poros m\u00e1s grandes, en comparaci\u00f3n con las membranas de OI, y muestran un mayor rechazo de los iones divalentes, as\u00ed como de los NOM presentes en el agua bruta.<br \/>\n<\/span><b>Este proceso es adecuado para eliminar\/tratar iones divalentes como\u00a0 calcio,\u00a0 magnesio\u00a0 y sulfato<\/b><\/p>\n<p>&nbsp;<\/p>\n<p><b>Ablandamiento por sosa calc\u00e1rea<\/b><\/p>\n<p><span style=\"font-weight: 400;\">Un m\u00e9todo de precipitaci\u00f3n qu\u00edmica para eliminar la dureza del agua bruta. En este m\u00e9todo, se a\u00f1aden productos qu\u00edmicos como cal\u00a0 (CaO\/Ca(OH)2) y\/o carbonato s\u00f3dico (Na2CO3) al agua bruta, en funci\u00f3n de la qu\u00edmica del agua, para eliminar la dureza tanto permanente como temporal.<br \/>\n<\/span><b>Este proceso es adecuado para eliminar \/ tratar el Calcio y la Alcalinidad\u00a0<\/b><\/p>\n<p>&nbsp;<\/p>\n<p><b>Torre de decapado (Torre de desgasificaci\u00f3n) y Torres de lavado\u00a0<\/b><\/p>\n<p><span style=\"font-weight: 400;\">Dependiendo de la geograf\u00eda, la contaminaci\u00f3n por H2S en los pozos es un reto com\u00fan. Dado que el H2S tiene un olor caracter\u00edstico, provoca corrosi\u00f3n en la red de distribuci\u00f3n de agua y tiene diversos efectos nocivos para la salud, eliminarlo es una necesidad. La desgasificaci\u00f3n es una de las t\u00e9cnicas m\u00e1s eficaces para reducir el gas disuelto, como el H2S o el CO2, del agua bruta. Las torres desgasificadoras utilizan una torre vertical de lecho compacto para reducir el gas disuelto, como el CO2 o el H2S, del agua bruta. En algunos casos, es necesario lavar los gases eliminados y se instala una torre de lavado.<br \/>\n<\/span><b>Este proceso es adecuado para eliminar\/tratar el sulfuro de hidr\u00f3geno, el di\u00f3xido de carbono, el amoniaco y la materia org\u00e1nica vol\u00e1til <\/b><\/p>\n<p>&nbsp;<\/p>\n<p><b>UF (ultrafiltraci\u00f3n)<br \/>\n<\/b><\/p>\n<p>La ultrafiltraci\u00f3n (UF) es un proceso de filtraci\u00f3n por membrana que utiliza la presi\u00f3n hidrost\u00e1tica para forzar el paso del agua a trav\u00e9s de una membrana semipermeable. El tama\u00f1o de los poros de la membrana de ultrafiltraci\u00f3n, normalmente de 0,01 a 0,1 micr\u00f3metros (micras), crea una barrera impulsada por la presi\u00f3n contra los s\u00f3lidos en suspensi\u00f3n, las bacterias, los virus, las endotoxinas y otros pat\u00f3genos, para producir agua de muy alta pureza y baja densidad de sedimentos.<\/p>\n<p>&nbsp;<\/p>\n","protected":false},"excerpt":{"rendered":"<p>&nbsp; En IDE ofrecemos una gama completa de soluciones para el tratamiento de aguas municipales: &nbsp; Clarificaci\u00f3n Los clarificadores, que son una parte primordial de cualquier planta de tratamiento de aguas, funcionan seg\u00fan el principio de sedimentaci\u00f3n por gravedad para eliminar las part\u00edculas en suspensi\u00f3n, lo que como resultado reduce la turbidez y los SST [&hellip;]<\/p>\n","protected":false},"author":4,"featured_media":2843,"parent":3089,"menu_order":90,"comment_status":"closed","ping_status":"closed","template":"page-Industriesinner.php","meta":{"_acf_changed":false,"inline_featured_image":false,"footnotes":""},"class_list":["post-8566","page","type-page","status-publish","has-post-thumbnail","hentry"],"acf":[],"yoast_head":"<!-- This site is optimized with the Yoast SEO plugin v27.0 - https:\/\/yoast.com\/product\/yoast-seo-wordpress\/ -->\n<title>| IDE Tech Sistemas de tratamiento de aguas subterr\u00e1neas y superficiales<\/title>\n<meta name=\"description\" content=\"IDE ofrece soluciones municipales de tratamiento de agua para convertir el agua de pozos y superficiales en suministros limpios y seguros para ciudades y sistemas p\u00fablicos.\" \/>\n<meta name=\"robots\" content=\"noindex, follow, max-snippet:-1, max-image-preview:large, max-video-preview:-1\" \/>\n<meta property=\"og:locale\" content=\"es_ES\" \/>\n<meta property=\"og:type\" content=\"article\" \/>\n<meta property=\"og:title\" content=\"| IDE Tech Sistemas de tratamiento de aguas subterr\u00e1neas y superficiales\" \/>\n<meta property=\"og:description\" content=\"IDE ofrece soluciones municipales de tratamiento de agua para convertir el agua de pozos y superficiales en suministros limpios y seguros para ciudades y sistemas p\u00fablicos.\" \/>\n<meta property=\"og:url\" content=\"https:\/\/staging.ide-tech.com\/es\/soluciones-de-agua\/reutilizacion-municipal\/sistemas-de-tratamiento-de-aguas-subterraneas-y-superficiales\/\" \/>\n<meta property=\"og:site_name\" content=\"IDE Tech\" \/>\n<meta property=\"article:modified_time\" content=\"2025-07-22T12:42:14+00:00\" \/>\n<meta property=\"og:image\" content=\"https:\/\/staging.ide-tech.com\/wp-content\/uploads\/2022\/11\/biotreatmentban.jpg\" \/>\n\t<meta property=\"og:image:width\" content=\"1920\" \/>\n\t<meta property=\"og:image:height\" content=\"645\" \/>\n\t<meta property=\"og:image:type\" content=\"image\/jpeg\" \/>\n<meta name=\"twitter:card\" content=\"summary_large_image\" \/>\n<meta name=\"twitter:label1\" content=\"Tiempo de lectura\" \/>\n\t<meta name=\"twitter:data1\" content=\"5 minutos\" \/>\n<script type=\"application\/ld+json\" class=\"yoast-schema-graph\">{\"@context\":\"https:\/\/schema.org\",\"@graph\":[{\"@type\":\"WebPage\",\"@id\":\"https:\/\/staging.ide-tech.com\/es\/soluciones-de-agua\/reutilizacion-municipal\/sistemas-de-tratamiento-de-aguas-subterraneas-y-superficiales\/\",\"url\":\"https:\/\/staging.ide-tech.com\/es\/soluciones-de-agua\/reutilizacion-municipal\/sistemas-de-tratamiento-de-aguas-subterraneas-y-superficiales\/\",\"name\":\"| IDE Tech Sistemas de tratamiento de aguas subterr\u00e1neas y superficiales\",\"isPartOf\":{\"@id\":\"https:\/\/staging.ide-tech.com\/en\/#website\"},\"primaryImageOfPage\":{\"@id\":\"https:\/\/staging.ide-tech.com\/es\/soluciones-de-agua\/reutilizacion-municipal\/sistemas-de-tratamiento-de-aguas-subterraneas-y-superficiales\/#primaryimage\"},\"image\":{\"@id\":\"https:\/\/staging.ide-tech.com\/es\/soluciones-de-agua\/reutilizacion-municipal\/sistemas-de-tratamiento-de-aguas-subterraneas-y-superficiales\/#primaryimage\"},\"thumbnailUrl\":\"https:\/\/staging.ide-tech.com\/wp-content\/uploads\/2022\/11\/biotreatmentban.jpg\",\"datePublished\":\"2023-05-23T13:50:21+00:00\",\"dateModified\":\"2025-07-22T12:42:14+00:00\",\"description\":\"IDE ofrece soluciones municipales de tratamiento de agua para convertir el agua de pozos y superficiales en suministros limpios y seguros para ciudades y sistemas p\u00fablicos.\",\"breadcrumb\":{\"@id\":\"https:\/\/staging.ide-tech.com\/es\/soluciones-de-agua\/reutilizacion-municipal\/sistemas-de-tratamiento-de-aguas-subterraneas-y-superficiales\/#breadcrumb\"},\"inLanguage\":\"es\",\"potentialAction\":[{\"@type\":\"ReadAction\",\"target\":[\"https:\/\/staging.ide-tech.com\/es\/soluciones-de-agua\/reutilizacion-municipal\/sistemas-de-tratamiento-de-aguas-subterraneas-y-superficiales\/\"]}]},{\"@type\":\"ImageObject\",\"inLanguage\":\"es\",\"@id\":\"https:\/\/staging.ide-tech.com\/es\/soluciones-de-agua\/reutilizacion-municipal\/sistemas-de-tratamiento-de-aguas-subterraneas-y-superficiales\/#primaryimage\",\"url\":\"https:\/\/staging.ide-tech.com\/wp-content\/uploads\/2022\/11\/biotreatmentban.jpg\",\"contentUrl\":\"https:\/\/staging.ide-tech.com\/wp-content\/uploads\/2022\/11\/biotreatmentban.jpg\",\"width\":1920,\"height\":645},{\"@type\":\"BreadcrumbList\",\"@id\":\"https:\/\/staging.ide-tech.com\/es\/soluciones-de-agua\/reutilizacion-municipal\/sistemas-de-tratamiento-de-aguas-subterraneas-y-superficiales\/#breadcrumb\",\"itemListElement\":[{\"@type\":\"ListItem\",\"position\":1,\"name\":\"Home\",\"item\":\"https:\/\/staging.ide-tech.com\/es\/hogar\/\"},{\"@type\":\"ListItem\",\"position\":2,\"name\":\"Soluciones h\u00eddricas\",\"item\":\"https:\/\/staging.ide-tech.com\/es\/soluciones-de-agua\/\"},{\"@type\":\"ListItem\",\"position\":3,\"name\":\"Sistemas municipales de tratamiento de aguas\",\"item\":\"https:\/\/staging.ide-tech.com\/es\/soluciones-de-agua\/reutilizacion-municipal\/\"},{\"@type\":\"ListItem\",\"position\":4,\"name\":\"Sistemas de tratamiento de aguas subterr\u00e1neas y superficiales\"}]},{\"@type\":\"WebSite\",\"@id\":\"https:\/\/staging.ide-tech.com\/en\/#website\",\"url\":\"https:\/\/staging.ide-tech.com\/en\/\",\"name\":\"IDE Tech\",\"description\":\"Your Water Partner\",\"potentialAction\":[{\"@type\":\"SearchAction\",\"target\":{\"@type\":\"EntryPoint\",\"urlTemplate\":\"https:\/\/staging.ide-tech.com\/en\/?s={search_term_string}\"},\"query-input\":{\"@type\":\"PropertyValueSpecification\",\"valueRequired\":true,\"valueName\":\"search_term_string\"}}],\"inLanguage\":\"es\"}]}<\/script>\n<!-- \/ Yoast SEO plugin. -->","yoast_head_json":{"title":"| IDE Tech Sistemas de tratamiento de aguas subterr\u00e1neas y superficiales","description":"IDE ofrece soluciones municipales de tratamiento de agua para convertir el agua de pozos y superficiales en suministros limpios y seguros para ciudades y sistemas p\u00fablicos.","robots":{"index":"noindex","follow":"follow","max-snippet":"max-snippet:-1","max-image-preview":"max-image-preview:large","max-video-preview":"max-video-preview:-1"},"og_locale":"es_ES","og_type":"article","og_title":"| IDE Tech Sistemas de tratamiento de aguas subterr\u00e1neas y superficiales","og_description":"IDE ofrece soluciones municipales de tratamiento de agua para convertir el agua de pozos y superficiales en suministros limpios y seguros para ciudades y sistemas p\u00fablicos.","og_url":"https:\/\/staging.ide-tech.com\/es\/soluciones-de-agua\/reutilizacion-municipal\/sistemas-de-tratamiento-de-aguas-subterraneas-y-superficiales\/","og_site_name":"IDE Tech","article_modified_time":"2025-07-22T12:42:14+00:00","og_image":[{"width":1920,"height":645,"url":"https:\/\/staging.ide-tech.com\/wp-content\/uploads\/2022\/11\/biotreatmentban.jpg","type":"image\/jpeg"}],"twitter_card":"summary_large_image","twitter_misc":{"Tiempo de lectura":"5 minutos"},"schema":{"@context":"https:\/\/schema.org","@graph":[{"@type":"WebPage","@id":"https:\/\/staging.ide-tech.com\/es\/soluciones-de-agua\/reutilizacion-municipal\/sistemas-de-tratamiento-de-aguas-subterraneas-y-superficiales\/","url":"https:\/\/staging.ide-tech.com\/es\/soluciones-de-agua\/reutilizacion-municipal\/sistemas-de-tratamiento-de-aguas-subterraneas-y-superficiales\/","name":"| IDE Tech Sistemas de tratamiento de aguas subterr\u00e1neas y superficiales","isPartOf":{"@id":"https:\/\/staging.ide-tech.com\/en\/#website"},"primaryImageOfPage":{"@id":"https:\/\/staging.ide-tech.com\/es\/soluciones-de-agua\/reutilizacion-municipal\/sistemas-de-tratamiento-de-aguas-subterraneas-y-superficiales\/#primaryimage"},"image":{"@id":"https:\/\/staging.ide-tech.com\/es\/soluciones-de-agua\/reutilizacion-municipal\/sistemas-de-tratamiento-de-aguas-subterraneas-y-superficiales\/#primaryimage"},"thumbnailUrl":"https:\/\/staging.ide-tech.com\/wp-content\/uploads\/2022\/11\/biotreatmentban.jpg","datePublished":"2023-05-23T13:50:21+00:00","dateModified":"2025-07-22T12:42:14+00:00","description":"IDE ofrece soluciones municipales de tratamiento de agua para convertir el agua de pozos y superficiales en suministros limpios y seguros para ciudades y sistemas p\u00fablicos.","breadcrumb":{"@id":"https:\/\/staging.ide-tech.com\/es\/soluciones-de-agua\/reutilizacion-municipal\/sistemas-de-tratamiento-de-aguas-subterraneas-y-superficiales\/#breadcrumb"},"inLanguage":"es","potentialAction":[{"@type":"ReadAction","target":["https:\/\/staging.ide-tech.com\/es\/soluciones-de-agua\/reutilizacion-municipal\/sistemas-de-tratamiento-de-aguas-subterraneas-y-superficiales\/"]}]},{"@type":"ImageObject","inLanguage":"es","@id":"https:\/\/staging.ide-tech.com\/es\/soluciones-de-agua\/reutilizacion-municipal\/sistemas-de-tratamiento-de-aguas-subterraneas-y-superficiales\/#primaryimage","url":"https:\/\/staging.ide-tech.com\/wp-content\/uploads\/2022\/11\/biotreatmentban.jpg","contentUrl":"https:\/\/staging.ide-tech.com\/wp-content\/uploads\/2022\/11\/biotreatmentban.jpg","width":1920,"height":645},{"@type":"BreadcrumbList","@id":"https:\/\/staging.ide-tech.com\/es\/soluciones-de-agua\/reutilizacion-municipal\/sistemas-de-tratamiento-de-aguas-subterraneas-y-superficiales\/#breadcrumb","itemListElement":[{"@type":"ListItem","position":1,"name":"Home","item":"https:\/\/staging.ide-tech.com\/es\/hogar\/"},{"@type":"ListItem","position":2,"name":"Soluciones h\u00eddricas","item":"https:\/\/staging.ide-tech.com\/es\/soluciones-de-agua\/"},{"@type":"ListItem","position":3,"name":"Sistemas municipales de tratamiento de aguas","item":"https:\/\/staging.ide-tech.com\/es\/soluciones-de-agua\/reutilizacion-municipal\/"},{"@type":"ListItem","position":4,"name":"Sistemas de tratamiento de aguas subterr\u00e1neas y superficiales"}]},{"@type":"WebSite","@id":"https:\/\/staging.ide-tech.com\/en\/#website","url":"https:\/\/staging.ide-tech.com\/en\/","name":"IDE Tech","description":"Your Water Partner","potentialAction":[{"@type":"SearchAction","target":{"@type":"EntryPoint","urlTemplate":"https:\/\/staging.ide-tech.com\/en\/?s={search_term_string}"},"query-input":{"@type":"PropertyValueSpecification","valueRequired":true,"valueName":"search_term_string"}}],"inLanguage":"es"}]}},"_links":{"self":[{"href":"https:\/\/staging.ide-tech.com\/es\/wp-json\/wp\/v2\/pages\/8566","targetHints":{"allow":["GET"]}}],"collection":[{"href":"https:\/\/staging.ide-tech.com\/es\/wp-json\/wp\/v2\/pages"}],"about":[{"href":"https:\/\/staging.ide-tech.com\/es\/wp-json\/wp\/v2\/types\/page"}],"author":[{"embeddable":true,"href":"https:\/\/staging.ide-tech.com\/es\/wp-json\/wp\/v2\/users\/4"}],"replies":[{"embeddable":true,"href":"https:\/\/staging.ide-tech.com\/es\/wp-json\/wp\/v2\/comments?post=8566"}],"version-history":[{"count":4,"href":"https:\/\/staging.ide-tech.com\/es\/wp-json\/wp\/v2\/pages\/8566\/revisions"}],"predecessor-version":[{"id":10283,"href":"https:\/\/staging.ide-tech.com\/es\/wp-json\/wp\/v2\/pages\/8566\/revisions\/10283"}],"up":[{"embeddable":true,"href":"https:\/\/staging.ide-tech.com\/es\/wp-json\/wp\/v2\/pages\/3089"}],"wp:featuredmedia":[{"embeddable":true,"href":"https:\/\/staging.ide-tech.com\/es\/wp-json\/wp\/v2\/media\/2843"}],"wp:attachment":[{"href":"https:\/\/staging.ide-tech.com\/es\/wp-json\/wp\/v2\/media?parent=8566"}],"curies":[{"name":"wp","href":"https:\/\/api.w.org\/{rel}","templated":true}]}}