{"id":8565,"date":"2023-05-11T12:47:05","date_gmt":"2023-05-11T12:47:05","guid":{"rendered":"https:\/\/staging.ide-tech.com\/soluciones-de-agua\/reutilizacion-municipal\/metodos-y-tecnologias-de-eliminacion-de-pfas\/"},"modified":"2025-07-22T12:42:13","modified_gmt":"2025-07-22T12:42:13","slug":"metodos-y-tecnologias-de-eliminacion-de-pfas","status":"publish","type":"page","link":"https:\/\/staging.ide-tech.com\/es\/soluciones-de-agua\/reutilizacion-municipal\/metodos-y-tecnologias-de-eliminacion-de-pfas\/","title":{"rendered":"M\u00e9todos y tecnolog\u00edas de eliminaci\u00f3n de PFAS"},"content":{"rendered":"<h2>\u00bfQu\u00e9 son las PFAS?<\/h2>\n<p>Las sustancias perfluoroalqu\u00edlicas y polifluoroalqu\u00edlicas (PFAS) son un grupo de m\u00e1s de 7000 sustancias qu\u00edmicas sint\u00e9ticas de uso generalizado. Todas ellas contienen enlaces carbono-fl\u00faor, que son uno de los enlaces qu\u00edmicos m\u00e1s fuertes de la qu\u00edmica org\u00e1nica. Adem\u00e1s, no son f\u00e1cilmente degradables y permanecen en el medio ambiente, por lo que se consideran \u00absustancias qu\u00edmicas eternas\u00bb. Las PFAS se acumulan en los tejidos animales y humanos y son t\u00f3xicas en bajos niveles de bioacumulaci\u00f3n, pueden causar problemas al sistema nervioso endocrino y otros problemas de salud.<\/p>\n<p>El agua potable limpia y segura es fundamental para la vida, las comunidades y las personas. La EPA (Agencia de Protecci\u00f3n Ambiental) de EE. UU. ha dado un paso extraordinario, el primero en 26 a\u00f1os, al proponer l\u00edmites legales para los contaminantes en el agua potable.\u00a0Las empresas municipales de servicios p\u00fablicos deber\u00e1n eliminar del agua potable seis de los compuestos PFAS m\u00e1s estudiados y t\u00f3xicos.<\/p>\n<p><strong>Reglamento Nacional de Calidad de las Aguas Destinadas al Consumo Humano Primario (NPDWR)<\/strong><\/p>\n<p>La EPA espera que, en unos a\u00f1os, la norma definitiva evite la exposici\u00f3n a los PFAS en el agua potable de aproximadamente 100 millones de personas, prevenga miles de muertes y reduzca decenas de miles de enfermedades graves atribuibles a las PFAS.<\/p>\n<p>Las nuevas regulaciones de la EPA establecen los niveles m\u00e1ximos de contaminantes (MCL) para el PFOA (\u00e1cido perfluorooctanoico) y el PFOS (\u00e1cido perfluorooctanoico) en 4 partes por bill\u00f3n (ppt); PFNA (\u00e1cido perfluorononanoico), PFHxS (\u00e1cido perfluorohexanosulf\u00f3nico) y GenX (\u00f3xido de hexafluoropropileno) en 10 ppt; y un \u00edndice de peligro para las mezclas de PFNA, PFHxS, GenX y PFBS.<\/p>\n<p>Los sistemas de agua en los EE. UU. deben comenzar a realizar pruebas para detectar estos seis compuestos en un plazo de tres a\u00f1os, informar de los resultados en el Informe anual sobre la calidad del agua y notificar a los clientes cualquier infracci\u00f3n.\u00a0 Los sistemas tienen cinco a\u00f1os para cumplir con los nuevos MCL, ya sea instalando un tratamiento adecuado o encontrando suministros de agua alternativos libres de PFAS.<\/p>\n<p>Para cumplir con \u00e9xito la nueva normativa sobre PFAS, la EPA ha identificado las siguientes tecnolog\u00edas como las mejores de su clase:<\/p>\n<ul>\n<li>Carb\u00f3n activado granular (GAC)<\/li>\n<li>Intercambio de aniones (AIX)<\/li>\n<li>Nanofiltraci\u00f3n (NF)<\/li>\n<li>\u00d3smosis inversa (RO)<\/li>\n<\/ul>\n<h2><\/h2>\n<p>&nbsp;<\/p>\n<h2><strong>Normativa sobre PFAS en Europa <\/strong><\/h2>\n<p>En Europa, el PFOS y el PFOA se han eliminado gradualmente y ahora est\u00e1n restringidos por la normativa de la UE sobre contaminantes org\u00e1nicos persistentes (COP), que proh\u00edbe en gran medida su fabricaci\u00f3n, importaci\u00f3n y exportaci\u00f3n. A finales de 2020, se modific\u00f3 la Directiva sobre la calidad de las aguas de la UE para minimizar los niveles de PFOS y PFOA en el agua potable. Seg\u00fan la directiva, todos los Estados miembros deben aplicar la normativa antes de 2026.<\/p>\n<p><img decoding=\"async\" src=\"https:\/\/staging.ide-tech.com\/wp-content\/uploads\/2023\/01\/light-blue-wave.svg\" \/><\/p>\n<h2>Tecnolog\u00edas de eliminaci\u00f3n de PFAS<\/h2>\n<p>Los PFAS se encuentran en r\u00edos, lagos y embalses de todo el mundo. Los tipos m\u00e1s comunes de PFAS detectados son el \u00e1cido perfluorooctanoico (PFOA) y el \u00e1cido perfluorooctanoico (PFOS), cuya producci\u00f3n ya se ha eliminado gradualmente en Europa y Estados Unidos. Los niveles m\u00e1s altos de contaminaci\u00f3n por PFAS se encuentran en zonas industriales y urbanas, as\u00ed como en zonas con una alta densidad de poblaci\u00f3n.<\/p>\n<p>Los proyectos PFAS incluyen:<\/p>\n<p><img loading=\"lazy\" decoding=\"async\" class=\"wp-image-5427 alignleft\" src=\"https:\/\/staging.ide-tech.com\/wp-content\/uploads\/2023\/01\/bullet-circle-wave.svg\" alt=\"\" width=\"29\" height=\"22\" \/>Limpieza de <a href=\"https:\/\/ide-tech.com\/en\/water-solutions\/municipal-reuse\/\">aguas residuales municipales aguas de tratamiento<\/a>, antes de su descarga (reciclaje de vuelta al medio ambiente)<\/p>\n<p><img loading=\"lazy\" decoding=\"async\" class=\"wp-image-5427 alignleft\" src=\"https:\/\/staging.ide-tech.com\/wp-content\/uploads\/2023\/01\/bullet-circle-wave.svg\" alt=\"\" width=\"29\" height=\"22\" \/>Limpieza de <a href=\"https:\/\/staging.ide-tech.com\/es\/industrias\/\">aguas residuales industriales<\/a> antes de su vertido a un cuerpo receptor<\/p>\n<p><img loading=\"lazy\" decoding=\"async\" class=\"wp-image-5427 alignleft\" src=\"https:\/\/staging.ide-tech.com\/wp-content\/uploads\/2023\/01\/bullet-circle-wave.svg\" alt=\"\" width=\"29\" height=\"22\" \/>Tratamiento del agua potable municipal contaminada con PFAS.<\/p>\n<p>&nbsp;<\/p>\n<p><img decoding=\"async\" src=\"https:\/\/staging.ide-tech.com\/wp-content\/uploads\/2023\/01\/light-blue-wave.svg\" \/><\/p>\n<p>&nbsp;<\/p>\n<h2>En IDE ofrecemos una gama completa de soluciones de mudanza:<\/h2>\n<p><img loading=\"lazy\" decoding=\"async\" class=\"wp-image-5427 alignleft\" src=\"https:\/\/staging.ide-tech.com\/wp-content\/uploads\/2023\/01\/bullet-circle-wave.svg\" alt=\"\" width=\"29\" height=\"22\" \/><strong>Adsorci\u00f3n de carbono: GAC<\/strong><\/p>\n<p><img loading=\"lazy\" decoding=\"async\" class=\"wp-image-5427 alignleft\" src=\"https:\/\/staging.ide-tech.com\/wp-content\/uploads\/2023\/01\/bullet-circle-wave.svg\" alt=\"\" width=\"29\" height=\"22\" \/><a href=\"https:\/\/ide-tech.com\/en\/water-solutions\/industrial-water-treatment\/deionization-and-ultra-pure-water\/\"><strong>Especialidad: resina de intercambio i\u00f3nico de aniones<\/strong><\/a><\/p>\n<p><img loading=\"lazy\" decoding=\"async\" class=\"wp-image-5427 alignleft\" src=\"https:\/\/staging.ide-tech.com\/wp-content\/uploads\/2023\/01\/bullet-circle-wave.svg\" alt=\"\" width=\"29\" height=\"22\" \/><a href=\"https:\/\/ide-tech.com\/en\/water-solutions\/industrial-water-treatment\/ro\/\"><strong>\u00d3smosis inversa o nanofiltraci\u00f3n<\/strong><\/a><\/p>\n<p>Otras t\u00e9cnicas t\u00edpicas de purificaci\u00f3n del agua, como la biodegradaci\u00f3n, la filtraci\u00f3n por micras, la filtraci\u00f3n por arena, la ultrafiltraci\u00f3n, la coagulaci\u00f3n, la floculaci\u00f3n, la clarificaci\u00f3n y la oxidaci\u00f3n mediante luz ultravioleta, hipoclorito, di\u00f3xido de cloro, cloramina, ozono o permanganato, no son capaces de eliminar eficazmente los PFAS del agua o de las aguas residuales.<\/p>\n<p><strong>Carb\u00f3n activado granular (GAC):<br \/>\n<\/strong>El GAC puede eliminar bajas concentraciones (ng\/L) de PFAS del agua potable. El GAC trata eficazmente las cadenas m\u00e1s largas de PFAS y es menos eficaz para tratar las cadenas cortas. La presencia de otras materias org\u00e1nicas puede reducir la eficacia de la adsorci\u00f3n del GAC. El carb\u00f3n puede reciclarse para su uso en otros lugares despu\u00e9s de quemar las PFAS.<\/p>\n<p><strong>Ion Exchanger (IX):<br \/>\n<\/strong>Un intercambiador de iones es eficaz para eliminar PFAS ani\u00f3nicas y de cadena larga en concentraciones bajas (ng\/L). La capacidad de adsorci\u00f3n es mayor en comparaci\u00f3n con el GAC y la cin\u00e9tica de adsorci\u00f3n es m\u00e1s r\u00e1pida. Es menos eficaz para el agua que contiene materia org\u00e1nica o inorg\u00e1nica y se limita a la eliminaci\u00f3n de PFAS de cadena corta. El medio se utiliza normalmente una sola vez y se incinera, pero la resina dura mucho tiempo, por lo que resulta econ\u00f3micamente atractivo.<\/p>\n<p><strong>Membrana (RO\/NF):<br \/>\n<\/strong>La tecnolog\u00eda de membranas es eficaz tanto para los PFAS de cadena corta como para los de cadena larga, tiene una alta tasa de eliminaci\u00f3n y es eficiente en t\u00e9rminos de tiempo. Tambi\u00e9n se eliminan otras impurezas org\u00e1nicas e inorg\u00e1nicas.\u00a0El requerimiento energ\u00e9tico para el tratamiento de aguas residuales por membranas es elevado en comparaci\u00f3n con la adsorci\u00f3n o la resina de intercambio i\u00f3nico.<\/p>\n<p><strong>\u00a0<\/strong><\/p>\n<p>&nbsp;<\/p>\n","protected":false},"excerpt":{"rendered":"<p>\u00bfQu\u00e9 son las PFAS? Las sustancias perfluoroalqu\u00edlicas y polifluoroalqu\u00edlicas (PFAS) son un grupo de m\u00e1s de 7000 sustancias qu\u00edmicas sint\u00e9ticas de uso generalizado. Todas ellas contienen enlaces carbono-fl\u00faor, que son uno de los enlaces qu\u00edmicos m\u00e1s fuertes de la qu\u00edmica org\u00e1nica. Adem\u00e1s, no son f\u00e1cilmente degradables y permanecen en el medio ambiente, por lo que [&hellip;]<\/p>\n","protected":false},"author":4,"featured_media":7541,"parent":3089,"menu_order":18,"comment_status":"closed","ping_status":"closed","template":"page-Industriesinner.php","meta":{"_acf_changed":false,"inline_featured_image":false,"footnotes":""},"class_list":["post-8565","page","type-page","status-publish","has-post-thumbnail","hentry"],"acf":[],"yoast_head":"<!-- This site is optimized with the Yoast SEO plugin v27.0 - https:\/\/yoast.com\/product\/yoast-seo-wordpress\/ -->\n<title>Tecnolog\u00edas de tratamiento y eliminaci\u00f3n de PFAS | IDEM\u00e9todos y tecnolog\u00edas de eliminaci\u00f3n de PFAS | IDE Tech<\/title>\n<meta name=\"description\" content=\"IDE Technologies ofrece soluciones avanzadas de eliminaci\u00f3n de PFAS y tratamiento de agua para municipios, lo que garantiza sistemas de agua limpios, conformes y sostenibles.\" \/>\n<meta name=\"robots\" content=\"noindex, follow, max-snippet:-1, max-image-preview:large, max-video-preview:-1\" \/>\n<meta property=\"og:locale\" content=\"es_ES\" \/>\n<meta property=\"og:type\" content=\"article\" \/>\n<meta property=\"og:title\" content=\"Tecnolog\u00edas de tratamiento y eliminaci\u00f3n de PFAS | IDEM\u00e9todos y tecnolog\u00edas de eliminaci\u00f3n de PFAS | IDE Tech\" \/>\n<meta property=\"og:description\" content=\"IDE Technologies ofrece soluciones avanzadas de eliminaci\u00f3n de PFAS y tratamiento de agua para municipios, lo que garantiza sistemas de agua limpios, conformes y sostenibles.\" \/>\n<meta property=\"og:url\" content=\"https:\/\/staging.ide-tech.com\/es\/soluciones-de-agua\/reutilizacion-municipal\/metodos-y-tecnologias-de-eliminacion-de-pfas\/\" \/>\n<meta property=\"og:site_name\" content=\"IDE Tech\" \/>\n<meta property=\"article:modified_time\" content=\"2025-07-22T12:42:13+00:00\" \/>\n<meta property=\"og:image\" content=\"https:\/\/staging.ide-tech.com\/wp-content\/uploads\/2023\/05\/PFAS-stock-photo-perfluorohexanesulfonic-acid-molecular-structure-d-model-molecule-pfhxs-structural-chemical-2249451393-scaled.jpg\" \/>\n\t<meta property=\"og:image:width\" content=\"2560\" \/>\n\t<meta property=\"og:image:height\" content=\"1440\" \/>\n\t<meta property=\"og:image:type\" content=\"image\/jpeg\" \/>\n<meta name=\"twitter:card\" content=\"summary_large_image\" \/>\n<meta name=\"twitter:label1\" content=\"Tiempo de lectura\" \/>\n\t<meta name=\"twitter:data1\" content=\"6 minutos\" \/>\n<script type=\"application\/ld+json\" class=\"yoast-schema-graph\">{\"@context\":\"https:\/\/schema.org\",\"@graph\":[{\"@type\":\"WebPage\",\"@id\":\"https:\/\/staging.ide-tech.com\/es\/soluciones-de-agua\/reutilizacion-municipal\/metodos-y-tecnologias-de-eliminacion-de-pfas\/\",\"url\":\"https:\/\/staging.ide-tech.com\/es\/soluciones-de-agua\/reutilizacion-municipal\/metodos-y-tecnologias-de-eliminacion-de-pfas\/\",\"name\":\"Tecnolog\u00edas de tratamiento y eliminaci\u00f3n de PFAS | IDEM\u00e9todos y tecnolog\u00edas de eliminaci\u00f3n de PFAS | IDE Tech\",\"isPartOf\":{\"@id\":\"https:\/\/staging.ide-tech.com\/en\/#website\"},\"primaryImageOfPage\":{\"@id\":\"https:\/\/staging.ide-tech.com\/es\/soluciones-de-agua\/reutilizacion-municipal\/metodos-y-tecnologias-de-eliminacion-de-pfas\/#primaryimage\"},\"image\":{\"@id\":\"https:\/\/staging.ide-tech.com\/es\/soluciones-de-agua\/reutilizacion-municipal\/metodos-y-tecnologias-de-eliminacion-de-pfas\/#primaryimage\"},\"thumbnailUrl\":\"https:\/\/staging.ide-tech.com\/wp-content\/uploads\/2023\/05\/PFAS-stock-photo-perfluorohexanesulfonic-acid-molecular-structure-d-model-molecule-pfhxs-structural-chemical-2249451393-scaled.jpg\",\"datePublished\":\"2023-05-11T12:47:05+00:00\",\"dateModified\":\"2025-07-22T12:42:13+00:00\",\"description\":\"IDE Technologies ofrece soluciones avanzadas de eliminaci\u00f3n de PFAS y tratamiento de agua para municipios, lo que garantiza sistemas de agua limpios, conformes y sostenibles.\",\"breadcrumb\":{\"@id\":\"https:\/\/staging.ide-tech.com\/es\/soluciones-de-agua\/reutilizacion-municipal\/metodos-y-tecnologias-de-eliminacion-de-pfas\/#breadcrumb\"},\"inLanguage\":\"es\",\"potentialAction\":[{\"@type\":\"ReadAction\",\"target\":[\"https:\/\/staging.ide-tech.com\/es\/soluciones-de-agua\/reutilizacion-municipal\/metodos-y-tecnologias-de-eliminacion-de-pfas\/\"]}]},{\"@type\":\"ImageObject\",\"inLanguage\":\"es\",\"@id\":\"https:\/\/staging.ide-tech.com\/es\/soluciones-de-agua\/reutilizacion-municipal\/metodos-y-tecnologias-de-eliminacion-de-pfas\/#primaryimage\",\"url\":\"https:\/\/staging.ide-tech.com\/wp-content\/uploads\/2023\/05\/PFAS-stock-photo-perfluorohexanesulfonic-acid-molecular-structure-d-model-molecule-pfhxs-structural-chemical-2249451393-scaled.jpg\",\"contentUrl\":\"https:\/\/staging.ide-tech.com\/wp-content\/uploads\/2023\/05\/PFAS-stock-photo-perfluorohexanesulfonic-acid-molecular-structure-d-model-molecule-pfhxs-structural-chemical-2249451393-scaled.jpg\",\"width\":2560,\"height\":1440,\"caption\":\"IDE Technologies delivers advanced PFAS removal solutions using GAC, ion exchange, and RO, ensuring safe and effective municipal water treatment\"},{\"@type\":\"BreadcrumbList\",\"@id\":\"https:\/\/staging.ide-tech.com\/es\/soluciones-de-agua\/reutilizacion-municipal\/metodos-y-tecnologias-de-eliminacion-de-pfas\/#breadcrumb\",\"itemListElement\":[{\"@type\":\"ListItem\",\"position\":1,\"name\":\"Home\",\"item\":\"https:\/\/staging.ide-tech.com\/es\/hogar\/\"},{\"@type\":\"ListItem\",\"position\":2,\"name\":\"Soluciones h\u00eddricas\",\"item\":\"https:\/\/staging.ide-tech.com\/es\/soluciones-de-agua\/\"},{\"@type\":\"ListItem\",\"position\":3,\"name\":\"Sistemas municipales de tratamiento de aguas\",\"item\":\"https:\/\/staging.ide-tech.com\/es\/soluciones-de-agua\/reutilizacion-municipal\/\"},{\"@type\":\"ListItem\",\"position\":4,\"name\":\"M\u00e9todos y tecnolog\u00edas de eliminaci\u00f3n de PFAS\"}]},{\"@type\":\"WebSite\",\"@id\":\"https:\/\/staging.ide-tech.com\/en\/#website\",\"url\":\"https:\/\/staging.ide-tech.com\/en\/\",\"name\":\"IDE Tech\",\"description\":\"Your Water Partner\",\"potentialAction\":[{\"@type\":\"SearchAction\",\"target\":{\"@type\":\"EntryPoint\",\"urlTemplate\":\"https:\/\/staging.ide-tech.com\/en\/?s={search_term_string}\"},\"query-input\":{\"@type\":\"PropertyValueSpecification\",\"valueRequired\":true,\"valueName\":\"search_term_string\"}}],\"inLanguage\":\"es\"}]}<\/script>\n<!-- \/ Yoast SEO plugin. -->","yoast_head_json":{"title":"Tecnolog\u00edas de tratamiento y eliminaci\u00f3n de PFAS | IDEM\u00e9todos y tecnolog\u00edas de eliminaci\u00f3n de PFAS | IDE Tech","description":"IDE Technologies ofrece soluciones avanzadas de eliminaci\u00f3n de PFAS y tratamiento de agua para municipios, lo que garantiza sistemas de agua limpios, conformes y sostenibles.","robots":{"index":"noindex","follow":"follow","max-snippet":"max-snippet:-1","max-image-preview":"max-image-preview:large","max-video-preview":"max-video-preview:-1"},"og_locale":"es_ES","og_type":"article","og_title":"Tecnolog\u00edas de tratamiento y eliminaci\u00f3n de PFAS | IDEM\u00e9todos y tecnolog\u00edas de eliminaci\u00f3n de PFAS | IDE Tech","og_description":"IDE Technologies ofrece soluciones avanzadas de eliminaci\u00f3n de PFAS y tratamiento de agua para municipios, lo que garantiza sistemas de agua limpios, conformes y sostenibles.","og_url":"https:\/\/staging.ide-tech.com\/es\/soluciones-de-agua\/reutilizacion-municipal\/metodos-y-tecnologias-de-eliminacion-de-pfas\/","og_site_name":"IDE Tech","article_modified_time":"2025-07-22T12:42:13+00:00","og_image":[{"width":2560,"height":1440,"url":"https:\/\/staging.ide-tech.com\/wp-content\/uploads\/2023\/05\/PFAS-stock-photo-perfluorohexanesulfonic-acid-molecular-structure-d-model-molecule-pfhxs-structural-chemical-2249451393-scaled.jpg","type":"image\/jpeg"}],"twitter_card":"summary_large_image","twitter_misc":{"Tiempo de lectura":"6 minutos"},"schema":{"@context":"https:\/\/schema.org","@graph":[{"@type":"WebPage","@id":"https:\/\/staging.ide-tech.com\/es\/soluciones-de-agua\/reutilizacion-municipal\/metodos-y-tecnologias-de-eliminacion-de-pfas\/","url":"https:\/\/staging.ide-tech.com\/es\/soluciones-de-agua\/reutilizacion-municipal\/metodos-y-tecnologias-de-eliminacion-de-pfas\/","name":"Tecnolog\u00edas de tratamiento y eliminaci\u00f3n de PFAS | IDEM\u00e9todos y tecnolog\u00edas de eliminaci\u00f3n de PFAS | IDE Tech","isPartOf":{"@id":"https:\/\/staging.ide-tech.com\/en\/#website"},"primaryImageOfPage":{"@id":"https:\/\/staging.ide-tech.com\/es\/soluciones-de-agua\/reutilizacion-municipal\/metodos-y-tecnologias-de-eliminacion-de-pfas\/#primaryimage"},"image":{"@id":"https:\/\/staging.ide-tech.com\/es\/soluciones-de-agua\/reutilizacion-municipal\/metodos-y-tecnologias-de-eliminacion-de-pfas\/#primaryimage"},"thumbnailUrl":"https:\/\/staging.ide-tech.com\/wp-content\/uploads\/2023\/05\/PFAS-stock-photo-perfluorohexanesulfonic-acid-molecular-structure-d-model-molecule-pfhxs-structural-chemical-2249451393-scaled.jpg","datePublished":"2023-05-11T12:47:05+00:00","dateModified":"2025-07-22T12:42:13+00:00","description":"IDE Technologies ofrece soluciones avanzadas de eliminaci\u00f3n de PFAS y tratamiento de agua para municipios, lo que garantiza sistemas de agua limpios, conformes y sostenibles.","breadcrumb":{"@id":"https:\/\/staging.ide-tech.com\/es\/soluciones-de-agua\/reutilizacion-municipal\/metodos-y-tecnologias-de-eliminacion-de-pfas\/#breadcrumb"},"inLanguage":"es","potentialAction":[{"@type":"ReadAction","target":["https:\/\/staging.ide-tech.com\/es\/soluciones-de-agua\/reutilizacion-municipal\/metodos-y-tecnologias-de-eliminacion-de-pfas\/"]}]},{"@type":"ImageObject","inLanguage":"es","@id":"https:\/\/staging.ide-tech.com\/es\/soluciones-de-agua\/reutilizacion-municipal\/metodos-y-tecnologias-de-eliminacion-de-pfas\/#primaryimage","url":"https:\/\/staging.ide-tech.com\/wp-content\/uploads\/2023\/05\/PFAS-stock-photo-perfluorohexanesulfonic-acid-molecular-structure-d-model-molecule-pfhxs-structural-chemical-2249451393-scaled.jpg","contentUrl":"https:\/\/staging.ide-tech.com\/wp-content\/uploads\/2023\/05\/PFAS-stock-photo-perfluorohexanesulfonic-acid-molecular-structure-d-model-molecule-pfhxs-structural-chemical-2249451393-scaled.jpg","width":2560,"height":1440,"caption":"IDE Technologies delivers advanced PFAS removal solutions using GAC, ion exchange, and RO, ensuring safe and effective municipal water treatment"},{"@type":"BreadcrumbList","@id":"https:\/\/staging.ide-tech.com\/es\/soluciones-de-agua\/reutilizacion-municipal\/metodos-y-tecnologias-de-eliminacion-de-pfas\/#breadcrumb","itemListElement":[{"@type":"ListItem","position":1,"name":"Home","item":"https:\/\/staging.ide-tech.com\/es\/hogar\/"},{"@type":"ListItem","position":2,"name":"Soluciones h\u00eddricas","item":"https:\/\/staging.ide-tech.com\/es\/soluciones-de-agua\/"},{"@type":"ListItem","position":3,"name":"Sistemas municipales de tratamiento de aguas","item":"https:\/\/staging.ide-tech.com\/es\/soluciones-de-agua\/reutilizacion-municipal\/"},{"@type":"ListItem","position":4,"name":"M\u00e9todos y tecnolog\u00edas de eliminaci\u00f3n de PFAS"}]},{"@type":"WebSite","@id":"https:\/\/staging.ide-tech.com\/en\/#website","url":"https:\/\/staging.ide-tech.com\/en\/","name":"IDE Tech","description":"Your Water Partner","potentialAction":[{"@type":"SearchAction","target":{"@type":"EntryPoint","urlTemplate":"https:\/\/staging.ide-tech.com\/en\/?s={search_term_string}"},"query-input":{"@type":"PropertyValueSpecification","valueRequired":true,"valueName":"search_term_string"}}],"inLanguage":"es"}]}},"_links":{"self":[{"href":"https:\/\/staging.ide-tech.com\/es\/wp-json\/wp\/v2\/pages\/8565","targetHints":{"allow":["GET"]}}],"collection":[{"href":"https:\/\/staging.ide-tech.com\/es\/wp-json\/wp\/v2\/pages"}],"about":[{"href":"https:\/\/staging.ide-tech.com\/es\/wp-json\/wp\/v2\/types\/page"}],"author":[{"embeddable":true,"href":"https:\/\/staging.ide-tech.com\/es\/wp-json\/wp\/v2\/users\/4"}],"replies":[{"embeddable":true,"href":"https:\/\/staging.ide-tech.com\/es\/wp-json\/wp\/v2\/comments?post=8565"}],"version-history":[{"count":3,"href":"https:\/\/staging.ide-tech.com\/es\/wp-json\/wp\/v2\/pages\/8565\/revisions"}],"predecessor-version":[{"id":10276,"href":"https:\/\/staging.ide-tech.com\/es\/wp-json\/wp\/v2\/pages\/8565\/revisions\/10276"}],"up":[{"embeddable":true,"href":"https:\/\/staging.ide-tech.com\/es\/wp-json\/wp\/v2\/pages\/3089"}],"wp:featuredmedia":[{"embeddable":true,"href":"https:\/\/staging.ide-tech.com\/es\/wp-json\/wp\/v2\/media\/7541"}],"wp:attachment":[{"href":"https:\/\/staging.ide-tech.com\/es\/wp-json\/wp\/v2\/media?parent=8565"}],"curies":[{"name":"wp","href":"https:\/\/api.w.org\/{rel}","templated":true}]}}