{"id":8563,"date":"2023-03-01T12:42:51","date_gmt":"2023-03-01T12:42:51","guid":{"rendered":"https:\/\/staging.ide-tech.com\/soluciones-de-agua\/reutilizacion-municipal\/reutilizacion-de-aguas-residuales-municipales\/"},"modified":"2025-07-22T12:42:14","modified_gmt":"2025-07-22T12:42:14","slug":"reutilizacion-de-aguas-residuales-municipales","status":"publish","type":"page","link":"https:\/\/staging.ide-tech.com\/es\/soluciones-de-agua\/reutilizacion-municipal\/reutilizacion-de-aguas-residuales-municipales\/","title":{"rendered":"Reutilizaci\u00f3n de aguas residuales municipales"},"content":{"rendered":"<p><img loading=\"lazy\" decoding=\"async\" class=\"wp-image-5415 aligncenter\" src=\"https:\/\/staging.ide-tech.com\/wp-content\/uploads\/2023\/01\/turquoise-wave.svg\" alt=\"\" width=\"164\" height=\"35\" \/><\/p>\n<p><span style=\"font-weight: 400;\">El tratamiento de las aguas residuales municipales implica un tratamiento preliminar, primario y secundario. En algunos casos, el tratamiento\u00a0 avanzado\u00a0 es\u00a0 necesario\u00a0 para fines de reutilizaci\u00f3n potable,\u00a0 ya sea DPI o DPR.<\/span><\/p>\n<h2><strong>FAT (tratamiento totalmente avanzado)<\/strong><\/h2>\n<p><span style=\"font-weight: 400;\">El FAT es la configuraci\u00f3n de dise\u00f1o com\u00fan para las instalaciones municipales de reutilizaci\u00f3n potable de aguas residuales que incorpora el tratamiento de 3 barreras<\/span><\/p>\n<p>. Este tratamiento, habitual en Estados Unidos, utiliza un paso adicional de tratamiento al TTRO e incluye tres etapas: UF\/MF, RO multietapa est\u00e1ndar y UV\/AOP. La AOP UV, el proceso de utilizar luz ultravioleta con un oxidante para descomponer los contaminantes ambientales del agua, es una parte esencial del esquema de tratamiento de reutilizaci\u00f3n potable.<\/p>\n<p><strong><br \/>\nIDE ofrece estas dos soluciones FAT:<\/strong><\/p>\n<p><strong>FAT con OI<\/strong><\/p>\n<p><span style=\"font-weight: 400;\"><img loading=\"lazy\" decoding=\"async\" class=\"wp-image-5427 alignleft\" src=\"https:\/\/staging.ide-tech.com\/wp-content\/uploads\/2023\/01\/bullet-circle-wave.svg\" alt=\"\" width=\"29\" height=\"22\" \/>Una OI tradicional modular de tres etapas con tasas de recuperaci\u00f3n est\u00e1ndar.<\/span><\/p>\n<p>&nbsp;<\/p>\n<p><strong>FAT con PFRO<\/strong><strong>\u00a0que ofrece:<\/strong><\/p>\n<p><img loading=\"lazy\" decoding=\"async\" class=\"wp-image-5427 alignleft\" src=\"https:\/\/staging.ide-tech.com\/wp-content\/uploads\/2023\/01\/bullet-circle-wave.svg\" alt=\"\" width=\"29\" height=\"22\" \/>Alta tasa de recuperaci\u00f3n y soluci\u00f3n de alto flujo<\/p>\n<p><img loading=\"lazy\" decoding=\"async\" class=\"wp-image-5427 alignleft\" src=\"https:\/\/staging.ide-tech.com\/wp-content\/uploads\/2023\/01\/bullet-circle-wave.svg\" alt=\"\" width=\"29\" height=\"22\" \/>Alta resistencia a las incrustaciones y a las bioincrustaciones<\/p>\n<p><img loading=\"lazy\" decoding=\"async\" class=\"wp-image-5427 alignleft\" src=\"https:\/\/staging.ide-tech.com\/wp-content\/uploads\/2023\/01\/bullet-circle-wave.svg\" alt=\"\" width=\"29\" height=\"22\" \/>Limpieza en funcionamiento y reciclado del agua de lavado qu\u00edmico<\/p>\n<p><img loading=\"lazy\" decoding=\"async\" class=\"wp-image-5427 alignleft\" src=\"https:\/\/staging.ide-tech.com\/wp-content\/uploads\/2023\/01\/bullet-circle-wave.svg\" alt=\"\" width=\"29\" height=\"22\" \/>Alta disponibilidad<\/p>\n<p><img loading=\"lazy\" decoding=\"async\" class=\"wp-image-5427 alignleft\" src=\"https:\/\/staging.ide-tech.com\/wp-content\/uploads\/2023\/01\/bullet-circle-wave.svg\" alt=\"\" width=\"29\" height=\"22\" \/>Sin cloramina<\/p>\n<p><img loading=\"lazy\" decoding=\"async\" class=\"wp-image-5427 alignleft\" src=\"https:\/\/staging.ide-tech.com\/wp-content\/uploads\/2023\/01\/bullet-circle-wave.svg\" alt=\"\" width=\"29\" height=\"22\" \/>Dise\u00f1o simplificado de una sola etapa que ocupa poco espacio<\/p>\n<p>&nbsp;<\/p>\n<p>&nbsp;<\/p>\n<p><img loading=\"lazy\" decoding=\"async\" class=\"\" src=\"https:\/\/staging.ide-tech.com\/wp-content\/uploads\/2023\/01\/light-blue-wave.svg\" width=\"115\" height=\"25\" \/><\/p>\n<p>&nbsp;<\/p>\n<h2><strong>PFRO (\u00f3smosis inversa de flujo pulsado)<\/strong><\/h2>\n<p>&nbsp;<\/p>\n<p><span style=\"font-weight: 400;\">La \u00f3smosis inversa convencional funciona en condiciones hidr\u00e1ulicas y osm\u00f3ticas estables, lo que aumenta la tendencia a la formaci\u00f3n de incrustaciones y suciedad. Adem\u00e1s, estas condiciones estables permiten que los microorganismos prosperen en las membranas de \u00f3smosis inversa y formen bioincrustaciones. La tecnolog\u00eda patentada de \u00f3smosis inversa de flujo pulsado (PFRO) de IDE Technologies utiliza t\u00e9cnicas mec\u00e1nicas y qu\u00edmicas para resolver estos problemas habituales de la \u00f3smosis inversa. Lo hace cambiando constantemente el r\u00e9gimen de flujo y la presi\u00f3n osm\u00f3tica e hidr\u00e1ulica. Como resultado, el sistema PFRO permite aumentar la tasa de recuperaci\u00f3n de agua sin aumentar las limpiezas o sustituciones de membranas.<\/span><\/p>\n<p>&nbsp;<\/p>\n<h2><strong>\u00bfC\u00f3mo funciona?<\/strong><\/h2>\n<p><span style=\"font-weight: 400;\">Cada ciclo de PFRO incluye dos modos: producci\u00f3n y lavado. Durante el modo de producci\u00f3n, la v\u00e1lvula de salmuera est\u00e1 cerrada y no hay descarga de salmuera, lo que significa que el 100 % del flujo de alimentaci\u00f3n pasa al lado del permeado. Durante el modo de lavado, la v\u00e1lvula de salmuera se abre durante un breve periodo de tiempo, lo que permite que la salmuera se descargue a gran velocidad. Esto crea pulsos cortos y r\u00e1pidos con una gran fuerza de cizallamiento que ayuda a mantener las membranas libres de incrustaciones.<\/span><\/p>\n<p>&nbsp;<\/p>\n<h2><strong>\u00bfEl resultado?<\/strong><\/h2>\n<p><span style=\"font-weight: 400;\">La PFRO simplifica el dise\u00f1o de la \u00f3smosis inversa utilizando una configuraci\u00f3n de una sola etapa para una reutilizaci\u00f3n potable municipal de alta recuperaci\u00f3n de hasta el 90 %, al tiempo que supera los retos de la incrustaci\u00f3n y la bioincrustaci\u00f3n sin utilizar cloraminas, lo que supone un ahorro de CAPEX de hasta el 20 %.\u00a0<\/span><\/p>\n<p><span style=\"font-weight: 400;\">La configuraci\u00f3n FAT habitual para la reutilizaci\u00f3n potable\u00a0 suele incluir una dosis de cloramina, que ayuda a controlar la bioincrustaci\u00f3n de las membranas, pero tambi\u00e9n puede generar subproductos de la desinfecci\u00f3n como el NDMA, un peligroso contaminante org\u00e1nico y presunto carcin\u00f3geno. El PFRO elimin\u00f3 la necesidad de utilizar cloramina,\u00a0 garantizando as\u00ed un proceso m\u00e1s seguro.<\/span><\/p>\n<p>&nbsp;<\/p>\n<h2><strong>Ventajas tecnol\u00f3gicas de la PFRO de IDE<\/strong><\/h2>\n<p>&nbsp;<\/p>\n<p><img loading=\"lazy\" decoding=\"async\" class=\"wp-image-5427 alignleft\" src=\"https:\/\/staging.ide-tech.com\/wp-content\/uploads\/2023\/01\/bullet-circle-wave.svg\" alt=\"\" width=\"29\" height=\"22\" \/><b>ALTAS TASAS DE RECUPERACI\u00d3N <\/b><span style=\"font-weight: 400;\">&#8211; Recuperaci\u00f3n del 90 % y superior.<\/span><\/p>\n<p><img loading=\"lazy\" decoding=\"async\" class=\"wp-image-5427 alignleft\" src=\"https:\/\/staging.ide-tech.com\/wp-content\/uploads\/2023\/01\/bullet-circle-wave.svg\" alt=\"\" width=\"29\" height=\"22\" \/><b>DISE\u00d1O Y MANTENIMIENTO SENCILLOS<\/b><span style=\"font-weight: 400;\"> &#8211; Dise\u00f1o de una sola etapa, menos tuber\u00edas, sin impulsores interestatales.<\/span><\/p>\n<p><img loading=\"lazy\" decoding=\"async\" class=\"wp-image-5427 alignleft\" src=\"https:\/\/staging.ide-tech.com\/wp-content\/uploads\/2023\/01\/bullet-circle-wave.svg\" alt=\"\" width=\"29\" height=\"22\" \/><b>REDUCCI\u00d3N DE LAS INCREMENTOS DE ESCALAS Y DE LA CONTAMINACI\u00d3N BIOL\u00d3GICA Y AUMENTO DE LA DISPONIBILIDAD<\/b><span style=\"font-weight: 400;\"> &#8211; al aplicar el concepto \u00fanico CIO (limpio en funcionamiento) de PFRO, las membranas se mantienen limpias y la frecuencia de CIP disminuye significativamente.<\/span><\/p>\n<p><img loading=\"lazy\" decoding=\"async\" class=\"wp-image-5427 alignleft\" src=\"https:\/\/staging.ide-tech.com\/wp-content\/uploads\/2023\/01\/bullet-circle-wave.svg\" alt=\"\" width=\"29\" height=\"22\" \/><b>M\u00c1S SEGURO<\/b><span style=\"font-weight: 400;\">\u00a0 &#8211; Sin cloramina, sin formaci\u00f3n de subproductos de desinfecci\u00f3n nocivos.<\/span><\/p>\n<p><img loading=\"lazy\" decoding=\"async\" class=\"wp-image-5427 alignleft\" src=\"https:\/\/staging.ide-tech.com\/wp-content\/uploads\/2023\/01\/bullet-circle-wave.svg\" alt=\"\" width=\"29\" height=\"22\" \/><b>COSTE EFICIENTE<\/b><span style=\"font-weight: 400;\"> &#8211; Se optimiza el CAPEX (13) gracias al funcionamiento de la \u00f3smosis inversa con mayor flujo y al dise\u00f1o simplificado de una etapa.<\/span><\/p>\n<p>&nbsp;<\/p>\n<h2><strong>\u00a0<\/strong><\/h2>\n<h3><img loading=\"lazy\" decoding=\"async\" class=\"wp-image-5413\" src=\"https:\/\/staging.ide-tech.com\/wp-content\/uploads\/2023\/01\/light-blue-wave.svg\" alt=\"\" width=\"104\" height=\"17\" \/><\/h3>\n<h2><\/h2>\n<h2><strong>TTRO (\u00f3smosis inversa de tratamiento terciario)<\/strong><\/h2>\n<p><span style=\"font-weight: 400;\">La \u00f3smosis inversa de tratamiento terciario se refiere al proceso de utilizar la tecnolog\u00eda de \u00f3smosis inversa (OI) despu\u00e9s de la etapa de tratamiento terciario del tratamiento de aguas residuales.<\/span><\/p>\n<p><span style=\"font-weight: 400;\">El tratamiento terciario es la etapa final del tratamiento de las aguas residuales, tras el tratamiento primario y secundario. Su objetivo principal es eliminar del agua cualquier contaminante persistente que no se haya eliminado en las etapas anteriores, antes de verterla al medio ambiente o reutilizarla.\u00a0<\/span><\/p>\n<p><span style=\"font-weight: 400;\">El tratamiento terciario suele implicar procesos de tratamiento avanzados, como filtraci\u00f3n, desinfecci\u00f3n, filtraci\u00f3n por membrana, \u00f3smosis inversa, adsorci\u00f3n por carb\u00f3n activado y precipitaci\u00f3n qu\u00edmica. Estos procesos eliminan del agua cualquier resto de s\u00f3lidos en suspensi\u00f3n, materia org\u00e1nica, nutrientes y agentes pat\u00f3genos.<\/span><\/p>\n<p><span style=\"font-weight: 400;\">El tratamiento terciario mediante tecnolog\u00eda de \u00f3smosis inversa se ha hecho cada vez m\u00e1s popular como m\u00e9todo para producir agua tratada de alta calidad para su reutilizaci\u00f3n. Puede eliminar eficazmente una amplia gama de contaminantes del agua, como pat\u00f3genos, metales pesados y contaminantes org\u00e1nicos. La tecnolog\u00eda de \u00f3smosis inversa tambi\u00e9n es conocida por su eficacia y bajo consumo de energ\u00eda, lo que la convierte en una opci\u00f3n rentable para producir agua de alta calidad.<\/span><\/p>\n<p>&nbsp;<\/p>\n<p><span style=\"font-weight: 400;\">El tratamiento terciario es una parte importante del tratamiento municipal de aguas residuales, ya que ayuda a proteger la salud p\u00fablica y el medio ambiente, garantizando que el agua tratada sea segura y est\u00e9 libre de contaminantes.<\/span><\/p>\n<p>&nbsp;<\/p>\n<p>&nbsp;<\/p>\n<p>&nbsp;<\/p>\n<p>&nbsp;<\/p>\n<p>&nbsp;<\/p>\n<p>&nbsp;<\/p>\n","protected":false},"excerpt":{"rendered":"<p>El tratamiento de las aguas residuales municipales implica un tratamiento preliminar, primario y secundario. En algunos casos, el tratamiento\u00a0 avanzado\u00a0 es\u00a0 necesario\u00a0 para fines de reutilizaci\u00f3n potable,\u00a0 ya sea DPI o DPR. FAT (tratamiento totalmente avanzado) El FAT es la configuraci\u00f3n de dise\u00f1o com\u00fan para las instalaciones municipales de reutilizaci\u00f3n potable de aguas residuales que [&hellip;]<\/p>\n","protected":false},"author":4,"featured_media":5025,"parent":3089,"menu_order":92,"comment_status":"closed","ping_status":"closed","template":"page-Industriesinner.php","meta":{"_acf_changed":false,"inline_featured_image":false,"footnotes":""},"class_list":["post-8563","page","type-page","status-publish","has-post-thumbnail","hentry"],"acf":[],"yoast_head":"<!-- This site is optimized with the Yoast SEO plugin v27.0 - https:\/\/yoast.com\/product\/yoast-seo-wordpress\/ -->\n<title>Tratamiento y reutilizaci\u00f3n de aguas residuales municipales | IDE<\/title>\n<meta name=\"description\" content=\"Mejore el tratamiento de aguas residuales municipales con la tecnolog\u00eda de \u00f3smosis inversa de flujo pulsado de IDE, que ofrece soluciones energ\u00e9ticamente eficientes y de alta recuperaci\u00f3n para la reutilizaci\u00f3n inteligente del agua.\" \/>\n<meta name=\"robots\" content=\"noindex, follow, max-snippet:-1, max-image-preview:large, max-video-preview:-1\" \/>\n<meta property=\"og:locale\" content=\"es_ES\" \/>\n<meta property=\"og:type\" content=\"article\" \/>\n<meta property=\"og:title\" content=\"Tratamiento y reutilizaci\u00f3n de aguas residuales municipales | IDE\" \/>\n<meta property=\"og:description\" content=\"Mejore el tratamiento de aguas residuales municipales con la tecnolog\u00eda de \u00f3smosis inversa de flujo pulsado de IDE, que ofrece soluciones energ\u00e9ticamente eficientes y de alta recuperaci\u00f3n para la reutilizaci\u00f3n inteligente del agua.\" \/>\n<meta property=\"og:url\" content=\"https:\/\/staging.ide-tech.com\/es\/soluciones-de-agua\/reutilizacion-municipal\/reutilizacion-de-aguas-residuales-municipales\/\" \/>\n<meta property=\"og:site_name\" content=\"IDE Tech\" \/>\n<meta property=\"article:modified_time\" content=\"2025-07-22T12:42:14+00:00\" \/>\n<meta property=\"og:image\" content=\"https:\/\/staging.ide-tech.com\/wp-content\/uploads\/2022\/12\/335x441-pfro-solutions.png\" \/>\n\t<meta property=\"og:image:width\" content=\"335\" \/>\n\t<meta property=\"og:image:height\" content=\"441\" \/>\n\t<meta property=\"og:image:type\" content=\"image\/png\" \/>\n<meta name=\"twitter:card\" content=\"summary_large_image\" \/>\n<meta name=\"twitter:label1\" content=\"Tiempo de lectura\" \/>\n\t<meta name=\"twitter:data1\" content=\"7 minutos\" \/>\n<script type=\"application\/ld+json\" class=\"yoast-schema-graph\">{\"@context\":\"https:\/\/schema.org\",\"@graph\":[{\"@type\":\"WebPage\",\"@id\":\"https:\/\/staging.ide-tech.com\/es\/soluciones-de-agua\/reutilizacion-municipal\/reutilizacion-de-aguas-residuales-municipales\/\",\"url\":\"https:\/\/staging.ide-tech.com\/es\/soluciones-de-agua\/reutilizacion-municipal\/reutilizacion-de-aguas-residuales-municipales\/\",\"name\":\"Tratamiento y reutilizaci\u00f3n de aguas residuales municipales | IDE\",\"isPartOf\":{\"@id\":\"https:\/\/staging.ide-tech.com\/en\/#website\"},\"primaryImageOfPage\":{\"@id\":\"https:\/\/staging.ide-tech.com\/es\/soluciones-de-agua\/reutilizacion-municipal\/reutilizacion-de-aguas-residuales-municipales\/#primaryimage\"},\"image\":{\"@id\":\"https:\/\/staging.ide-tech.com\/es\/soluciones-de-agua\/reutilizacion-municipal\/reutilizacion-de-aguas-residuales-municipales\/#primaryimage\"},\"thumbnailUrl\":\"https:\/\/staging.ide-tech.com\/wp-content\/uploads\/2022\/12\/335x441-pfro-solutions.png\",\"datePublished\":\"2023-03-01T12:42:51+00:00\",\"dateModified\":\"2025-07-22T12:42:14+00:00\",\"description\":\"Mejore el tratamiento de aguas residuales municipales con la tecnolog\u00eda de \u00f3smosis inversa de flujo pulsado de IDE, que ofrece soluciones energ\u00e9ticamente eficientes y de alta recuperaci\u00f3n para la reutilizaci\u00f3n inteligente del agua.\",\"breadcrumb\":{\"@id\":\"https:\/\/staging.ide-tech.com\/es\/soluciones-de-agua\/reutilizacion-municipal\/reutilizacion-de-aguas-residuales-municipales\/#breadcrumb\"},\"inLanguage\":\"es\",\"potentialAction\":[{\"@type\":\"ReadAction\",\"target\":[\"https:\/\/staging.ide-tech.com\/es\/soluciones-de-agua\/reutilizacion-municipal\/reutilizacion-de-aguas-residuales-municipales\/\"]}]},{\"@type\":\"ImageObject\",\"inLanguage\":\"es\",\"@id\":\"https:\/\/staging.ide-tech.com\/es\/soluciones-de-agua\/reutilizacion-municipal\/reutilizacion-de-aguas-residuales-municipales\/#primaryimage\",\"url\":\"https:\/\/staging.ide-tech.com\/wp-content\/uploads\/2022\/12\/335x441-pfro-solutions.png\",\"contentUrl\":\"https:\/\/staging.ide-tech.com\/wp-content\/uploads\/2022\/12\/335x441-pfro-solutions.png\",\"width\":335,\"height\":441,\"caption\":\"municipal water treatment solutions for well and surface water\"},{\"@type\":\"BreadcrumbList\",\"@id\":\"https:\/\/staging.ide-tech.com\/es\/soluciones-de-agua\/reutilizacion-municipal\/reutilizacion-de-aguas-residuales-municipales\/#breadcrumb\",\"itemListElement\":[{\"@type\":\"ListItem\",\"position\":1,\"name\":\"Home\",\"item\":\"https:\/\/staging.ide-tech.com\/es\/hogar\/\"},{\"@type\":\"ListItem\",\"position\":2,\"name\":\"Soluciones h\u00eddricas\",\"item\":\"https:\/\/staging.ide-tech.com\/es\/soluciones-de-agua\/\"},{\"@type\":\"ListItem\",\"position\":3,\"name\":\"Sistemas municipales de tratamiento de aguas\",\"item\":\"https:\/\/staging.ide-tech.com\/es\/soluciones-de-agua\/reutilizacion-municipal\/\"},{\"@type\":\"ListItem\",\"position\":4,\"name\":\"Reutilizaci\u00f3n de aguas residuales municipales\"}]},{\"@type\":\"WebSite\",\"@id\":\"https:\/\/staging.ide-tech.com\/en\/#website\",\"url\":\"https:\/\/staging.ide-tech.com\/en\/\",\"name\":\"IDE Tech\",\"description\":\"Your Water Partner\",\"potentialAction\":[{\"@type\":\"SearchAction\",\"target\":{\"@type\":\"EntryPoint\",\"urlTemplate\":\"https:\/\/staging.ide-tech.com\/en\/?s={search_term_string}\"},\"query-input\":{\"@type\":\"PropertyValueSpecification\",\"valueRequired\":true,\"valueName\":\"search_term_string\"}}],\"inLanguage\":\"es\"}]}<\/script>\n<!-- \/ Yoast SEO plugin. -->","yoast_head_json":{"title":"Tratamiento y reutilizaci\u00f3n de aguas residuales municipales | IDE","description":"Mejore el tratamiento de aguas residuales municipales con la tecnolog\u00eda de \u00f3smosis inversa de flujo pulsado de IDE, que ofrece soluciones energ\u00e9ticamente eficientes y de alta recuperaci\u00f3n para la reutilizaci\u00f3n inteligente del agua.","robots":{"index":"noindex","follow":"follow","max-snippet":"max-snippet:-1","max-image-preview":"max-image-preview:large","max-video-preview":"max-video-preview:-1"},"og_locale":"es_ES","og_type":"article","og_title":"Tratamiento y reutilizaci\u00f3n de aguas residuales municipales | IDE","og_description":"Mejore el tratamiento de aguas residuales municipales con la tecnolog\u00eda de \u00f3smosis inversa de flujo pulsado de IDE, que ofrece soluciones energ\u00e9ticamente eficientes y de alta recuperaci\u00f3n para la reutilizaci\u00f3n inteligente del agua.","og_url":"https:\/\/staging.ide-tech.com\/es\/soluciones-de-agua\/reutilizacion-municipal\/reutilizacion-de-aguas-residuales-municipales\/","og_site_name":"IDE Tech","article_modified_time":"2025-07-22T12:42:14+00:00","og_image":[{"width":335,"height":441,"url":"https:\/\/staging.ide-tech.com\/wp-content\/uploads\/2022\/12\/335x441-pfro-solutions.png","type":"image\/png"}],"twitter_card":"summary_large_image","twitter_misc":{"Tiempo de lectura":"7 minutos"},"schema":{"@context":"https:\/\/schema.org","@graph":[{"@type":"WebPage","@id":"https:\/\/staging.ide-tech.com\/es\/soluciones-de-agua\/reutilizacion-municipal\/reutilizacion-de-aguas-residuales-municipales\/","url":"https:\/\/staging.ide-tech.com\/es\/soluciones-de-agua\/reutilizacion-municipal\/reutilizacion-de-aguas-residuales-municipales\/","name":"Tratamiento y reutilizaci\u00f3n de aguas residuales municipales | IDE","isPartOf":{"@id":"https:\/\/staging.ide-tech.com\/en\/#website"},"primaryImageOfPage":{"@id":"https:\/\/staging.ide-tech.com\/es\/soluciones-de-agua\/reutilizacion-municipal\/reutilizacion-de-aguas-residuales-municipales\/#primaryimage"},"image":{"@id":"https:\/\/staging.ide-tech.com\/es\/soluciones-de-agua\/reutilizacion-municipal\/reutilizacion-de-aguas-residuales-municipales\/#primaryimage"},"thumbnailUrl":"https:\/\/staging.ide-tech.com\/wp-content\/uploads\/2022\/12\/335x441-pfro-solutions.png","datePublished":"2023-03-01T12:42:51+00:00","dateModified":"2025-07-22T12:42:14+00:00","description":"Mejore el tratamiento de aguas residuales municipales con la tecnolog\u00eda de \u00f3smosis inversa de flujo pulsado de IDE, que ofrece soluciones energ\u00e9ticamente eficientes y de alta recuperaci\u00f3n para la reutilizaci\u00f3n inteligente del agua.","breadcrumb":{"@id":"https:\/\/staging.ide-tech.com\/es\/soluciones-de-agua\/reutilizacion-municipal\/reutilizacion-de-aguas-residuales-municipales\/#breadcrumb"},"inLanguage":"es","potentialAction":[{"@type":"ReadAction","target":["https:\/\/staging.ide-tech.com\/es\/soluciones-de-agua\/reutilizacion-municipal\/reutilizacion-de-aguas-residuales-municipales\/"]}]},{"@type":"ImageObject","inLanguage":"es","@id":"https:\/\/staging.ide-tech.com\/es\/soluciones-de-agua\/reutilizacion-municipal\/reutilizacion-de-aguas-residuales-municipales\/#primaryimage","url":"https:\/\/staging.ide-tech.com\/wp-content\/uploads\/2022\/12\/335x441-pfro-solutions.png","contentUrl":"https:\/\/staging.ide-tech.com\/wp-content\/uploads\/2022\/12\/335x441-pfro-solutions.png","width":335,"height":441,"caption":"municipal water treatment solutions for well and surface water"},{"@type":"BreadcrumbList","@id":"https:\/\/staging.ide-tech.com\/es\/soluciones-de-agua\/reutilizacion-municipal\/reutilizacion-de-aguas-residuales-municipales\/#breadcrumb","itemListElement":[{"@type":"ListItem","position":1,"name":"Home","item":"https:\/\/staging.ide-tech.com\/es\/hogar\/"},{"@type":"ListItem","position":2,"name":"Soluciones h\u00eddricas","item":"https:\/\/staging.ide-tech.com\/es\/soluciones-de-agua\/"},{"@type":"ListItem","position":3,"name":"Sistemas municipales de tratamiento de aguas","item":"https:\/\/staging.ide-tech.com\/es\/soluciones-de-agua\/reutilizacion-municipal\/"},{"@type":"ListItem","position":4,"name":"Reutilizaci\u00f3n de aguas residuales municipales"}]},{"@type":"WebSite","@id":"https:\/\/staging.ide-tech.com\/en\/#website","url":"https:\/\/staging.ide-tech.com\/en\/","name":"IDE Tech","description":"Your Water Partner","potentialAction":[{"@type":"SearchAction","target":{"@type":"EntryPoint","urlTemplate":"https:\/\/staging.ide-tech.com\/en\/?s={search_term_string}"},"query-input":{"@type":"PropertyValueSpecification","valueRequired":true,"valueName":"search_term_string"}}],"inLanguage":"es"}]}},"_links":{"self":[{"href":"https:\/\/staging.ide-tech.com\/es\/wp-json\/wp\/v2\/pages\/8563","targetHints":{"allow":["GET"]}}],"collection":[{"href":"https:\/\/staging.ide-tech.com\/es\/wp-json\/wp\/v2\/pages"}],"about":[{"href":"https:\/\/staging.ide-tech.com\/es\/wp-json\/wp\/v2\/types\/page"}],"author":[{"embeddable":true,"href":"https:\/\/staging.ide-tech.com\/es\/wp-json\/wp\/v2\/users\/4"}],"replies":[{"embeddable":true,"href":"https:\/\/staging.ide-tech.com\/es\/wp-json\/wp\/v2\/comments?post=8563"}],"version-history":[{"count":5,"href":"https:\/\/staging.ide-tech.com\/es\/wp-json\/wp\/v2\/pages\/8563\/revisions"}],"predecessor-version":[{"id":10282,"href":"https:\/\/staging.ide-tech.com\/es\/wp-json\/wp\/v2\/pages\/8563\/revisions\/10282"}],"up":[{"embeddable":true,"href":"https:\/\/staging.ide-tech.com\/es\/wp-json\/wp\/v2\/pages\/3089"}],"wp:featuredmedia":[{"embeddable":true,"href":"https:\/\/staging.ide-tech.com\/es\/wp-json\/wp\/v2\/media\/5025"}],"wp:attachment":[{"href":"https:\/\/staging.ide-tech.com\/es\/wp-json\/wp\/v2\/media?parent=8563"}],"curies":[{"name":"wp","href":"https:\/\/api.w.org\/{rel}","templated":true}]}}