{"id":8346,"date":"2023-03-01T12:38:44","date_gmt":"2023-03-01T12:38:44","guid":{"rendered":"https:\/\/staging.ide-tech.com\/soluciones-de-agua\/desalacion-de-agua-de-mar\/diseno-prefabricado\/"},"modified":"2025-07-24T12:23:40","modified_gmt":"2025-07-24T12:23:40","slug":"diseno-prefabricado","status":"publish","type":"page","link":"https:\/\/staging.ide-tech.com\/es\/soluciones-de-agua\/desalacion-de-agua-de-mar\/diseno-prefabricado\/","title":{"rendered":"Dise\u00f1o prefabricado"},"content":{"rendered":"<p><img loading=\"lazy\" decoding=\"async\" class=\"wp-image-5415 aligncenter\" src=\"https:\/\/staging.ide-tech.com\/wp-content\/uploads\/2023\/01\/turquoise-wave.svg\" alt=\"\" width=\"50\" height=\"11\" \/><\/p>\n<h2><\/h2>\n<p><span style=\"font-weight: 400;\">El MPD\u00a0 es una filosof\u00eda de dise\u00f1o y fabricaci\u00f3n que maximiza la capacidad de adaptar cada soluci\u00f3n a las necesidades del cliente. El MPD est\u00e1 disponible en una gama de tama\u00f1os que pueden producir una capacidad total de producto de tan s\u00f3lo 1000 m3\/d\u00eda y hasta 32 000 m3\/d\u00eda de sistemas completos de \u00f3smosis inversa, equipados con pretratamiento integrado y el propio m\u00f3dulo de \u00f3smosis inversa.<\/span><\/p>\n<p>&nbsp;<\/p>\n<p><img loading=\"lazy\" decoding=\"async\" class=\"wp-image-5788 aligncenter\" src=\"https:\/\/staging.ide-tech.com\/wp-content\/uploads\/2023\/01\/Bonaire-about-300x212.png\" alt=\"\" width=\"434\" height=\"307\" srcset=\"https:\/\/staging.ide-tech.com\/wp-content\/uploads\/2023\/01\/Bonaire-about-300x212.png 300w, https:\/\/staging.ide-tech.com\/wp-content\/uploads\/2023\/01\/Bonaire-about-768x543.png 768w, https:\/\/staging.ide-tech.com\/wp-content\/uploads\/2023\/01\/Bonaire-about.png 797w\" sizes=\"auto, (max-width: 434px) 100vw, 434px\" \/><\/p>\n<p style=\"text-align: center;\"><em>Desaladora de Bonaire<\/em><\/p>\n<p>&nbsp;<\/p>\n<p><span style=\"font-weight: 400;\">Esta soluci\u00f3n econ\u00f3mica para construir desaladoras reduce significativamente el tiempo de instalaci\u00f3n hasta un 70 % y ofrece un considerable ahorro de CAPEX. El dise\u00f1o incluye m\u00f3dulos altamente predise\u00f1ados y premontados, que minimizan el costoso tiempo de instalaci\u00f3n in situ.\u00a0<\/span><\/p>\n<p>&nbsp;<\/p>\n<p><span style=\"font-weight: 400;\">Para conseguirlo, la fabricaci\u00f3n de los patines met\u00e1licos, la prefabricaci\u00f3n a medida de las tuber\u00edas, as\u00ed como el montaje de los equipos y las tuber\u00edas se realiza en un taller controlado. Este proceso de prefabricaci\u00f3n garantiza un alto nivel de calidad y fiabilidad del sistema.<\/span><\/p>\n<p><span style=\"font-weight: 400;\">El dise\u00f1o modular permite el montaje plug-and-play (enchufar y activar) del sistema, y cada m\u00f3dulo grande consta de 12 patines, que pueden producir hasta 32 000 m3\/d\u00eda. El n\u00famero de patines puede personalizarse seg\u00fan las necesidades del cliente, y cualquier planta puede ampliarse f\u00e1cilmente para satisfacer futuros requisitos.<\/span><\/p>\n<p>&nbsp;<\/p>\n<p><span style=\"font-weight: 400;\">Los patines tienen el tama\u00f1o exacto de un contenedor de 40 pies, lo que permite un transporte r\u00e1pido y econ\u00f3mico a la desaladora y reduce el tiempo de instalaci\u00f3n. Adem\u00e1s, se puede incluir en el dise\u00f1o un sistema de recuperaci\u00f3n de energ\u00eda montado en el pat\u00edn, lo que hace que el sistema sea muy eficiente desde el punto de vista energ\u00e9tico.<\/span><\/p>\n<p><iframe loading=\"lazy\" title=\"IDE&#039;s prefabricated  modular design approach for desalination plants\" width=\"500\" height=\"281\" src=\"https:\/\/www.youtube.com\/embed\/R55eIolKMY8?feature=oembed\" frameborder=\"0\" allow=\"accelerometer; autoplay; clipboard-write; encrypted-media; gyroscope; picture-in-picture; web-share\" referrerpolicy=\"strict-origin-when-cross-origin\" allowfullscreen><\/iframe><\/p>\n<p>&nbsp;<\/p>\n<h2><strong>Algunas de nuestras plantas de \u00f3smosis inversa de dise\u00f1o modular prefabricado:<\/strong><\/h2>\n<p><a href=\"https:\/\/staging.ide-tech.com\/es\/project\/desalinizadora-de-la-isla-de-jurong-singapur\/\"><span style=\"font-weight: 400;\">Desaladora de Jurong Island, Singapur<\/span><\/a><\/p>\n<p><a href=\"https:\/\/staging.ide-tech.com\/en\/project\/bonaire-desalination-plant\/\">WEB Bonaire, Isla de Bonaire<\/a><\/p>\n<p><a href=\"https:\/\/staging.ide-tech.com\/es\/project\/planta-de-fase-2-quebrada-blanca-qb2-chile\/\"><span style=\"font-weight: 400;\">Quebrada Blanca, Chile<\/span><\/a><\/p>\n<p>&nbsp;<\/p>\n<p>&nbsp;<\/p>\n<p>&nbsp;<\/p>\n<p>&nbsp;<\/p>\n<h3><\/h3>\n<p>&nbsp;<\/p>\n","protected":false},"excerpt":{"rendered":"<p>El MPD\u00a0 es una filosof\u00eda de dise\u00f1o y fabricaci\u00f3n que maximiza la capacidad de adaptar cada soluci\u00f3n a las necesidades del cliente. El MPD est\u00e1 disponible en una gama de tama\u00f1os que pueden producir una capacidad total de producto de tan s\u00f3lo 1000 m3\/d\u00eda y hasta 32 000 m3\/d\u00eda de sistemas completos de \u00f3smosis inversa, [&hellip;]<\/p>\n","protected":false},"author":4,"featured_media":7004,"parent":3116,"menu_order":96,"comment_status":"closed","ping_status":"closed","template":"page-Industriesinner.php","meta":{"_acf_changed":false,"inline_featured_image":false,"footnotes":""},"class_list":["post-8346","page","type-page","status-publish","has-post-thumbnail","hentry"],"acf":[],"yoast_head":"<!-- This site is optimized with the Yoast SEO plugin v27.0 - https:\/\/yoast.com\/product\/yoast-seo-wordpress\/ -->\n<title>Dise\u00f1o prefabricado | IDE Tech<\/title>\n<meta name=\"description\" content=\"Dise\u00f1o modular prefabricado de desaladoras de IDE: sistemas compactos y escalables construidos para el tratamiento eficiente del agua de mar con un menor CAPEX.\" \/>\n<meta name=\"robots\" content=\"noindex, follow, max-snippet:-1, max-image-preview:large, max-video-preview:-1\" \/>\n<meta property=\"og:locale\" content=\"es_ES\" \/>\n<meta property=\"og:type\" content=\"article\" \/>\n<meta property=\"og:title\" content=\"Dise\u00f1o prefabricado | IDE Tech\" \/>\n<meta property=\"og:description\" content=\"Dise\u00f1o modular prefabricado de desaladoras de IDE: sistemas compactos y escalables construidos para el tratamiento eficiente del agua de mar con un menor CAPEX.\" \/>\n<meta property=\"og:url\" content=\"https:\/\/staging.ide-tech.com\/es\/soluciones-de-agua\/desalacion-de-agua-de-mar\/diseno-prefabricado\/\" \/>\n<meta property=\"og:site_name\" content=\"IDE Tech\" \/>\n<meta property=\"article:modified_time\" content=\"2025-07-24T12:23:40+00:00\" \/>\n<meta property=\"og:image\" content=\"https:\/\/staging.ide-tech.com\/wp-content\/uploads\/2023\/01\/JURONG-797x564px-image.png\" \/>\n\t<meta property=\"og:image:width\" content=\"797\" \/>\n\t<meta property=\"og:image:height\" content=\"564\" \/>\n\t<meta property=\"og:image:type\" content=\"image\/png\" \/>\n<meta name=\"twitter:card\" content=\"summary_large_image\" \/>\n<meta name=\"twitter:label1\" content=\"Tiempo de lectura\" \/>\n\t<meta name=\"twitter:data1\" content=\"2 minutos\" \/>\n<script type=\"application\/ld+json\" class=\"yoast-schema-graph\">{\"@context\":\"https:\/\/schema.org\",\"@graph\":[{\"@type\":\"WebPage\",\"@id\":\"https:\/\/staging.ide-tech.com\/es\/soluciones-de-agua\/desalacion-de-agua-de-mar\/diseno-prefabricado\/\",\"url\":\"https:\/\/staging.ide-tech.com\/es\/soluciones-de-agua\/desalacion-de-agua-de-mar\/diseno-prefabricado\/\",\"name\":\"Dise\u00f1o prefabricado | IDE Tech\",\"isPartOf\":{\"@id\":\"https:\/\/staging.ide-tech.com\/en\/#website\"},\"primaryImageOfPage\":{\"@id\":\"https:\/\/staging.ide-tech.com\/es\/soluciones-de-agua\/desalacion-de-agua-de-mar\/diseno-prefabricado\/#primaryimage\"},\"image\":{\"@id\":\"https:\/\/staging.ide-tech.com\/es\/soluciones-de-agua\/desalacion-de-agua-de-mar\/diseno-prefabricado\/#primaryimage\"},\"thumbnailUrl\":\"https:\/\/staging.ide-tech.com\/wp-content\/uploads\/2023\/01\/JURONG-797x564px-image.png\",\"datePublished\":\"2023-03-01T12:38:44+00:00\",\"dateModified\":\"2025-07-24T12:23:40+00:00\",\"description\":\"Dise\u00f1o modular prefabricado de desaladoras de IDE: sistemas compactos y escalables construidos para el tratamiento eficiente del agua de mar con un menor CAPEX.\",\"breadcrumb\":{\"@id\":\"https:\/\/staging.ide-tech.com\/es\/soluciones-de-agua\/desalacion-de-agua-de-mar\/diseno-prefabricado\/#breadcrumb\"},\"inLanguage\":\"es\",\"potentialAction\":[{\"@type\":\"ReadAction\",\"target\":[\"https:\/\/staging.ide-tech.com\/es\/soluciones-de-agua\/desalacion-de-agua-de-mar\/diseno-prefabricado\/\"]}]},{\"@type\":\"ImageObject\",\"inLanguage\":\"es\",\"@id\":\"https:\/\/staging.ide-tech.com\/es\/soluciones-de-agua\/desalacion-de-agua-de-mar\/diseno-prefabricado\/#primaryimage\",\"url\":\"https:\/\/staging.ide-tech.com\/wp-content\/uploads\/2023\/01\/JURONG-797x564px-image.png\",\"contentUrl\":\"https:\/\/staging.ide-tech.com\/wp-content\/uploads\/2023\/01\/JURONG-797x564px-image.png\",\"width\":797,\"height\":564},{\"@type\":\"BreadcrumbList\",\"@id\":\"https:\/\/staging.ide-tech.com\/es\/soluciones-de-agua\/desalacion-de-agua-de-mar\/diseno-prefabricado\/#breadcrumb\",\"itemListElement\":[{\"@type\":\"ListItem\",\"position\":1,\"name\":\"Home\",\"item\":\"https:\/\/staging.ide-tech.com\/es\/hogar\/\"},{\"@type\":\"ListItem\",\"position\":2,\"name\":\"Soluciones h\u00eddricas\",\"item\":\"https:\/\/staging.ide-tech.com\/es\/soluciones-de-agua\/\"},{\"@type\":\"ListItem\",\"position\":3,\"name\":\"Tecnolog\u00eda de desalaci\u00f3n de agua de mar\",\"item\":\"https:\/\/staging.ide-tech.com\/es\/soluciones-de-agua\/desalacion-de-agua-de-mar\/\"},{\"@type\":\"ListItem\",\"position\":4,\"name\":\"Dise\u00f1o prefabricado\"}]},{\"@type\":\"WebSite\",\"@id\":\"https:\/\/staging.ide-tech.com\/en\/#website\",\"url\":\"https:\/\/staging.ide-tech.com\/en\/\",\"name\":\"IDE Tech\",\"description\":\"Your Water Partner\",\"potentialAction\":[{\"@type\":\"SearchAction\",\"target\":{\"@type\":\"EntryPoint\",\"urlTemplate\":\"https:\/\/staging.ide-tech.com\/en\/?s={search_term_string}\"},\"query-input\":{\"@type\":\"PropertyValueSpecification\",\"valueRequired\":true,\"valueName\":\"search_term_string\"}}],\"inLanguage\":\"es\"}]}<\/script>\n<!-- \/ Yoast SEO plugin. -->","yoast_head_json":{"title":"Dise\u00f1o prefabricado | IDE Tech","description":"Dise\u00f1o modular prefabricado de desaladoras de IDE: sistemas compactos y escalables construidos para el tratamiento eficiente del agua de mar con un menor CAPEX.","robots":{"index":"noindex","follow":"follow","max-snippet":"max-snippet:-1","max-image-preview":"max-image-preview:large","max-video-preview":"max-video-preview:-1"},"og_locale":"es_ES","og_type":"article","og_title":"Dise\u00f1o prefabricado | IDE Tech","og_description":"Dise\u00f1o modular prefabricado de desaladoras de IDE: sistemas compactos y escalables construidos para el tratamiento eficiente del agua de mar con un menor CAPEX.","og_url":"https:\/\/staging.ide-tech.com\/es\/soluciones-de-agua\/desalacion-de-agua-de-mar\/diseno-prefabricado\/","og_site_name":"IDE Tech","article_modified_time":"2025-07-24T12:23:40+00:00","og_image":[{"width":797,"height":564,"url":"https:\/\/staging.ide-tech.com\/wp-content\/uploads\/2023\/01\/JURONG-797x564px-image.png","type":"image\/png"}],"twitter_card":"summary_large_image","twitter_misc":{"Tiempo de lectura":"2 minutos"},"schema":{"@context":"https:\/\/schema.org","@graph":[{"@type":"WebPage","@id":"https:\/\/staging.ide-tech.com\/es\/soluciones-de-agua\/desalacion-de-agua-de-mar\/diseno-prefabricado\/","url":"https:\/\/staging.ide-tech.com\/es\/soluciones-de-agua\/desalacion-de-agua-de-mar\/diseno-prefabricado\/","name":"Dise\u00f1o prefabricado | IDE Tech","isPartOf":{"@id":"https:\/\/staging.ide-tech.com\/en\/#website"},"primaryImageOfPage":{"@id":"https:\/\/staging.ide-tech.com\/es\/soluciones-de-agua\/desalacion-de-agua-de-mar\/diseno-prefabricado\/#primaryimage"},"image":{"@id":"https:\/\/staging.ide-tech.com\/es\/soluciones-de-agua\/desalacion-de-agua-de-mar\/diseno-prefabricado\/#primaryimage"},"thumbnailUrl":"https:\/\/staging.ide-tech.com\/wp-content\/uploads\/2023\/01\/JURONG-797x564px-image.png","datePublished":"2023-03-01T12:38:44+00:00","dateModified":"2025-07-24T12:23:40+00:00","description":"Dise\u00f1o modular prefabricado de desaladoras de IDE: sistemas compactos y escalables construidos para el tratamiento eficiente del agua de mar con un menor CAPEX.","breadcrumb":{"@id":"https:\/\/staging.ide-tech.com\/es\/soluciones-de-agua\/desalacion-de-agua-de-mar\/diseno-prefabricado\/#breadcrumb"},"inLanguage":"es","potentialAction":[{"@type":"ReadAction","target":["https:\/\/staging.ide-tech.com\/es\/soluciones-de-agua\/desalacion-de-agua-de-mar\/diseno-prefabricado\/"]}]},{"@type":"ImageObject","inLanguage":"es","@id":"https:\/\/staging.ide-tech.com\/es\/soluciones-de-agua\/desalacion-de-agua-de-mar\/diseno-prefabricado\/#primaryimage","url":"https:\/\/staging.ide-tech.com\/wp-content\/uploads\/2023\/01\/JURONG-797x564px-image.png","contentUrl":"https:\/\/staging.ide-tech.com\/wp-content\/uploads\/2023\/01\/JURONG-797x564px-image.png","width":797,"height":564},{"@type":"BreadcrumbList","@id":"https:\/\/staging.ide-tech.com\/es\/soluciones-de-agua\/desalacion-de-agua-de-mar\/diseno-prefabricado\/#breadcrumb","itemListElement":[{"@type":"ListItem","position":1,"name":"Home","item":"https:\/\/staging.ide-tech.com\/es\/hogar\/"},{"@type":"ListItem","position":2,"name":"Soluciones h\u00eddricas","item":"https:\/\/staging.ide-tech.com\/es\/soluciones-de-agua\/"},{"@type":"ListItem","position":3,"name":"Tecnolog\u00eda de desalaci\u00f3n de agua de mar","item":"https:\/\/staging.ide-tech.com\/es\/soluciones-de-agua\/desalacion-de-agua-de-mar\/"},{"@type":"ListItem","position":4,"name":"Dise\u00f1o prefabricado"}]},{"@type":"WebSite","@id":"https:\/\/staging.ide-tech.com\/en\/#website","url":"https:\/\/staging.ide-tech.com\/en\/","name":"IDE Tech","description":"Your Water Partner","potentialAction":[{"@type":"SearchAction","target":{"@type":"EntryPoint","urlTemplate":"https:\/\/staging.ide-tech.com\/en\/?s={search_term_string}"},"query-input":{"@type":"PropertyValueSpecification","valueRequired":true,"valueName":"search_term_string"}}],"inLanguage":"es"}]}},"_links":{"self":[{"href":"https:\/\/staging.ide-tech.com\/es\/wp-json\/wp\/v2\/pages\/8346","targetHints":{"allow":["GET"]}}],"collection":[{"href":"https:\/\/staging.ide-tech.com\/es\/wp-json\/wp\/v2\/pages"}],"about":[{"href":"https:\/\/staging.ide-tech.com\/es\/wp-json\/wp\/v2\/types\/page"}],"author":[{"embeddable":true,"href":"https:\/\/staging.ide-tech.com\/es\/wp-json\/wp\/v2\/users\/4"}],"replies":[{"embeddable":true,"href":"https:\/\/staging.ide-tech.com\/es\/wp-json\/wp\/v2\/comments?post=8346"}],"version-history":[{"count":6,"href":"https:\/\/staging.ide-tech.com\/es\/wp-json\/wp\/v2\/pages\/8346\/revisions"}],"predecessor-version":[{"id":10307,"href":"https:\/\/staging.ide-tech.com\/es\/wp-json\/wp\/v2\/pages\/8346\/revisions\/10307"}],"up":[{"embeddable":true,"href":"https:\/\/staging.ide-tech.com\/es\/wp-json\/wp\/v2\/pages\/3116"}],"wp:featuredmedia":[{"embeddable":true,"href":"https:\/\/staging.ide-tech.com\/es\/wp-json\/wp\/v2\/media\/7004"}],"wp:attachment":[{"href":"https:\/\/staging.ide-tech.com\/es\/wp-json\/wp\/v2\/media?parent=8346"}],"curies":[{"name":"wp","href":"https:\/\/api.w.org\/{rel}","templated":true}]}}