{"id":8345,"date":"2023-03-01T12:36:03","date_gmt":"2023-03-01T12:36:03","guid":{"rendered":"https:\/\/staging.ide-tech.com\/soluciones-de-agua\/desalacion-de-agua-de-mar\/soluciones-de-pretratamiento-de-agua-de-mar\/"},"modified":"2025-07-22T12:42:13","modified_gmt":"2025-07-22T12:42:13","slug":"soluciones-de-pretratamiento-de-agua-de-mar","status":"publish","type":"page","link":"https:\/\/staging.ide-tech.com\/es\/soluciones-de-agua\/desalacion-de-agua-de-mar\/soluciones-de-pretratamiento-de-agua-de-mar\/","title":{"rendered":"Soluciones para el pretratamiento del agua de mar"},"content":{"rendered":"<h3><img loading=\"lazy\" decoding=\"async\" class=\"aligncenter\" src=\"https:\/\/staging.ide-tech.com\/wp-content\/uploads\/2023\/01\/turquoise-wave.svg\" width=\"55\" height=\"12\" \/><\/h3>\n<p>&nbsp;<\/p>\n<h3>Las desaladoras de gran tama\u00f1o suelen estar ubicadas en regiones con una calidad de agua de alimentaci\u00f3n dif\u00edcil. Por ello, IDE ha desarrollado un enfoque \u00fanico para el pretratamiento robusto de esta agua tan dif\u00edcil.<\/h3>\n<p>&nbsp;<\/p>\n<p><img loading=\"lazy\" decoding=\"async\" class=\"wp-image-5415 aligncenter\" src=\"https:\/\/staging.ide-tech.com\/wp-content\/uploads\/2023\/01\/turquoise-wave.svg\" alt=\"\" width=\"50\" height=\"11\" \/><\/p>\n<p>&nbsp;<\/p>\n<h3><strong>En IDE, ofrecemos una gama completa de soluciones de pretratamiento:<\/strong><\/h3>\n<p>&nbsp;<\/p>\n<p><b>Clarificadores de l\u00e1minas\u00a0<\/b><\/p>\n<p>El clarificador de l\u00e1minas sirve para eliminar part\u00edculas pesadas mediante su sedimentaci\u00f3n en placas inclinadas. Este m\u00e9todo de separaci\u00f3n requiere pasos previos de floculaci\u00f3n y coagulaci\u00f3n. El clarificador de l\u00e1minas est\u00e1 dise\u00f1ado para maximizar la eficiencia de sedimentaci\u00f3n de las part\u00edculas en suspensi\u00f3n con un m\u00ednimo espacio.<\/p>\n<p><b><br \/>\nDAF (<\/b><b>flotaci\u00f3n por aire disuelto)<\/b><\/p>\n<p>La tecnolog\u00eda DAF es un procedimiento eficaz para la separaci\u00f3n de materia en suspensi\u00f3n (turbidez\/TSS, algas, etc.) del agua de mar. La flotaci\u00f3n por aire disuelto (DAF) utiliza la propiedad de adherencia de las microburbujas a los s\u00f3lidos en suspensi\u00f3n, aumentando la tendencia de las part\u00edculas a flotar. Estas microburbujas se adhieren a part\u00edculas de fl\u00f3culos discretas creadas en el proceso de floculaci\u00f3n. La DAF permite una separaci\u00f3n eficiente de los s\u00f3lidos en suspensi\u00f3n y los restos de aceite y grasa, as\u00ed como la reducci\u00f3n de la carga org\u00e1nica. IDE dise\u00f1a una DAF independiente o una DAF en filtro, como parte del pretratamiento.<\/p>\n<p>&nbsp;<\/p>\n<p><strong>Filtraci\u00f3n multimedia (MMF)<\/strong><\/p>\n<p>Se utiliza un filtro multimedia (MMF) para reducir el nivel de s\u00f3lidos en suspensi\u00f3n en el agua de alimentaci\u00f3n mediante filtraci\u00f3n \u00a0a trav\u00e9s de varios \u00a0medios granulares, que pueden incluir grava, arena y antracita. Este m\u00e9todo se implementa en la mayor\u00eda de las desaladoras y su ventaja es el bajo consumo de productos qu\u00edmicos y la alta sostenibilidad del sistema.<\/p>\n<p>&nbsp;<\/p>\n<p><strong>Ultrafiltraci\u00f3n (UF)<\/strong><\/p>\n<p>La ultrafiltraci\u00f3n (UF) es un proceso de filtraci\u00f3n por membrana impulsado por presi\u00f3n. La UF se utiliza para separar s\u00f3lidos en suspensi\u00f3n, coloides y bacterias. La filtraci\u00f3n se consigue forzando el agua a fluir a trav\u00e9s de una membrana con poros de aproximadamente 0,02 \u03bcm, lo que crea una barrera y produce agua con alta pureza y bajo SDI (\u00edndice de densidad de sedimentos).<\/p>\n<p>&nbsp;<\/p>\n","protected":false},"excerpt":{"rendered":"<p>&nbsp; Las desaladoras de gran tama\u00f1o suelen estar ubicadas en regiones con una calidad de agua de alimentaci\u00f3n dif\u00edcil. Por ello, IDE ha desarrollado un enfoque \u00fanico para el pretratamiento robusto de esta agua tan dif\u00edcil. &nbsp; &nbsp; En IDE, ofrecemos una gama completa de soluciones de pretratamiento: &nbsp; Clarificadores de l\u00e1minas\u00a0 El clarificador de [&hellip;]<\/p>\n","protected":false},"author":4,"featured_media":7150,"parent":3116,"menu_order":88,"comment_status":"closed","ping_status":"closed","template":"page-Industriesinner.php","meta":{"_acf_changed":false,"inline_featured_image":false,"footnotes":""},"class_list":["post-8345","page","type-page","status-publish","has-post-thumbnail","hentry"],"acf":[],"yoast_head":"<!-- This site is optimized with the Yoast SEO plugin v27.0 - https:\/\/yoast.com\/product\/yoast-seo-wordpress\/ -->\n<title>Soluciones para el pretratamiento del agua de mar | IDE Tech<\/title>\n<meta name=\"description\" content=\"El pretratamiento de desalaci\u00f3n del agua de mar mejora la eficiencia de la \u00f3smosis inversa al reducir las incrustaciones, proteger las membranas y garantizar una calidad estable del agua.\" \/>\n<meta name=\"robots\" content=\"noindex, follow, max-snippet:-1, max-image-preview:large, max-video-preview:-1\" \/>\n<meta property=\"og:locale\" content=\"es_ES\" \/>\n<meta property=\"og:type\" content=\"article\" \/>\n<meta property=\"og:title\" content=\"Soluciones para el pretratamiento del agua de mar | IDE Tech\" \/>\n<meta property=\"og:description\" content=\"El pretratamiento de desalaci\u00f3n del agua de mar mejora la eficiencia de la \u00f3smosis inversa al reducir las incrustaciones, proteger las membranas y garantizar una calidad estable del agua.\" \/>\n<meta property=\"og:url\" content=\"https:\/\/staging.ide-tech.com\/es\/soluciones-de-agua\/desalacion-de-agua-de-mar\/soluciones-de-pretratamiento-de-agua-de-mar\/\" \/>\n<meta property=\"og:site_name\" content=\"IDE Tech\" \/>\n<meta property=\"article:modified_time\" content=\"2025-07-22T12:42:13+00:00\" \/>\n<meta property=\"og:image\" content=\"https:\/\/staging.ide-tech.com\/wp-content\/uploads\/2023\/03\/Pretreatment.jpg\" \/>\n\t<meta property=\"og:image:width\" content=\"988\" \/>\n\t<meta property=\"og:image:height\" content=\"741\" \/>\n\t<meta property=\"og:image:type\" content=\"image\/jpeg\" \/>\n<meta name=\"twitter:card\" content=\"summary_large_image\" \/>\n<meta name=\"twitter:label1\" content=\"Tiempo de lectura\" \/>\n\t<meta name=\"twitter:data1\" content=\"2 minutos\" \/>\n<script type=\"application\/ld+json\" class=\"yoast-schema-graph\">{\"@context\":\"https:\/\/schema.org\",\"@graph\":[{\"@type\":\"WebPage\",\"@id\":\"https:\/\/staging.ide-tech.com\/es\/soluciones-de-agua\/desalacion-de-agua-de-mar\/soluciones-de-pretratamiento-de-agua-de-mar\/\",\"url\":\"https:\/\/staging.ide-tech.com\/es\/soluciones-de-agua\/desalacion-de-agua-de-mar\/soluciones-de-pretratamiento-de-agua-de-mar\/\",\"name\":\"Soluciones para el pretratamiento del agua de mar | IDE Tech\",\"isPartOf\":{\"@id\":\"https:\/\/staging.ide-tech.com\/en\/#website\"},\"primaryImageOfPage\":{\"@id\":\"https:\/\/staging.ide-tech.com\/es\/soluciones-de-agua\/desalacion-de-agua-de-mar\/soluciones-de-pretratamiento-de-agua-de-mar\/#primaryimage\"},\"image\":{\"@id\":\"https:\/\/staging.ide-tech.com\/es\/soluciones-de-agua\/desalacion-de-agua-de-mar\/soluciones-de-pretratamiento-de-agua-de-mar\/#primaryimage\"},\"thumbnailUrl\":\"https:\/\/staging.ide-tech.com\/wp-content\/uploads\/2023\/03\/Pretreatment.jpg\",\"datePublished\":\"2023-03-01T12:36:03+00:00\",\"dateModified\":\"2025-07-22T12:42:13+00:00\",\"description\":\"El pretratamiento de desalaci\u00f3n del agua de mar mejora la eficiencia de la \u00f3smosis inversa al reducir las incrustaciones, proteger las membranas y garantizar una calidad estable del agua.\",\"breadcrumb\":{\"@id\":\"https:\/\/staging.ide-tech.com\/es\/soluciones-de-agua\/desalacion-de-agua-de-mar\/soluciones-de-pretratamiento-de-agua-de-mar\/#breadcrumb\"},\"inLanguage\":\"es\",\"potentialAction\":[{\"@type\":\"ReadAction\",\"target\":[\"https:\/\/staging.ide-tech.com\/es\/soluciones-de-agua\/desalacion-de-agua-de-mar\/soluciones-de-pretratamiento-de-agua-de-mar\/\"]}]},{\"@type\":\"ImageObject\",\"inLanguage\":\"es\",\"@id\":\"https:\/\/staging.ide-tech.com\/es\/soluciones-de-agua\/desalacion-de-agua-de-mar\/soluciones-de-pretratamiento-de-agua-de-mar\/#primaryimage\",\"url\":\"https:\/\/staging.ide-tech.com\/wp-content\/uploads\/2023\/03\/Pretreatment.jpg\",\"contentUrl\":\"https:\/\/staging.ide-tech.com\/wp-content\/uploads\/2023\/03\/Pretreatment.jpg\",\"width\":988,\"height\":741},{\"@type\":\"BreadcrumbList\",\"@id\":\"https:\/\/staging.ide-tech.com\/es\/soluciones-de-agua\/desalacion-de-agua-de-mar\/soluciones-de-pretratamiento-de-agua-de-mar\/#breadcrumb\",\"itemListElement\":[{\"@type\":\"ListItem\",\"position\":1,\"name\":\"Home\",\"item\":\"https:\/\/staging.ide-tech.com\/es\/hogar\/\"},{\"@type\":\"ListItem\",\"position\":2,\"name\":\"Soluciones h\u00eddricas\",\"item\":\"https:\/\/staging.ide-tech.com\/es\/soluciones-de-agua\/\"},{\"@type\":\"ListItem\",\"position\":3,\"name\":\"Tecnolog\u00eda de desalaci\u00f3n de agua de mar\",\"item\":\"https:\/\/staging.ide-tech.com\/es\/soluciones-de-agua\/desalacion-de-agua-de-mar\/\"},{\"@type\":\"ListItem\",\"position\":4,\"name\":\"Soluciones para el pretratamiento del agua de mar\"}]},{\"@type\":\"WebSite\",\"@id\":\"https:\/\/staging.ide-tech.com\/en\/#website\",\"url\":\"https:\/\/staging.ide-tech.com\/en\/\",\"name\":\"IDE Tech\",\"description\":\"Your Water Partner\",\"potentialAction\":[{\"@type\":\"SearchAction\",\"target\":{\"@type\":\"EntryPoint\",\"urlTemplate\":\"https:\/\/staging.ide-tech.com\/en\/?s={search_term_string}\"},\"query-input\":{\"@type\":\"PropertyValueSpecification\",\"valueRequired\":true,\"valueName\":\"search_term_string\"}}],\"inLanguage\":\"es\"}]}<\/script>\n<!-- \/ Yoast SEO plugin. -->","yoast_head_json":{"title":"Soluciones para el pretratamiento del agua de mar | IDE Tech","description":"El pretratamiento de desalaci\u00f3n del agua de mar mejora la eficiencia de la \u00f3smosis inversa al reducir las incrustaciones, proteger las membranas y garantizar una calidad estable del agua.","robots":{"index":"noindex","follow":"follow","max-snippet":"max-snippet:-1","max-image-preview":"max-image-preview:large","max-video-preview":"max-video-preview:-1"},"og_locale":"es_ES","og_type":"article","og_title":"Soluciones para el pretratamiento del agua de mar | IDE Tech","og_description":"El pretratamiento de desalaci\u00f3n del agua de mar mejora la eficiencia de la \u00f3smosis inversa al reducir las incrustaciones, proteger las membranas y garantizar una calidad estable del agua.","og_url":"https:\/\/staging.ide-tech.com\/es\/soluciones-de-agua\/desalacion-de-agua-de-mar\/soluciones-de-pretratamiento-de-agua-de-mar\/","og_site_name":"IDE Tech","article_modified_time":"2025-07-22T12:42:13+00:00","og_image":[{"width":988,"height":741,"url":"https:\/\/staging.ide-tech.com\/wp-content\/uploads\/2023\/03\/Pretreatment.jpg","type":"image\/jpeg"}],"twitter_card":"summary_large_image","twitter_misc":{"Tiempo de lectura":"2 minutos"},"schema":{"@context":"https:\/\/schema.org","@graph":[{"@type":"WebPage","@id":"https:\/\/staging.ide-tech.com\/es\/soluciones-de-agua\/desalacion-de-agua-de-mar\/soluciones-de-pretratamiento-de-agua-de-mar\/","url":"https:\/\/staging.ide-tech.com\/es\/soluciones-de-agua\/desalacion-de-agua-de-mar\/soluciones-de-pretratamiento-de-agua-de-mar\/","name":"Soluciones para el pretratamiento del agua de mar | IDE Tech","isPartOf":{"@id":"https:\/\/staging.ide-tech.com\/en\/#website"},"primaryImageOfPage":{"@id":"https:\/\/staging.ide-tech.com\/es\/soluciones-de-agua\/desalacion-de-agua-de-mar\/soluciones-de-pretratamiento-de-agua-de-mar\/#primaryimage"},"image":{"@id":"https:\/\/staging.ide-tech.com\/es\/soluciones-de-agua\/desalacion-de-agua-de-mar\/soluciones-de-pretratamiento-de-agua-de-mar\/#primaryimage"},"thumbnailUrl":"https:\/\/staging.ide-tech.com\/wp-content\/uploads\/2023\/03\/Pretreatment.jpg","datePublished":"2023-03-01T12:36:03+00:00","dateModified":"2025-07-22T12:42:13+00:00","description":"El pretratamiento de desalaci\u00f3n del agua de mar mejora la eficiencia de la \u00f3smosis inversa al reducir las incrustaciones, proteger las membranas y garantizar una calidad estable del agua.","breadcrumb":{"@id":"https:\/\/staging.ide-tech.com\/es\/soluciones-de-agua\/desalacion-de-agua-de-mar\/soluciones-de-pretratamiento-de-agua-de-mar\/#breadcrumb"},"inLanguage":"es","potentialAction":[{"@type":"ReadAction","target":["https:\/\/staging.ide-tech.com\/es\/soluciones-de-agua\/desalacion-de-agua-de-mar\/soluciones-de-pretratamiento-de-agua-de-mar\/"]}]},{"@type":"ImageObject","inLanguage":"es","@id":"https:\/\/staging.ide-tech.com\/es\/soluciones-de-agua\/desalacion-de-agua-de-mar\/soluciones-de-pretratamiento-de-agua-de-mar\/#primaryimage","url":"https:\/\/staging.ide-tech.com\/wp-content\/uploads\/2023\/03\/Pretreatment.jpg","contentUrl":"https:\/\/staging.ide-tech.com\/wp-content\/uploads\/2023\/03\/Pretreatment.jpg","width":988,"height":741},{"@type":"BreadcrumbList","@id":"https:\/\/staging.ide-tech.com\/es\/soluciones-de-agua\/desalacion-de-agua-de-mar\/soluciones-de-pretratamiento-de-agua-de-mar\/#breadcrumb","itemListElement":[{"@type":"ListItem","position":1,"name":"Home","item":"https:\/\/staging.ide-tech.com\/es\/hogar\/"},{"@type":"ListItem","position":2,"name":"Soluciones h\u00eddricas","item":"https:\/\/staging.ide-tech.com\/es\/soluciones-de-agua\/"},{"@type":"ListItem","position":3,"name":"Tecnolog\u00eda de desalaci\u00f3n de agua de mar","item":"https:\/\/staging.ide-tech.com\/es\/soluciones-de-agua\/desalacion-de-agua-de-mar\/"},{"@type":"ListItem","position":4,"name":"Soluciones para el pretratamiento del agua de mar"}]},{"@type":"WebSite","@id":"https:\/\/staging.ide-tech.com\/en\/#website","url":"https:\/\/staging.ide-tech.com\/en\/","name":"IDE Tech","description":"Your Water Partner","potentialAction":[{"@type":"SearchAction","target":{"@type":"EntryPoint","urlTemplate":"https:\/\/staging.ide-tech.com\/en\/?s={search_term_string}"},"query-input":{"@type":"PropertyValueSpecification","valueRequired":true,"valueName":"search_term_string"}}],"inLanguage":"es"}]}},"_links":{"self":[{"href":"https:\/\/staging.ide-tech.com\/es\/wp-json\/wp\/v2\/pages\/8345","targetHints":{"allow":["GET"]}}],"collection":[{"href":"https:\/\/staging.ide-tech.com\/es\/wp-json\/wp\/v2\/pages"}],"about":[{"href":"https:\/\/staging.ide-tech.com\/es\/wp-json\/wp\/v2\/types\/page"}],"author":[{"embeddable":true,"href":"https:\/\/staging.ide-tech.com\/es\/wp-json\/wp\/v2\/users\/4"}],"replies":[{"embeddable":true,"href":"https:\/\/staging.ide-tech.com\/es\/wp-json\/wp\/v2\/comments?post=8345"}],"version-history":[{"count":5,"href":"https:\/\/staging.ide-tech.com\/es\/wp-json\/wp\/v2\/pages\/8345\/revisions"}],"predecessor-version":[{"id":10278,"href":"https:\/\/staging.ide-tech.com\/es\/wp-json\/wp\/v2\/pages\/8345\/revisions\/10278"}],"up":[{"embeddable":true,"href":"https:\/\/staging.ide-tech.com\/es\/wp-json\/wp\/v2\/pages\/3116"}],"wp:featuredmedia":[{"embeddable":true,"href":"https:\/\/staging.ide-tech.com\/es\/wp-json\/wp\/v2\/media\/7150"}],"wp:attachment":[{"href":"https:\/\/staging.ide-tech.com\/es\/wp-json\/wp\/v2\/media?parent=8345"}],"curies":[{"name":"wp","href":"https:\/\/api.w.org\/{rel}","templated":true}]}}