{"id":8344,"date":"2023-03-01T12:05:45","date_gmt":"2023-03-01T12:05:45","guid":{"rendered":"https:\/\/staging.ide-tech.com\/soluciones-de-agua\/desalacion-de-agua-de-mar\/desalinizacion-despues-del-tratamiento\/"},"modified":"2025-07-24T12:23:40","modified_gmt":"2025-07-24T12:23:40","slug":"desalinizacion-despues-del-tratamiento","status":"publish","type":"page","link":"https:\/\/staging.ide-tech.com\/es\/soluciones-de-agua\/desalacion-de-agua-de-mar\/desalinizacion-despues-del-tratamiento\/","title":{"rendered":"Desalaci\u00f3n despu\u00e9s del tratamiento"},"content":{"rendered":"<p><img loading=\"lazy\" decoding=\"async\" class=\"wp-image-5415 aligncenter\" src=\"https:\/\/staging.ide-tech.com\/wp-content\/uploads\/2023\/01\/turquoise-wave.svg\" alt=\"\" width=\"50\" height=\"11\" \/><\/p>\n<h2>Los siguientes m\u00e9todos se utilizan ampliamente en las plantas SWRO de IDE:<\/h2>\n<p>&nbsp;<\/p>\n<p><img loading=\"lazy\" decoding=\"async\" class=\"wp-image-5427 alignleft\" src=\"https:\/\/staging.ide-tech.com\/wp-content\/uploads\/2023\/01\/bullet-circle-wave.svg\" alt=\"\" width=\"29\" height=\"22\" \/><span style=\"font-weight: 400;\">Disoluci\u00f3n de la piedra caliza como carbonato c\u00e1lcico en el permeado\u00a0 de la \u00f3smosis inversa, que pasa por los reactores y se enriquece con minerales. Este proceso se produce con la ayuda de di\u00f3xido de carbono (CO2) y\/o \u00e1cido sulf\u00farico (H2SO4) que <\/span><\/p>\n<p><img loading=\"lazy\" decoding=\"async\" class=\"wp-image-5427 alignleft\" src=\"https:\/\/staging.ide-tech.com\/wp-content\/uploads\/2023\/01\/bullet-circle-wave.svg\" alt=\"\" width=\"29\" height=\"22\" \/><span style=\"font-weight: 400;\">El agua de cal (Ca(OH)2) o la sosa c\u00e1ustica (NaOH) se utilizan para los ajustes finales de los par\u00e1metros de LSI, pH y dureza<\/span><\/p>\n<p><img loading=\"lazy\" decoding=\"async\" class=\"wp-image-5427 alignleft\" src=\"https:\/\/staging.ide-tech.com\/wp-content\/uploads\/2023\/01\/bullet-circle-wave.svg\" alt=\"\" width=\"29\" height=\"22\" \/><span style=\"font-weight: 400;\">. Ambos procesos se utilizan ampliamente mediante diferentes combinaciones para garantizar la m\u00e1xima eficacia<\/span><\/p>\n<p><img loading=\"lazy\" decoding=\"async\" class=\"wp-image-5427 alignleft\" src=\"https:\/\/staging.ide-tech.com\/wp-content\/uploads\/2023\/01\/bullet-circle-wave.svg\" alt=\"\" width=\"29\" height=\"22\" \/><span style=\"font-weight: 400;\">Por \u00faltimo, la desinfecci\u00f3n del agua se realiza mediante la dosificaci\u00f3n de hipoclorito s\u00f3dico (NaClO), que tambi\u00e9n proporciona la demanda de cloro libre residual\u00a0<\/span><\/p>\n<p>&nbsp;<\/p>\n<p>&nbsp;<\/p>\n<p><img loading=\"lazy\" decoding=\"async\" class=\"aligncenter\" src=\"https:\/\/staging.ide-tech.com\/wp-content\/uploads\/2023\/01\/light-blue-wave.svg\" width=\"110\" height=\"24\" \/><\/p>\n<p>&nbsp;<\/p>\n<h3><strong>En apoyo de una econom\u00eda circular, y con el fin de minimizar el uso de productos qu\u00edmicos, las plantas de IDE cuentan con los \u00faltimos sistemas de autogeneraci\u00f3n de productos qu\u00edmicos. La generaci\u00f3n in situ ofrece menores costes de funcionamiento que los productos qu\u00edmicos comerciales y proporciona productos qu\u00edmicos de alta calidad.<\/strong><\/h3>\n<p>&nbsp;<\/p>\n<h3><img loading=\"lazy\" decoding=\"async\" class=\"wp-image-5413 aligncenter\" src=\"https:\/\/staging.ide-tech.com\/wp-content\/uploads\/2023\/01\/light-blue-wave.svg\" alt=\"\" width=\"104\" height=\"17\" \/><\/h3>\n<p>&nbsp;<\/p>\n<h2><strong>Los siguientes sistemas de autogeneraci\u00f3n ya est\u00e1n implantados en algunas de las megaplantas SWRO de IDE<\/strong><\/h2>\n<p>&nbsp;<\/p>\n<p><img loading=\"lazy\" decoding=\"async\" class=\"wp-image-5427 alignleft\" src=\"https:\/\/staging.ide-tech.com\/wp-content\/uploads\/2023\/01\/bullet-circle-wave.svg\" alt=\"\" width=\"29\" height=\"22\" \/><strong>Generaci\u00f3n de di\u00f3xido de carbono (CO2):<\/strong>\u00a0La producci\u00f3n de CO2 puede obtenerse normalmente de una fuente de la central el\u00e9ctrica. Los principales procesos para producir CO2 son la extracci\u00f3n de los gases de combusti\u00f3n, la purificaci\u00f3n y la licuefacci\u00f3n. La recuperaci\u00f3n de CO2 de las fuentes de gases de combusti\u00f3n tambi\u00e9n contribuye a reducir las emisiones de CO2 a la atm\u00f3sfera.<\/p>\n<p><img loading=\"lazy\" decoding=\"async\" class=\"wp-image-5427 alignleft\" src=\"https:\/\/staging.ide-tech.com\/wp-content\/uploads\/2023\/01\/bullet-circle-wave.svg\" alt=\"\" width=\"29\" height=\"22\" \/><strong>Hipoclorito s\u00f3dico (NaOCl): <\/strong>Se utiliza para la desinfecci\u00f3n producida in situ por electrocloraci\u00f3n. Al producir el hipoclorito in situ y a demanda, el sistema elimina las preocupaciones relativas al transporte y almacenamiento. Debido a su baja concentraci\u00f3n, la soluci\u00f3n de hipoclorito generada por la electrocloraci\u00f3n minimiza la corrosi\u00f3n y la degradaci\u00f3n qu\u00edmica durante el almacenamiento prolongado.<\/p>\n<p><img loading=\"lazy\" decoding=\"async\" class=\"wp-image-5427 alignleft\" src=\"https:\/\/staging.ide-tech.com\/wp-content\/uploads\/2023\/01\/bullet-circle-wave.svg\" alt=\"\" width=\"29\" height=\"22\" \/><strong>Preparaci\u00f3n de agua de cal (Ca(OH)2):<\/strong> Se ha desarrollado un nuevo sistema alternativo de disoluci\u00f3n y clarificaci\u00f3n del agua de cal para mejorar el sistema convencional. El objetivo principal del sistema es preparar una soluci\u00f3n de agua de cal concentrada y de gran pureza que mejore en gran medida la calidad final del agua. El nuevo m\u00e9todo se basa en membranas cer\u00e1micas de \u00faltima generaci\u00f3n que le permiten funcionar con flujos elevados.<\/p>\n","protected":false},"excerpt":{"rendered":"<p>Los siguientes m\u00e9todos se utilizan ampliamente en las plantas SWRO de IDE: &nbsp; Disoluci\u00f3n de la piedra caliza como carbonato c\u00e1lcico en el permeado\u00a0 de la \u00f3smosis inversa, que pasa por los reactores y se enriquece con minerales. Este proceso se produce con la ayuda de di\u00f3xido de carbono (CO2) y\/o \u00e1cido sulf\u00farico (H2SO4) que [&hellip;]<\/p>\n","protected":false},"author":2,"featured_media":7169,"parent":3116,"menu_order":83,"comment_status":"closed","ping_status":"closed","template":"page-Industriesinner.php","meta":{"_acf_changed":false,"inline_featured_image":false,"footnotes":""},"class_list":["post-8344","page","type-page","status-publish","has-post-thumbnail","hentry"],"acf":[],"yoast_head":"<!-- This site is optimized with the Yoast SEO plugin v27.0 - https:\/\/yoast.com\/product\/yoast-seo-wordpress\/ -->\n<title>Desalaci\u00f3n despu\u00e9s del tratamiento | IDE Tech<\/title>\n<meta name=\"description\" content=\"El postratamiento de desalaci\u00f3n de agua de mar de IDE garantiza una agua de alta calidad mediante procesos de remineralizaci\u00f3n, desinfecci\u00f3n y estabilizaci\u00f3n.\" \/>\n<meta name=\"robots\" content=\"noindex, follow, max-snippet:-1, max-image-preview:large, max-video-preview:-1\" \/>\n<meta property=\"og:locale\" content=\"es_ES\" \/>\n<meta property=\"og:type\" content=\"article\" \/>\n<meta property=\"og:title\" content=\"Desalaci\u00f3n despu\u00e9s del tratamiento | IDE Tech\" \/>\n<meta property=\"og:description\" content=\"El postratamiento de desalaci\u00f3n de agua de mar de IDE garantiza una agua de alta calidad mediante procesos de remineralizaci\u00f3n, desinfecci\u00f3n y estabilizaci\u00f3n.\" \/>\n<meta property=\"og:url\" content=\"https:\/\/staging.ide-tech.com\/es\/soluciones-de-agua\/desalacion-de-agua-de-mar\/desalinizacion-despues-del-tratamiento\/\" \/>\n<meta property=\"og:site_name\" content=\"IDE Tech\" \/>\n<meta property=\"article:modified_time\" content=\"2025-07-24T12:23:40+00:00\" \/>\n<meta property=\"og:image\" content=\"https:\/\/staging.ide-tech.com\/wp-content\/uploads\/2023\/03\/POST-TREATMENT-1920X650-1.jpg\" \/>\n\t<meta property=\"og:image:width\" content=\"1920\" \/>\n\t<meta property=\"og:image:height\" content=\"650\" \/>\n\t<meta property=\"og:image:type\" content=\"image\/jpeg\" \/>\n<meta name=\"twitter:card\" content=\"summary_large_image\" \/>\n<meta name=\"twitter:label1\" content=\"Tiempo de lectura\" \/>\n\t<meta name=\"twitter:data1\" content=\"4 minutos\" \/>\n<script type=\"application\/ld+json\" class=\"yoast-schema-graph\">{\"@context\":\"https:\/\/schema.org\",\"@graph\":[{\"@type\":\"WebPage\",\"@id\":\"https:\/\/staging.ide-tech.com\/es\/soluciones-de-agua\/desalacion-de-agua-de-mar\/desalinizacion-despues-del-tratamiento\/\",\"url\":\"https:\/\/staging.ide-tech.com\/es\/soluciones-de-agua\/desalacion-de-agua-de-mar\/desalinizacion-despues-del-tratamiento\/\",\"name\":\"Desalaci\u00f3n despu\u00e9s del tratamiento | IDE Tech\",\"isPartOf\":{\"@id\":\"https:\/\/staging.ide-tech.com\/en\/#website\"},\"primaryImageOfPage\":{\"@id\":\"https:\/\/staging.ide-tech.com\/es\/soluciones-de-agua\/desalacion-de-agua-de-mar\/desalinizacion-despues-del-tratamiento\/#primaryimage\"},\"image\":{\"@id\":\"https:\/\/staging.ide-tech.com\/es\/soluciones-de-agua\/desalacion-de-agua-de-mar\/desalinizacion-despues-del-tratamiento\/#primaryimage\"},\"thumbnailUrl\":\"https:\/\/staging.ide-tech.com\/wp-content\/uploads\/2023\/03\/POST-TREATMENT-1920X650-1.jpg\",\"datePublished\":\"2023-03-01T12:05:45+00:00\",\"dateModified\":\"2025-07-24T12:23:40+00:00\",\"description\":\"El postratamiento de desalaci\u00f3n de agua de mar de IDE garantiza una agua de alta calidad mediante procesos de remineralizaci\u00f3n, desinfecci\u00f3n y estabilizaci\u00f3n.\",\"breadcrumb\":{\"@id\":\"https:\/\/staging.ide-tech.com\/es\/soluciones-de-agua\/desalacion-de-agua-de-mar\/desalinizacion-despues-del-tratamiento\/#breadcrumb\"},\"inLanguage\":\"es\",\"potentialAction\":[{\"@type\":\"ReadAction\",\"target\":[\"https:\/\/staging.ide-tech.com\/es\/soluciones-de-agua\/desalacion-de-agua-de-mar\/desalinizacion-despues-del-tratamiento\/\"]}]},{\"@type\":\"ImageObject\",\"inLanguage\":\"es\",\"@id\":\"https:\/\/staging.ide-tech.com\/es\/soluciones-de-agua\/desalacion-de-agua-de-mar\/desalinizacion-despues-del-tratamiento\/#primaryimage\",\"url\":\"https:\/\/staging.ide-tech.com\/wp-content\/uploads\/2023\/03\/POST-TREATMENT-1920X650-1.jpg\",\"contentUrl\":\"https:\/\/staging.ide-tech.com\/wp-content\/uploads\/2023\/03\/POST-TREATMENT-1920X650-1.jpg\",\"width\":1920,\"height\":650,\"caption\":\"seawater desalination post-treatment\"},{\"@type\":\"BreadcrumbList\",\"@id\":\"https:\/\/staging.ide-tech.com\/es\/soluciones-de-agua\/desalacion-de-agua-de-mar\/desalinizacion-despues-del-tratamiento\/#breadcrumb\",\"itemListElement\":[{\"@type\":\"ListItem\",\"position\":1,\"name\":\"Home\",\"item\":\"https:\/\/staging.ide-tech.com\/es\/hogar\/\"},{\"@type\":\"ListItem\",\"position\":2,\"name\":\"Soluciones h\u00eddricas\",\"item\":\"https:\/\/staging.ide-tech.com\/es\/soluciones-de-agua\/\"},{\"@type\":\"ListItem\",\"position\":3,\"name\":\"Tecnolog\u00eda de desalaci\u00f3n de agua de mar\",\"item\":\"https:\/\/staging.ide-tech.com\/es\/soluciones-de-agua\/desalacion-de-agua-de-mar\/\"},{\"@type\":\"ListItem\",\"position\":4,\"name\":\"Desalaci\u00f3n despu\u00e9s del tratamiento\"}]},{\"@type\":\"WebSite\",\"@id\":\"https:\/\/staging.ide-tech.com\/en\/#website\",\"url\":\"https:\/\/staging.ide-tech.com\/en\/\",\"name\":\"IDE Tech\",\"description\":\"Your Water Partner\",\"potentialAction\":[{\"@type\":\"SearchAction\",\"target\":{\"@type\":\"EntryPoint\",\"urlTemplate\":\"https:\/\/staging.ide-tech.com\/en\/?s={search_term_string}\"},\"query-input\":{\"@type\":\"PropertyValueSpecification\",\"valueRequired\":true,\"valueName\":\"search_term_string\"}}],\"inLanguage\":\"es\"}]}<\/script>\n<!-- \/ Yoast SEO plugin. -->","yoast_head_json":{"title":"Desalaci\u00f3n despu\u00e9s del tratamiento | IDE Tech","description":"El postratamiento de desalaci\u00f3n de agua de mar de IDE garantiza una agua de alta calidad mediante procesos de remineralizaci\u00f3n, desinfecci\u00f3n y estabilizaci\u00f3n.","robots":{"index":"noindex","follow":"follow","max-snippet":"max-snippet:-1","max-image-preview":"max-image-preview:large","max-video-preview":"max-video-preview:-1"},"og_locale":"es_ES","og_type":"article","og_title":"Desalaci\u00f3n despu\u00e9s del tratamiento | IDE Tech","og_description":"El postratamiento de desalaci\u00f3n de agua de mar de IDE garantiza una agua de alta calidad mediante procesos de remineralizaci\u00f3n, desinfecci\u00f3n y estabilizaci\u00f3n.","og_url":"https:\/\/staging.ide-tech.com\/es\/soluciones-de-agua\/desalacion-de-agua-de-mar\/desalinizacion-despues-del-tratamiento\/","og_site_name":"IDE Tech","article_modified_time":"2025-07-24T12:23:40+00:00","og_image":[{"width":1920,"height":650,"url":"https:\/\/staging.ide-tech.com\/wp-content\/uploads\/2023\/03\/POST-TREATMENT-1920X650-1.jpg","type":"image\/jpeg"}],"twitter_card":"summary_large_image","twitter_misc":{"Tiempo de lectura":"4 minutos"},"schema":{"@context":"https:\/\/schema.org","@graph":[{"@type":"WebPage","@id":"https:\/\/staging.ide-tech.com\/es\/soluciones-de-agua\/desalacion-de-agua-de-mar\/desalinizacion-despues-del-tratamiento\/","url":"https:\/\/staging.ide-tech.com\/es\/soluciones-de-agua\/desalacion-de-agua-de-mar\/desalinizacion-despues-del-tratamiento\/","name":"Desalaci\u00f3n despu\u00e9s del tratamiento | IDE Tech","isPartOf":{"@id":"https:\/\/staging.ide-tech.com\/en\/#website"},"primaryImageOfPage":{"@id":"https:\/\/staging.ide-tech.com\/es\/soluciones-de-agua\/desalacion-de-agua-de-mar\/desalinizacion-despues-del-tratamiento\/#primaryimage"},"image":{"@id":"https:\/\/staging.ide-tech.com\/es\/soluciones-de-agua\/desalacion-de-agua-de-mar\/desalinizacion-despues-del-tratamiento\/#primaryimage"},"thumbnailUrl":"https:\/\/staging.ide-tech.com\/wp-content\/uploads\/2023\/03\/POST-TREATMENT-1920X650-1.jpg","datePublished":"2023-03-01T12:05:45+00:00","dateModified":"2025-07-24T12:23:40+00:00","description":"El postratamiento de desalaci\u00f3n de agua de mar de IDE garantiza una agua de alta calidad mediante procesos de remineralizaci\u00f3n, desinfecci\u00f3n y estabilizaci\u00f3n.","breadcrumb":{"@id":"https:\/\/staging.ide-tech.com\/es\/soluciones-de-agua\/desalacion-de-agua-de-mar\/desalinizacion-despues-del-tratamiento\/#breadcrumb"},"inLanguage":"es","potentialAction":[{"@type":"ReadAction","target":["https:\/\/staging.ide-tech.com\/es\/soluciones-de-agua\/desalacion-de-agua-de-mar\/desalinizacion-despues-del-tratamiento\/"]}]},{"@type":"ImageObject","inLanguage":"es","@id":"https:\/\/staging.ide-tech.com\/es\/soluciones-de-agua\/desalacion-de-agua-de-mar\/desalinizacion-despues-del-tratamiento\/#primaryimage","url":"https:\/\/staging.ide-tech.com\/wp-content\/uploads\/2023\/03\/POST-TREATMENT-1920X650-1.jpg","contentUrl":"https:\/\/staging.ide-tech.com\/wp-content\/uploads\/2023\/03\/POST-TREATMENT-1920X650-1.jpg","width":1920,"height":650,"caption":"seawater desalination post-treatment"},{"@type":"BreadcrumbList","@id":"https:\/\/staging.ide-tech.com\/es\/soluciones-de-agua\/desalacion-de-agua-de-mar\/desalinizacion-despues-del-tratamiento\/#breadcrumb","itemListElement":[{"@type":"ListItem","position":1,"name":"Home","item":"https:\/\/staging.ide-tech.com\/es\/hogar\/"},{"@type":"ListItem","position":2,"name":"Soluciones h\u00eddricas","item":"https:\/\/staging.ide-tech.com\/es\/soluciones-de-agua\/"},{"@type":"ListItem","position":3,"name":"Tecnolog\u00eda de desalaci\u00f3n de agua de mar","item":"https:\/\/staging.ide-tech.com\/es\/soluciones-de-agua\/desalacion-de-agua-de-mar\/"},{"@type":"ListItem","position":4,"name":"Desalaci\u00f3n despu\u00e9s del tratamiento"}]},{"@type":"WebSite","@id":"https:\/\/staging.ide-tech.com\/en\/#website","url":"https:\/\/staging.ide-tech.com\/en\/","name":"IDE Tech","description":"Your Water Partner","potentialAction":[{"@type":"SearchAction","target":{"@type":"EntryPoint","urlTemplate":"https:\/\/staging.ide-tech.com\/en\/?s={search_term_string}"},"query-input":{"@type":"PropertyValueSpecification","valueRequired":true,"valueName":"search_term_string"}}],"inLanguage":"es"}]}},"_links":{"self":[{"href":"https:\/\/staging.ide-tech.com\/es\/wp-json\/wp\/v2\/pages\/8344","targetHints":{"allow":["GET"]}}],"collection":[{"href":"https:\/\/staging.ide-tech.com\/es\/wp-json\/wp\/v2\/pages"}],"about":[{"href":"https:\/\/staging.ide-tech.com\/es\/wp-json\/wp\/v2\/types\/page"}],"author":[{"embeddable":true,"href":"https:\/\/staging.ide-tech.com\/es\/wp-json\/wp\/v2\/users\/2"}],"replies":[{"embeddable":true,"href":"https:\/\/staging.ide-tech.com\/es\/wp-json\/wp\/v2\/comments?post=8344"}],"version-history":[{"count":5,"href":"https:\/\/staging.ide-tech.com\/es\/wp-json\/wp\/v2\/pages\/8344\/revisions"}],"predecessor-version":[{"id":10309,"href":"https:\/\/staging.ide-tech.com\/es\/wp-json\/wp\/v2\/pages\/8344\/revisions\/10309"}],"up":[{"embeddable":true,"href":"https:\/\/staging.ide-tech.com\/es\/wp-json\/wp\/v2\/pages\/3116"}],"wp:featuredmedia":[{"embeddable":true,"href":"https:\/\/staging.ide-tech.com\/es\/wp-json\/wp\/v2\/media\/7169"}],"wp:attachment":[{"href":"https:\/\/staging.ide-tech.com\/es\/wp-json\/wp\/v2\/media?parent=8344"}],"curies":[{"name":"wp","href":"https:\/\/api.w.org\/{rel}","templated":true}]}}