{"id":8328,"date":"2023-03-01T10:53:39","date_gmt":"2023-03-01T10:53:39","guid":{"rendered":"https:\/\/staging.ide-tech.com\/soluciones-de-agua\/desalacion-de-agua-de-mar\/sistemas-de-entrada-y-salida-de-agua-de-mar\/"},"modified":"2025-07-24T12:23:41","modified_gmt":"2025-07-24T12:23:41","slug":"sistemas-de-entrada-y-salida-de-agua-de-mar","status":"publish","type":"page","link":"https:\/\/staging.ide-tech.com\/es\/soluciones-de-agua\/desalacion-de-agua-de-mar\/sistemas-de-entrada-y-salida-de-agua-de-mar\/","title":{"rendered":"Sistemas de entrada y salida de agua de mar"},"content":{"rendered":"<p><img loading=\"lazy\" decoding=\"async\" class=\"wp-image-5415 aligncenter\" src=\"https:\/\/staging.ide-tech.com\/wp-content\/uploads\/2024\/02\/turquoise-wave.svg\" alt=\"\" width=\"114\" height=\"25\" \/><\/p>\n<p>&nbsp;<\/p>\n<h2><strong>La elecci\u00f3n de la l\u00ednea de captaci\u00f3n adecuada implica varios par\u00e1metros:<\/strong><\/h2>\n<p>&nbsp;<\/p>\n<p><img loading=\"lazy\" decoding=\"async\" class=\"wp-image-5427 alignleft\" src=\"https:\/\/staging.ide-tech.com\/wp-content\/uploads\/2024\/02\/bullet-circle-wave.svg\" alt=\"\" width=\"29\" height=\"22\" \/>Identificar la ubicaci\u00f3n correcta para \u00a0la torre de captacion y la ruta de la tuber\u00eda de \u00a0succion.<\/p>\n<p><img loading=\"lazy\" decoding=\"async\" class=\"wp-image-5427 alignleft\" src=\"https:\/\/staging.ide-tech.com\/wp-content\/uploads\/2024\/02\/bullet-circle-wave.svg\" alt=\"\" width=\"29\" height=\"22\" \/>Los par\u00e1metros m\u00e1s importantes del proceso son TDS, TSS y TOC.<\/p>\n<p><img loading=\"lazy\" decoding=\"async\" class=\"wp-image-5427 alignleft\" src=\"https:\/\/staging.ide-tech.com\/wp-content\/uploads\/2024\/02\/bullet-circle-wave.svg\" alt=\"\" width=\"29\" height=\"22\" \/>El tipo de mar tiene un gran impacto en el coste de las obras mar\u00edtimas.<\/p>\n<p><img loading=\"lazy\" decoding=\"async\" class=\"wp-image-5427 alignleft\" src=\"https:\/\/staging.ide-tech.com\/wp-content\/uploads\/2024\/02\/bullet-circle-wave.svg\" alt=\"\" width=\"29\" height=\"22\" \/>Consideraciones ambientales: un factor muy importante a la hora de elegir la ubicaci\u00f3n de la planta y su tuber\u00eda de admisi\u00f3n.<\/p>\n<p><img loading=\"lazy\" decoding=\"async\" class=\"wp-image-5427 alignleft\" src=\"https:\/\/staging.ide-tech.com\/wp-content\/uploads\/2024\/02\/bullet-circle-wave.svg\" alt=\"\" width=\"29\" height=\"22\" \/><\/p>\n<p>El coste de la torre de captacion, las tuber\u00edas marinas y la estaci\u00f3n de bombeo puede alcanzar el 35% del coste total de toda la desaladora.<\/p>\n<h3><img loading=\"lazy\" decoding=\"async\" class=\"wp-image-5413 aligncenter\" src=\"https:\/\/staging.ide-tech.com\/wp-content\/uploads\/2024\/02\/light-blue-wave.svg\" alt=\"\" width=\"104\" height=\"17\" \/><\/h3>\n<p>&nbsp;<\/p>\n<h2>IDE est\u00e1 especializada en el dise\u00f1o de sistemas de captaci\u00f3n para centrales t\u00e9rmicas, desalaci\u00f3n y sistemas de refrigeraci\u00f3n de procesos. Nuestra experiencia incluye:<\/h2>\n<p>&nbsp;<\/p>\n<p><img loading=\"lazy\" decoding=\"async\" class=\"wp-image-5427 alignleft\" src=\"https:\/\/staging.ide-tech.com\/wp-content\/uploads\/2024\/02\/bullet-circle-wave.svg\" alt=\"\" width=\"29\" height=\"22\" \/>Selecci\u00f3n del dise\u00f1o \u00f3ptimo de extracci\u00f3n de agua de mar en funci\u00f3n del flujo y los requisitos del proceso, la batimetr\u00eda del lecho marino y la optimizaci\u00f3n del sistema.<\/p>\n<p><img loading=\"lazy\" decoding=\"async\" class=\"wp-image-5427 alignleft\" src=\"https:\/\/staging.ide-tech.com\/wp-content\/uploads\/2024\/02\/bullet-circle-wave.svg\" alt=\"\" width=\"29\" height=\"22\" \/>Dise\u00f1o, selecci\u00f3n y especificaci\u00f3n de sistemas de cribado y tuber\u00edas, sistemas de limpieza de l\u00edneas marinas y sistemas de bombeo de agua de mar para la configuraci\u00f3n de bombas verticales y horizontales con cebado.<\/p>\n<p><img loading=\"lazy\" decoding=\"async\" class=\"wp-image-5427 alignleft\" src=\"https:\/\/staging.ide-tech.com\/wp-content\/uploads\/2024\/02\/bullet-circle-wave.svg\" alt=\"\" width=\"29\" height=\"22\" \/>Competencia en modelado CFD, estudios de recirculaci\u00f3n y evaluaciones de impacto ambiental tanto para sistemas de toma de agua de mar como de emisarios.<\/p>\n<p><img loading=\"lazy\" decoding=\"async\" class=\"wp-image-5427 alignleft\" src=\"https:\/\/staging.ide-tech.com\/wp-content\/uploads\/2024\/02\/bullet-circle-wave.svg\" alt=\"\" width=\"29\" height=\"22\" \/>Dise\u00f1o de sistemas de captaci\u00f3n tanto abiertos como sumergidos en diversas configuraciones, incluida la opci\u00f3n de captaci\u00f3n de agua de mar de pozos de playa para desaladoras.<\/p>\n","protected":false},"excerpt":{"rendered":"<p>&nbsp; La elecci\u00f3n de la l\u00ednea de captaci\u00f3n adecuada implica varios par\u00e1metros: &nbsp; Identificar la ubicaci\u00f3n correcta para \u00a0la torre de captacion y la ruta de la tuber\u00eda de \u00a0succion. Los par\u00e1metros m\u00e1s importantes del proceso son TDS, TSS y TOC. El tipo de mar tiene un gran impacto en el coste de las obras [&hellip;]<\/p>\n","protected":false},"author":2,"featured_media":7155,"parent":3116,"menu_order":97,"comment_status":"closed","ping_status":"closed","template":"page-Industriesinner.php","meta":{"_acf_changed":false,"inline_featured_image":false,"footnotes":""},"class_list":["post-8328","page","type-page","status-publish","has-post-thumbnail","hentry"],"acf":[],"yoast_head":"<!-- This site is optimized with the Yoast SEO plugin v27.0 - https:\/\/yoast.com\/product\/yoast-seo-wordpress\/ -->\n<title>Sistemas de entrada y salida de agua de mar | IDE Tech<\/title>\n<meta name=\"description\" content=\"Explore soluciones para sistemas de toma de agua de mar dise\u00f1adas para proteger la vida marina, garantizar una toma constante y satisfacer las exigencias medioambientales y de desalaci\u00f3n.\" \/>\n<meta name=\"robots\" content=\"noindex, follow, max-snippet:-1, max-image-preview:large, max-video-preview:-1\" \/>\n<meta property=\"og:locale\" content=\"es_ES\" \/>\n<meta property=\"og:type\" content=\"article\" \/>\n<meta property=\"og:title\" content=\"Sistemas de entrada y salida de agua de mar | IDE Tech\" \/>\n<meta property=\"og:description\" content=\"Explore soluciones para sistemas de toma de agua de mar dise\u00f1adas para proteger la vida marina, garantizar una toma constante y satisfacer las exigencias medioambientales y de desalaci\u00f3n.\" \/>\n<meta property=\"og:url\" content=\"https:\/\/staging.ide-tech.com\/es\/soluciones-de-agua\/desalacion-de-agua-de-mar\/sistemas-de-entrada-y-salida-de-agua-de-mar\/\" \/>\n<meta property=\"og:site_name\" content=\"IDE Tech\" \/>\n<meta property=\"article:modified_time\" content=\"2025-07-24T12:23:41+00:00\" \/>\n<meta property=\"og:image\" content=\"https:\/\/staging.ide-tech.com\/wp-content\/uploads\/2023\/03\/INTAKE-PIPES2.jpg-1-1024x524.png\" \/>\n\t<meta property=\"og:image:width\" content=\"1024\" \/>\n\t<meta property=\"og:image:height\" content=\"524\" \/>\n\t<meta property=\"og:image:type\" content=\"image\/png\" \/>\n<meta name=\"twitter:card\" content=\"summary_large_image\" \/>\n<meta name=\"twitter:label1\" content=\"Tiempo de lectura\" \/>\n\t<meta name=\"twitter:data1\" content=\"4 minutos\" \/>\n<script type=\"application\/ld+json\" class=\"yoast-schema-graph\">{\"@context\":\"https:\/\/schema.org\",\"@graph\":[{\"@type\":\"WebPage\",\"@id\":\"https:\/\/staging.ide-tech.com\/es\/soluciones-de-agua\/desalacion-de-agua-de-mar\/sistemas-de-entrada-y-salida-de-agua-de-mar\/\",\"url\":\"https:\/\/staging.ide-tech.com\/es\/soluciones-de-agua\/desalacion-de-agua-de-mar\/sistemas-de-entrada-y-salida-de-agua-de-mar\/\",\"name\":\"Sistemas de entrada y salida de agua de mar | IDE Tech\",\"isPartOf\":{\"@id\":\"https:\/\/staging.ide-tech.com\/en\/#website\"},\"primaryImageOfPage\":{\"@id\":\"https:\/\/staging.ide-tech.com\/es\/soluciones-de-agua\/desalacion-de-agua-de-mar\/sistemas-de-entrada-y-salida-de-agua-de-mar\/#primaryimage\"},\"image\":{\"@id\":\"https:\/\/staging.ide-tech.com\/es\/soluciones-de-agua\/desalacion-de-agua-de-mar\/sistemas-de-entrada-y-salida-de-agua-de-mar\/#primaryimage\"},\"thumbnailUrl\":\"https:\/\/staging.ide-tech.com\/wp-content\/uploads\/2023\/03\/INTAKE-PIPES2.jpg-1.png\",\"datePublished\":\"2023-03-01T10:53:39+00:00\",\"dateModified\":\"2025-07-24T12:23:41+00:00\",\"description\":\"Explore soluciones para sistemas de toma de agua de mar dise\u00f1adas para proteger la vida marina, garantizar una toma constante y satisfacer las exigencias medioambientales y de desalaci\u00f3n.\",\"breadcrumb\":{\"@id\":\"https:\/\/staging.ide-tech.com\/es\/soluciones-de-agua\/desalacion-de-agua-de-mar\/sistemas-de-entrada-y-salida-de-agua-de-mar\/#breadcrumb\"},\"inLanguage\":\"es\",\"potentialAction\":[{\"@type\":\"ReadAction\",\"target\":[\"https:\/\/staging.ide-tech.com\/es\/soluciones-de-agua\/desalacion-de-agua-de-mar\/sistemas-de-entrada-y-salida-de-agua-de-mar\/\"]}]},{\"@type\":\"ImageObject\",\"inLanguage\":\"es\",\"@id\":\"https:\/\/staging.ide-tech.com\/es\/soluciones-de-agua\/desalacion-de-agua-de-mar\/sistemas-de-entrada-y-salida-de-agua-de-mar\/#primaryimage\",\"url\":\"https:\/\/staging.ide-tech.com\/wp-content\/uploads\/2023\/03\/INTAKE-PIPES2.jpg-1.png\",\"contentUrl\":\"https:\/\/staging.ide-tech.com\/wp-content\/uploads\/2023\/03\/INTAKE-PIPES2.jpg-1.png\",\"width\":1643,\"height\":841,\"caption\":\"seawater intake system\"},{\"@type\":\"BreadcrumbList\",\"@id\":\"https:\/\/staging.ide-tech.com\/es\/soluciones-de-agua\/desalacion-de-agua-de-mar\/sistemas-de-entrada-y-salida-de-agua-de-mar\/#breadcrumb\",\"itemListElement\":[{\"@type\":\"ListItem\",\"position\":1,\"name\":\"Home\",\"item\":\"https:\/\/staging.ide-tech.com\/es\/hogar\/\"},{\"@type\":\"ListItem\",\"position\":2,\"name\":\"Soluciones h\u00eddricas\",\"item\":\"https:\/\/staging.ide-tech.com\/es\/soluciones-de-agua\/\"},{\"@type\":\"ListItem\",\"position\":3,\"name\":\"Tecnolog\u00eda de desalaci\u00f3n de agua de mar\",\"item\":\"https:\/\/staging.ide-tech.com\/es\/soluciones-de-agua\/desalacion-de-agua-de-mar\/\"},{\"@type\":\"ListItem\",\"position\":4,\"name\":\"Sistemas de entrada y salida de agua de mar\"}]},{\"@type\":\"WebSite\",\"@id\":\"https:\/\/staging.ide-tech.com\/en\/#website\",\"url\":\"https:\/\/staging.ide-tech.com\/en\/\",\"name\":\"IDE Tech\",\"description\":\"Your Water Partner\",\"potentialAction\":[{\"@type\":\"SearchAction\",\"target\":{\"@type\":\"EntryPoint\",\"urlTemplate\":\"https:\/\/staging.ide-tech.com\/en\/?s={search_term_string}\"},\"query-input\":{\"@type\":\"PropertyValueSpecification\",\"valueRequired\":true,\"valueName\":\"search_term_string\"}}],\"inLanguage\":\"es\"}]}<\/script>\n<!-- \/ Yoast SEO plugin. -->","yoast_head_json":{"title":"Sistemas de entrada y salida de agua de mar | IDE Tech","description":"Explore soluciones para sistemas de toma de agua de mar dise\u00f1adas para proteger la vida marina, garantizar una toma constante y satisfacer las exigencias medioambientales y de desalaci\u00f3n.","robots":{"index":"noindex","follow":"follow","max-snippet":"max-snippet:-1","max-image-preview":"max-image-preview:large","max-video-preview":"max-video-preview:-1"},"og_locale":"es_ES","og_type":"article","og_title":"Sistemas de entrada y salida de agua de mar | IDE Tech","og_description":"Explore soluciones para sistemas de toma de agua de mar dise\u00f1adas para proteger la vida marina, garantizar una toma constante y satisfacer las exigencias medioambientales y de desalaci\u00f3n.","og_url":"https:\/\/staging.ide-tech.com\/es\/soluciones-de-agua\/desalacion-de-agua-de-mar\/sistemas-de-entrada-y-salida-de-agua-de-mar\/","og_site_name":"IDE Tech","article_modified_time":"2025-07-24T12:23:41+00:00","og_image":[{"width":1024,"height":524,"url":"https:\/\/staging.ide-tech.com\/wp-content\/uploads\/2023\/03\/INTAKE-PIPES2.jpg-1-1024x524.png","type":"image\/png"}],"twitter_card":"summary_large_image","twitter_misc":{"Tiempo de lectura":"4 minutos"},"schema":{"@context":"https:\/\/schema.org","@graph":[{"@type":"WebPage","@id":"https:\/\/staging.ide-tech.com\/es\/soluciones-de-agua\/desalacion-de-agua-de-mar\/sistemas-de-entrada-y-salida-de-agua-de-mar\/","url":"https:\/\/staging.ide-tech.com\/es\/soluciones-de-agua\/desalacion-de-agua-de-mar\/sistemas-de-entrada-y-salida-de-agua-de-mar\/","name":"Sistemas de entrada y salida de agua de mar | IDE Tech","isPartOf":{"@id":"https:\/\/staging.ide-tech.com\/en\/#website"},"primaryImageOfPage":{"@id":"https:\/\/staging.ide-tech.com\/es\/soluciones-de-agua\/desalacion-de-agua-de-mar\/sistemas-de-entrada-y-salida-de-agua-de-mar\/#primaryimage"},"image":{"@id":"https:\/\/staging.ide-tech.com\/es\/soluciones-de-agua\/desalacion-de-agua-de-mar\/sistemas-de-entrada-y-salida-de-agua-de-mar\/#primaryimage"},"thumbnailUrl":"https:\/\/staging.ide-tech.com\/wp-content\/uploads\/2023\/03\/INTAKE-PIPES2.jpg-1.png","datePublished":"2023-03-01T10:53:39+00:00","dateModified":"2025-07-24T12:23:41+00:00","description":"Explore soluciones para sistemas de toma de agua de mar dise\u00f1adas para proteger la vida marina, garantizar una toma constante y satisfacer las exigencias medioambientales y de desalaci\u00f3n.","breadcrumb":{"@id":"https:\/\/staging.ide-tech.com\/es\/soluciones-de-agua\/desalacion-de-agua-de-mar\/sistemas-de-entrada-y-salida-de-agua-de-mar\/#breadcrumb"},"inLanguage":"es","potentialAction":[{"@type":"ReadAction","target":["https:\/\/staging.ide-tech.com\/es\/soluciones-de-agua\/desalacion-de-agua-de-mar\/sistemas-de-entrada-y-salida-de-agua-de-mar\/"]}]},{"@type":"ImageObject","inLanguage":"es","@id":"https:\/\/staging.ide-tech.com\/es\/soluciones-de-agua\/desalacion-de-agua-de-mar\/sistemas-de-entrada-y-salida-de-agua-de-mar\/#primaryimage","url":"https:\/\/staging.ide-tech.com\/wp-content\/uploads\/2023\/03\/INTAKE-PIPES2.jpg-1.png","contentUrl":"https:\/\/staging.ide-tech.com\/wp-content\/uploads\/2023\/03\/INTAKE-PIPES2.jpg-1.png","width":1643,"height":841,"caption":"seawater intake system"},{"@type":"BreadcrumbList","@id":"https:\/\/staging.ide-tech.com\/es\/soluciones-de-agua\/desalacion-de-agua-de-mar\/sistemas-de-entrada-y-salida-de-agua-de-mar\/#breadcrumb","itemListElement":[{"@type":"ListItem","position":1,"name":"Home","item":"https:\/\/staging.ide-tech.com\/es\/hogar\/"},{"@type":"ListItem","position":2,"name":"Soluciones h\u00eddricas","item":"https:\/\/staging.ide-tech.com\/es\/soluciones-de-agua\/"},{"@type":"ListItem","position":3,"name":"Tecnolog\u00eda de desalaci\u00f3n de agua de mar","item":"https:\/\/staging.ide-tech.com\/es\/soluciones-de-agua\/desalacion-de-agua-de-mar\/"},{"@type":"ListItem","position":4,"name":"Sistemas de entrada y salida de agua de mar"}]},{"@type":"WebSite","@id":"https:\/\/staging.ide-tech.com\/en\/#website","url":"https:\/\/staging.ide-tech.com\/en\/","name":"IDE Tech","description":"Your Water Partner","potentialAction":[{"@type":"SearchAction","target":{"@type":"EntryPoint","urlTemplate":"https:\/\/staging.ide-tech.com\/en\/?s={search_term_string}"},"query-input":{"@type":"PropertyValueSpecification","valueRequired":true,"valueName":"search_term_string"}}],"inLanguage":"es"}]}},"_links":{"self":[{"href":"https:\/\/staging.ide-tech.com\/es\/wp-json\/wp\/v2\/pages\/8328","targetHints":{"allow":["GET"]}}],"collection":[{"href":"https:\/\/staging.ide-tech.com\/es\/wp-json\/wp\/v2\/pages"}],"about":[{"href":"https:\/\/staging.ide-tech.com\/es\/wp-json\/wp\/v2\/types\/page"}],"author":[{"embeddable":true,"href":"https:\/\/staging.ide-tech.com\/es\/wp-json\/wp\/v2\/users\/2"}],"replies":[{"embeddable":true,"href":"https:\/\/staging.ide-tech.com\/es\/wp-json\/wp\/v2\/comments?post=8328"}],"version-history":[{"count":7,"href":"https:\/\/staging.ide-tech.com\/es\/wp-json\/wp\/v2\/pages\/8328\/revisions"}],"predecessor-version":[{"id":10311,"href":"https:\/\/staging.ide-tech.com\/es\/wp-json\/wp\/v2\/pages\/8328\/revisions\/10311"}],"up":[{"embeddable":true,"href":"https:\/\/staging.ide-tech.com\/es\/wp-json\/wp\/v2\/pages\/3116"}],"wp:featuredmedia":[{"embeddable":true,"href":"https:\/\/staging.ide-tech.com\/es\/wp-json\/wp\/v2\/media\/7155"}],"wp:attachment":[{"href":"https:\/\/staging.ide-tech.com\/es\/wp-json\/wp\/v2\/media?parent=8328"}],"curies":[{"name":"wp","href":"https:\/\/api.w.org\/{rel}","templated":true}]}}