{"id":3122,"date":"2022-11-02T06:55:42","date_gmt":"2022-11-02T06:55:42","guid":{"rendered":"https:\/\/ide-tech.com\/?page_id=3122"},"modified":"2025-07-24T12:23:41","modified_gmt":"2025-07-24T12:23:41","slug":"purga-de-la-torre-de-enfriamiento","status":"publish","type":"page","link":"https:\/\/staging.ide-tech.com\/es\/soluciones-de-agua\/tratamiento-de-aguas-industriales\/purga-de-la-torre-de-enfriamiento\/","title":{"rendered":"Purga de torres de refrigeraci\u00f3n"},"content":{"rendered":"","protected":false},"excerpt":{"rendered":"","protected":false},"author":28,"featured_media":2696,"parent":3027,"menu_order":29,"comment_status":"closed","ping_status":"closed","template":"page-cooling-tower.php","meta":{"_acf_changed":false,"inline_featured_image":false,"footnotes":""},"class_list":["post-3122","page","type-page","status-publish","has-post-thumbnail","hentry"],"acf":[],"yoast_head":"<!-- This site is optimized with the Yoast SEO plugin v27.0 - https:\/\/yoast.com\/product\/yoast-seo-wordpress\/ -->\n<title>Tratamiento de purga de torres de refrigeraci\u00f3n | IDE Technologies<\/title>\n<meta name=\"description\" content=\"Descubra el tratamiento eficiente para la purga de torres de refrigeraci\u00f3n. Minimice el impacto, reduzca los costes y mejore la reutilizaci\u00f3n del agua en los procesos industriales.\" \/>\n<meta name=\"robots\" content=\"noindex, follow, max-snippet:-1, max-image-preview:large, max-video-preview:-1\" \/>\n<meta property=\"og:locale\" content=\"es_ES\" \/>\n<meta property=\"og:type\" content=\"article\" \/>\n<meta property=\"og:title\" content=\"Tratamiento de purga de torres de refrigeraci\u00f3n | IDE Technologies\" \/>\n<meta property=\"og:description\" content=\"Descubra el tratamiento eficiente para la purga de torres de refrigeraci\u00f3n. Minimice el impacto, reduzca los costes y mejore la reutilizaci\u00f3n del agua en los procesos industriales.\" \/>\n<meta property=\"og:url\" content=\"https:\/\/staging.ide-tech.com\/es\/soluciones-de-agua\/tratamiento-de-aguas-industriales\/purga-de-la-torre-de-enfriamiento\/\" \/>\n<meta property=\"og:site_name\" content=\"IDE Tech\" \/>\n<meta property=\"article:modified_time\" content=\"2025-07-24T12:23:41+00:00\" \/>\n<meta property=\"og:image\" content=\"https:\/\/staging.ide-tech.com\/wp-content\/uploads\/2022\/10\/watslide1.png\" \/>\n\t<meta property=\"og:image:width\" content=\"335\" \/>\n\t<meta property=\"og:image:height\" content=\"441\" \/>\n\t<meta property=\"og:image:type\" content=\"image\/png\" \/>\n<meta name=\"twitter:card\" content=\"summary_large_image\" \/>\n<script type=\"application\/ld+json\" class=\"yoast-schema-graph\">{\"@context\":\"https:\/\/schema.org\",\"@graph\":[{\"@type\":\"WebPage\",\"@id\":\"https:\/\/staging.ide-tech.com\/es\/soluciones-de-agua\/tratamiento-de-aguas-industriales\/purga-de-la-torre-de-enfriamiento\/\",\"url\":\"https:\/\/staging.ide-tech.com\/es\/soluciones-de-agua\/tratamiento-de-aguas-industriales\/purga-de-la-torre-de-enfriamiento\/\",\"name\":\"Tratamiento de purga de torres de refrigeraci\u00f3n | IDE Technologies\",\"isPartOf\":{\"@id\":\"https:\/\/staging.ide-tech.com\/en\/#website\"},\"primaryImageOfPage\":{\"@id\":\"https:\/\/staging.ide-tech.com\/es\/soluciones-de-agua\/tratamiento-de-aguas-industriales\/purga-de-la-torre-de-enfriamiento\/#primaryimage\"},\"image\":{\"@id\":\"https:\/\/staging.ide-tech.com\/es\/soluciones-de-agua\/tratamiento-de-aguas-industriales\/purga-de-la-torre-de-enfriamiento\/#primaryimage\"},\"thumbnailUrl\":\"https:\/\/staging.ide-tech.com\/wp-content\/uploads\/2022\/10\/watslide1.png\",\"datePublished\":\"2022-11-02T06:55:42+00:00\",\"dateModified\":\"2025-07-24T12:23:41+00:00\",\"description\":\"Descubra el tratamiento eficiente para la purga de torres de refrigeraci\u00f3n. Minimice el impacto, reduzca los costes y mejore la reutilizaci\u00f3n del agua en los procesos industriales.\",\"breadcrumb\":{\"@id\":\"https:\/\/staging.ide-tech.com\/es\/soluciones-de-agua\/tratamiento-de-aguas-industriales\/purga-de-la-torre-de-enfriamiento\/#breadcrumb\"},\"inLanguage\":\"es\",\"potentialAction\":[{\"@type\":\"ReadAction\",\"target\":[\"https:\/\/staging.ide-tech.com\/es\/soluciones-de-agua\/tratamiento-de-aguas-industriales\/purga-de-la-torre-de-enfriamiento\/\"]}]},{\"@type\":\"ImageObject\",\"inLanguage\":\"es\",\"@id\":\"https:\/\/staging.ide-tech.com\/es\/soluciones-de-agua\/tratamiento-de-aguas-industriales\/purga-de-la-torre-de-enfriamiento\/#primaryimage\",\"url\":\"https:\/\/staging.ide-tech.com\/wp-content\/uploads\/2022\/10\/watslide1.png\",\"contentUrl\":\"https:\/\/staging.ide-tech.com\/wp-content\/uploads\/2022\/10\/watslide1.png\",\"width\":335,\"height\":441,\"caption\":\"cooling tower blowdown treatment\"},{\"@type\":\"BreadcrumbList\",\"@id\":\"https:\/\/staging.ide-tech.com\/es\/soluciones-de-agua\/tratamiento-de-aguas-industriales\/purga-de-la-torre-de-enfriamiento\/#breadcrumb\",\"itemListElement\":[{\"@type\":\"ListItem\",\"position\":1,\"name\":\"Home\",\"item\":\"https:\/\/staging.ide-tech.com\/es\/hogar\/\"},{\"@type\":\"ListItem\",\"position\":2,\"name\":\"Soluciones h\u00eddricas\",\"item\":\"https:\/\/staging.ide-tech.com\/es\/soluciones-de-agua\/\"},{\"@type\":\"ListItem\",\"position\":3,\"name\":\"Tratamiento de aguas industriales\",\"item\":\"https:\/\/staging.ide-tech.com\/es\/soluciones-de-agua\/tratamiento-de-aguas-industriales\/\"},{\"@type\":\"ListItem\",\"position\":4,\"name\":\"Purga de torres de refrigeraci\u00f3n\"}]},{\"@type\":\"WebSite\",\"@id\":\"https:\/\/staging.ide-tech.com\/en\/#website\",\"url\":\"https:\/\/staging.ide-tech.com\/en\/\",\"name\":\"IDE Tech\",\"description\":\"Your Water Partner\",\"potentialAction\":[{\"@type\":\"SearchAction\",\"target\":{\"@type\":\"EntryPoint\",\"urlTemplate\":\"https:\/\/staging.ide-tech.com\/en\/?s={search_term_string}\"},\"query-input\":{\"@type\":\"PropertyValueSpecification\",\"valueRequired\":true,\"valueName\":\"search_term_string\"}}],\"inLanguage\":\"es\"}]}<\/script>\n<!-- \/ Yoast SEO plugin. -->","yoast_head_json":{"title":"Tratamiento de purga de torres de refrigeraci\u00f3n | IDE Technologies","description":"Descubra el tratamiento eficiente para la purga de torres de refrigeraci\u00f3n. Minimice el impacto, reduzca los costes y mejore la reutilizaci\u00f3n del agua en los procesos industriales.","robots":{"index":"noindex","follow":"follow","max-snippet":"max-snippet:-1","max-image-preview":"max-image-preview:large","max-video-preview":"max-video-preview:-1"},"og_locale":"es_ES","og_type":"article","og_title":"Tratamiento de purga de torres de refrigeraci\u00f3n | IDE Technologies","og_description":"Descubra el tratamiento eficiente para la purga de torres de refrigeraci\u00f3n. Minimice el impacto, reduzca los costes y mejore la reutilizaci\u00f3n del agua en los procesos industriales.","og_url":"https:\/\/staging.ide-tech.com\/es\/soluciones-de-agua\/tratamiento-de-aguas-industriales\/purga-de-la-torre-de-enfriamiento\/","og_site_name":"IDE Tech","article_modified_time":"2025-07-24T12:23:41+00:00","og_image":[{"width":335,"height":441,"url":"https:\/\/staging.ide-tech.com\/wp-content\/uploads\/2022\/10\/watslide1.png","type":"image\/png"}],"twitter_card":"summary_large_image","schema":{"@context":"https:\/\/schema.org","@graph":[{"@type":"WebPage","@id":"https:\/\/staging.ide-tech.com\/es\/soluciones-de-agua\/tratamiento-de-aguas-industriales\/purga-de-la-torre-de-enfriamiento\/","url":"https:\/\/staging.ide-tech.com\/es\/soluciones-de-agua\/tratamiento-de-aguas-industriales\/purga-de-la-torre-de-enfriamiento\/","name":"Tratamiento de purga de torres de refrigeraci\u00f3n | IDE Technologies","isPartOf":{"@id":"https:\/\/staging.ide-tech.com\/en\/#website"},"primaryImageOfPage":{"@id":"https:\/\/staging.ide-tech.com\/es\/soluciones-de-agua\/tratamiento-de-aguas-industriales\/purga-de-la-torre-de-enfriamiento\/#primaryimage"},"image":{"@id":"https:\/\/staging.ide-tech.com\/es\/soluciones-de-agua\/tratamiento-de-aguas-industriales\/purga-de-la-torre-de-enfriamiento\/#primaryimage"},"thumbnailUrl":"https:\/\/staging.ide-tech.com\/wp-content\/uploads\/2022\/10\/watslide1.png","datePublished":"2022-11-02T06:55:42+00:00","dateModified":"2025-07-24T12:23:41+00:00","description":"Descubra el tratamiento eficiente para la purga de torres de refrigeraci\u00f3n. Minimice el impacto, reduzca los costes y mejore la reutilizaci\u00f3n del agua en los procesos industriales.","breadcrumb":{"@id":"https:\/\/staging.ide-tech.com\/es\/soluciones-de-agua\/tratamiento-de-aguas-industriales\/purga-de-la-torre-de-enfriamiento\/#breadcrumb"},"inLanguage":"es","potentialAction":[{"@type":"ReadAction","target":["https:\/\/staging.ide-tech.com\/es\/soluciones-de-agua\/tratamiento-de-aguas-industriales\/purga-de-la-torre-de-enfriamiento\/"]}]},{"@type":"ImageObject","inLanguage":"es","@id":"https:\/\/staging.ide-tech.com\/es\/soluciones-de-agua\/tratamiento-de-aguas-industriales\/purga-de-la-torre-de-enfriamiento\/#primaryimage","url":"https:\/\/staging.ide-tech.com\/wp-content\/uploads\/2022\/10\/watslide1.png","contentUrl":"https:\/\/staging.ide-tech.com\/wp-content\/uploads\/2022\/10\/watslide1.png","width":335,"height":441,"caption":"cooling tower blowdown treatment"},{"@type":"BreadcrumbList","@id":"https:\/\/staging.ide-tech.com\/es\/soluciones-de-agua\/tratamiento-de-aguas-industriales\/purga-de-la-torre-de-enfriamiento\/#breadcrumb","itemListElement":[{"@type":"ListItem","position":1,"name":"Home","item":"https:\/\/staging.ide-tech.com\/es\/hogar\/"},{"@type":"ListItem","position":2,"name":"Soluciones h\u00eddricas","item":"https:\/\/staging.ide-tech.com\/es\/soluciones-de-agua\/"},{"@type":"ListItem","position":3,"name":"Tratamiento de aguas industriales","item":"https:\/\/staging.ide-tech.com\/es\/soluciones-de-agua\/tratamiento-de-aguas-industriales\/"},{"@type":"ListItem","position":4,"name":"Purga de torres de refrigeraci\u00f3n"}]},{"@type":"WebSite","@id":"https:\/\/staging.ide-tech.com\/en\/#website","url":"https:\/\/staging.ide-tech.com\/en\/","name":"IDE Tech","description":"Your Water Partner","potentialAction":[{"@type":"SearchAction","target":{"@type":"EntryPoint","urlTemplate":"https:\/\/staging.ide-tech.com\/en\/?s={search_term_string}"},"query-input":{"@type":"PropertyValueSpecification","valueRequired":true,"valueName":"search_term_string"}}],"inLanguage":"es"}]}},"_links":{"self":[{"href":"https:\/\/staging.ide-tech.com\/es\/wp-json\/wp\/v2\/pages\/3122","targetHints":{"allow":["GET"]}}],"collection":[{"href":"https:\/\/staging.ide-tech.com\/es\/wp-json\/wp\/v2\/pages"}],"about":[{"href":"https:\/\/staging.ide-tech.com\/es\/wp-json\/wp\/v2\/types\/page"}],"author":[{"embeddable":true,"href":"https:\/\/staging.ide-tech.com\/es\/wp-json\/wp\/v2\/users\/28"}],"replies":[{"embeddable":true,"href":"https:\/\/staging.ide-tech.com\/es\/wp-json\/wp\/v2\/comments?post=3122"}],"version-history":[{"count":3,"href":"https:\/\/staging.ide-tech.com\/es\/wp-json\/wp\/v2\/pages\/3122\/revisions"}],"predecessor-version":[{"id":10312,"href":"https:\/\/staging.ide-tech.com\/es\/wp-json\/wp\/v2\/pages\/3122\/revisions\/10312"}],"up":[{"embeddable":true,"href":"https:\/\/staging.ide-tech.com\/es\/wp-json\/wp\/v2\/pages\/3027"}],"wp:featuredmedia":[{"embeddable":true,"href":"https:\/\/staging.ide-tech.com\/es\/wp-json\/wp\/v2\/media\/2696"}],"wp:attachment":[{"href":"https:\/\/staging.ide-tech.com\/es\/wp-json\/wp\/v2\/media?parent=3122"}],"curies":[{"name":"wp","href":"https:\/\/api.w.org\/{rel}","templated":true}]}}