{"id":3089,"date":"2022-10-10T07:29:25","date_gmt":"2022-10-10T07:29:25","guid":{"rendered":"https:\/\/ide-tech.com\/?page_id=3089"},"modified":"2025-07-22T12:42:15","modified_gmt":"2025-07-22T12:42:15","slug":"reutilizacion-municipal","status":"publish","type":"page","link":"https:\/\/staging.ide-tech.com\/es\/soluciones-de-agua\/reutilizacion-municipal\/","title":{"rendered":"Sistemas municipales de tratamiento de aguas"},"content":{"rendered":"","protected":false},"excerpt":{"rendered":"","protected":false},"author":28,"featured_media":5280,"parent":3023,"menu_order":75,"comment_status":"closed","ping_status":"open","template":"page-municipal-reuse.php","meta":{"_acf_changed":false,"inline_featured_image":false,"footnotes":""},"class_list":["post-3089","page","type-page","status-publish","has-post-thumbnail","hentry"],"acf":[],"yoast_head":"<!-- This site is optimized with the Yoast SEO plugin v27.0 - https:\/\/yoast.com\/product\/yoast-seo-wordpress\/ -->\n<title>Sistemas municipales de tratamiento de aguas | IDE Tech<\/title>\n<meta name=\"description\" content=\"IDE ofrece innovadores sistemas municipales de tratamiento de agua para impulsar la reutilizaci\u00f3n, reducir los costes energ\u00e9ticos y apoyar la gesti\u00f3n sostenible del agua en las ciudades.\" \/>\n<meta name=\"robots\" content=\"noindex, follow, max-snippet:-1, max-image-preview:large, max-video-preview:-1\" \/>\n<meta property=\"og:locale\" content=\"es_ES\" \/>\n<meta property=\"og:type\" content=\"article\" \/>\n<meta property=\"og:title\" content=\"Sistemas municipales de tratamiento de aguas | IDE Tech\" \/>\n<meta property=\"og:description\" content=\"IDE ofrece innovadores sistemas municipales de tratamiento de agua para impulsar la reutilizaci\u00f3n, reducir los costes energ\u00e9ticos y apoyar la gesti\u00f3n sostenible del agua en las ciudades.\" \/>\n<meta property=\"og:url\" content=\"https:\/\/staging.ide-tech.com\/es\/soluciones-de-agua\/reutilizacion-municipal\/\" \/>\n<meta property=\"og:site_name\" content=\"IDE Tech\" \/>\n<meta property=\"article:modified_time\" content=\"2025-07-22T12:42:15+00:00\" \/>\n<meta property=\"og:image\" content=\"https:\/\/staging.ide-tech.com\/wp-content\/uploads\/2023\/01\/municipal-reuse-solution-img.png\" \/>\n\t<meta property=\"og:image:width\" content=\"334\" \/>\n\t<meta property=\"og:image:height\" content=\"438\" \/>\n\t<meta property=\"og:image:type\" content=\"image\/png\" \/>\n<meta name=\"twitter:card\" content=\"summary_large_image\" \/>\n<meta name=\"twitter:label1\" content=\"Tiempo de lectura\" \/>\n\t<meta name=\"twitter:data1\" content=\"1 minuto\" \/>\n<script type=\"application\/ld+json\" class=\"yoast-schema-graph\">{\"@context\":\"https:\/\/schema.org\",\"@graph\":[{\"@type\":\"WebPage\",\"@id\":\"https:\/\/staging.ide-tech.com\/es\/soluciones-de-agua\/reutilizacion-municipal\/\",\"url\":\"https:\/\/staging.ide-tech.com\/es\/soluciones-de-agua\/reutilizacion-municipal\/\",\"name\":\"Sistemas municipales de tratamiento de aguas | IDE Tech\",\"isPartOf\":{\"@id\":\"https:\/\/staging.ide-tech.com\/en\/#website\"},\"primaryImageOfPage\":{\"@id\":\"https:\/\/staging.ide-tech.com\/es\/soluciones-de-agua\/reutilizacion-municipal\/#primaryimage\"},\"image\":{\"@id\":\"https:\/\/staging.ide-tech.com\/es\/soluciones-de-agua\/reutilizacion-municipal\/#primaryimage\"},\"thumbnailUrl\":\"https:\/\/staging.ide-tech.com\/wp-content\/uploads\/2023\/01\/municipal-reuse-solution-img.png\",\"datePublished\":\"2022-10-10T07:29:25+00:00\",\"dateModified\":\"2025-07-22T12:42:15+00:00\",\"description\":\"IDE ofrece innovadores sistemas municipales de tratamiento de agua para impulsar la reutilizaci\u00f3n, reducir los costes energ\u00e9ticos y apoyar la gesti\u00f3n sostenible del agua en las ciudades.\",\"breadcrumb\":{\"@id\":\"https:\/\/staging.ide-tech.com\/es\/soluciones-de-agua\/reutilizacion-municipal\/#breadcrumb\"},\"inLanguage\":\"es\",\"potentialAction\":[{\"@type\":\"ReadAction\",\"target\":[\"https:\/\/staging.ide-tech.com\/es\/soluciones-de-agua\/reutilizacion-municipal\/\"]}]},{\"@type\":\"ImageObject\",\"inLanguage\":\"es\",\"@id\":\"https:\/\/staging.ide-tech.com\/es\/soluciones-de-agua\/reutilizacion-municipal\/#primaryimage\",\"url\":\"https:\/\/staging.ide-tech.com\/wp-content\/uploads\/2023\/01\/municipal-reuse-solution-img.png\",\"contentUrl\":\"https:\/\/staging.ide-tech.com\/wp-content\/uploads\/2023\/01\/municipal-reuse-solution-img.png\",\"width\":334,\"height\":438},{\"@type\":\"BreadcrumbList\",\"@id\":\"https:\/\/staging.ide-tech.com\/es\/soluciones-de-agua\/reutilizacion-municipal\/#breadcrumb\",\"itemListElement\":[{\"@type\":\"ListItem\",\"position\":1,\"name\":\"Home\",\"item\":\"https:\/\/staging.ide-tech.com\/es\/hogar\/\"},{\"@type\":\"ListItem\",\"position\":2,\"name\":\"Soluciones h\u00eddricas\",\"item\":\"https:\/\/staging.ide-tech.com\/es\/soluciones-de-agua\/\"},{\"@type\":\"ListItem\",\"position\":3,\"name\":\"Sistemas municipales de tratamiento de aguas\"}]},{\"@type\":\"WebSite\",\"@id\":\"https:\/\/staging.ide-tech.com\/en\/#website\",\"url\":\"https:\/\/staging.ide-tech.com\/en\/\",\"name\":\"IDE Tech\",\"description\":\"Your Water Partner\",\"potentialAction\":[{\"@type\":\"SearchAction\",\"target\":{\"@type\":\"EntryPoint\",\"urlTemplate\":\"https:\/\/staging.ide-tech.com\/en\/?s={search_term_string}\"},\"query-input\":{\"@type\":\"PropertyValueSpecification\",\"valueRequired\":true,\"valueName\":\"search_term_string\"}}],\"inLanguage\":\"es\"}]}<\/script>\n<!-- \/ Yoast SEO plugin. -->","yoast_head_json":{"title":"Sistemas municipales de tratamiento de aguas | IDE Tech","description":"IDE ofrece innovadores sistemas municipales de tratamiento de agua para impulsar la reutilizaci\u00f3n, reducir los costes energ\u00e9ticos y apoyar la gesti\u00f3n sostenible del agua en las ciudades.","robots":{"index":"noindex","follow":"follow","max-snippet":"max-snippet:-1","max-image-preview":"max-image-preview:large","max-video-preview":"max-video-preview:-1"},"og_locale":"es_ES","og_type":"article","og_title":"Sistemas municipales de tratamiento de aguas | IDE Tech","og_description":"IDE ofrece innovadores sistemas municipales de tratamiento de agua para impulsar la reutilizaci\u00f3n, reducir los costes energ\u00e9ticos y apoyar la gesti\u00f3n sostenible del agua en las ciudades.","og_url":"https:\/\/staging.ide-tech.com\/es\/soluciones-de-agua\/reutilizacion-municipal\/","og_site_name":"IDE Tech","article_modified_time":"2025-07-22T12:42:15+00:00","og_image":[{"width":334,"height":438,"url":"https:\/\/staging.ide-tech.com\/wp-content\/uploads\/2023\/01\/municipal-reuse-solution-img.png","type":"image\/png"}],"twitter_card":"summary_large_image","twitter_misc":{"Tiempo de lectura":"1 minuto"},"schema":{"@context":"https:\/\/schema.org","@graph":[{"@type":"WebPage","@id":"https:\/\/staging.ide-tech.com\/es\/soluciones-de-agua\/reutilizacion-municipal\/","url":"https:\/\/staging.ide-tech.com\/es\/soluciones-de-agua\/reutilizacion-municipal\/","name":"Sistemas municipales de tratamiento de aguas | IDE Tech","isPartOf":{"@id":"https:\/\/staging.ide-tech.com\/en\/#website"},"primaryImageOfPage":{"@id":"https:\/\/staging.ide-tech.com\/es\/soluciones-de-agua\/reutilizacion-municipal\/#primaryimage"},"image":{"@id":"https:\/\/staging.ide-tech.com\/es\/soluciones-de-agua\/reutilizacion-municipal\/#primaryimage"},"thumbnailUrl":"https:\/\/staging.ide-tech.com\/wp-content\/uploads\/2023\/01\/municipal-reuse-solution-img.png","datePublished":"2022-10-10T07:29:25+00:00","dateModified":"2025-07-22T12:42:15+00:00","description":"IDE ofrece innovadores sistemas municipales de tratamiento de agua para impulsar la reutilizaci\u00f3n, reducir los costes energ\u00e9ticos y apoyar la gesti\u00f3n sostenible del agua en las ciudades.","breadcrumb":{"@id":"https:\/\/staging.ide-tech.com\/es\/soluciones-de-agua\/reutilizacion-municipal\/#breadcrumb"},"inLanguage":"es","potentialAction":[{"@type":"ReadAction","target":["https:\/\/staging.ide-tech.com\/es\/soluciones-de-agua\/reutilizacion-municipal\/"]}]},{"@type":"ImageObject","inLanguage":"es","@id":"https:\/\/staging.ide-tech.com\/es\/soluciones-de-agua\/reutilizacion-municipal\/#primaryimage","url":"https:\/\/staging.ide-tech.com\/wp-content\/uploads\/2023\/01\/municipal-reuse-solution-img.png","contentUrl":"https:\/\/staging.ide-tech.com\/wp-content\/uploads\/2023\/01\/municipal-reuse-solution-img.png","width":334,"height":438},{"@type":"BreadcrumbList","@id":"https:\/\/staging.ide-tech.com\/es\/soluciones-de-agua\/reutilizacion-municipal\/#breadcrumb","itemListElement":[{"@type":"ListItem","position":1,"name":"Home","item":"https:\/\/staging.ide-tech.com\/es\/hogar\/"},{"@type":"ListItem","position":2,"name":"Soluciones h\u00eddricas","item":"https:\/\/staging.ide-tech.com\/es\/soluciones-de-agua\/"},{"@type":"ListItem","position":3,"name":"Sistemas municipales de tratamiento de aguas"}]},{"@type":"WebSite","@id":"https:\/\/staging.ide-tech.com\/en\/#website","url":"https:\/\/staging.ide-tech.com\/en\/","name":"IDE Tech","description":"Your Water Partner","potentialAction":[{"@type":"SearchAction","target":{"@type":"EntryPoint","urlTemplate":"https:\/\/staging.ide-tech.com\/en\/?s={search_term_string}"},"query-input":{"@type":"PropertyValueSpecification","valueRequired":true,"valueName":"search_term_string"}}],"inLanguage":"es"}]}},"_links":{"self":[{"href":"https:\/\/staging.ide-tech.com\/es\/wp-json\/wp\/v2\/pages\/3089","targetHints":{"allow":["GET"]}}],"collection":[{"href":"https:\/\/staging.ide-tech.com\/es\/wp-json\/wp\/v2\/pages"}],"about":[{"href":"https:\/\/staging.ide-tech.com\/es\/wp-json\/wp\/v2\/types\/page"}],"author":[{"embeddable":true,"href":"https:\/\/staging.ide-tech.com\/es\/wp-json\/wp\/v2\/users\/28"}],"replies":[{"embeddable":true,"href":"https:\/\/staging.ide-tech.com\/es\/wp-json\/wp\/v2\/comments?post=3089"}],"version-history":[{"count":5,"href":"https:\/\/staging.ide-tech.com\/es\/wp-json\/wp\/v2\/pages\/3089\/revisions"}],"predecessor-version":[{"id":8884,"href":"https:\/\/staging.ide-tech.com\/es\/wp-json\/wp\/v2\/pages\/3089\/revisions\/8884"}],"up":[{"embeddable":true,"href":"https:\/\/staging.ide-tech.com\/es\/wp-json\/wp\/v2\/pages\/3023"}],"wp:featuredmedia":[{"embeddable":true,"href":"https:\/\/staging.ide-tech.com\/es\/wp-json\/wp\/v2\/media\/5280"}],"wp:attachment":[{"href":"https:\/\/staging.ide-tech.com\/es\/wp-json\/wp\/v2\/media?parent=3089"}],"curies":[{"name":"wp","href":"https:\/\/api.w.org\/{rel}","templated":true}]}}