{"id":3080,"date":"2022-10-20T14:33:46","date_gmt":"2022-10-20T14:33:46","guid":{"rendered":"https:\/\/ide-tech.com\/?page_id=3080"},"modified":"2025-07-29T16:21:29","modified_gmt":"2025-07-29T16:21:29","slug":"ro","status":"publish","type":"page","link":"https:\/\/staging.ide-tech.com\/es\/soluciones-de-agua\/tratamiento-de-aguas-industriales\/ro\/","title":{"rendered":"Soluciones de membrana"},"content":{"rendered":"","protected":false},"excerpt":{"rendered":"","protected":false},"author":28,"featured_media":4564,"parent":3027,"menu_order":119,"comment_status":"closed","ping_status":"closed","template":"page-ro.php","meta":{"_acf_changed":false,"inline_featured_image":false,"footnotes":""},"class_list":["post-3080","page","type-page","status-publish","has-post-thumbnail","hentry"],"acf":[],"yoast_head":"<!-- This site is optimized with the Yoast SEO plugin v27.0 - https:\/\/yoast.com\/product\/yoast-seo-wordpress\/ -->\n<title>Sistemas industriales de \u00f3smosis inversa | IDE Technologies<\/title>\n<meta name=\"description\" content=\"Consiga una filtraci\u00f3n, desalaci\u00f3n y reutilizaci\u00f3n del agua de gran eficiencia con un sistema de \u00f3smosis inversa industrial de IDE.\" \/>\n<meta name=\"robots\" content=\"noindex, follow, max-snippet:-1, max-image-preview:large, max-video-preview:-1\" \/>\n<meta property=\"og:locale\" content=\"es_ES\" \/>\n<meta property=\"og:type\" content=\"article\" \/>\n<meta property=\"og:title\" content=\"Sistemas industriales de \u00f3smosis inversa | IDE Technologies\" \/>\n<meta property=\"og:description\" content=\"Consiga una filtraci\u00f3n, desalaci\u00f3n y reutilizaci\u00f3n del agua de gran eficiencia con un sistema de \u00f3smosis inversa industrial de IDE.\" \/>\n<meta property=\"og:url\" content=\"https:\/\/staging.ide-tech.com\/es\/soluciones-de-agua\/tratamiento-de-aguas-industriales\/ro\/\" \/>\n<meta property=\"og:site_name\" content=\"IDE Tech\" \/>\n<meta property=\"article:modified_time\" content=\"2025-07-29T16:21:29+00:00\" \/>\n<meta property=\"og:image\" content=\"https:\/\/staging.ide-tech.com\/wp-content\/uploads\/2022\/12\/REVERSE-OSMOSIS-IWT.png\" \/>\n\t<meta property=\"og:image:width\" content=\"335\" \/>\n\t<meta property=\"og:image:height\" content=\"441\" \/>\n\t<meta property=\"og:image:type\" content=\"image\/png\" \/>\n<meta name=\"twitter:card\" content=\"summary_large_image\" \/>\n<script type=\"application\/ld+json\" class=\"yoast-schema-graph\">{\"@context\":\"https:\/\/schema.org\",\"@graph\":[{\"@type\":\"WebPage\",\"@id\":\"https:\/\/staging.ide-tech.com\/es\/soluciones-de-agua\/tratamiento-de-aguas-industriales\/ro\/\",\"url\":\"https:\/\/staging.ide-tech.com\/es\/soluciones-de-agua\/tratamiento-de-aguas-industriales\/ro\/\",\"name\":\"Sistemas industriales de \u00f3smosis inversa | IDE Technologies\",\"isPartOf\":{\"@id\":\"https:\/\/staging.ide-tech.com\/en\/#website\"},\"primaryImageOfPage\":{\"@id\":\"https:\/\/staging.ide-tech.com\/es\/soluciones-de-agua\/tratamiento-de-aguas-industriales\/ro\/#primaryimage\"},\"image\":{\"@id\":\"https:\/\/staging.ide-tech.com\/es\/soluciones-de-agua\/tratamiento-de-aguas-industriales\/ro\/#primaryimage\"},\"thumbnailUrl\":\"https:\/\/staging.ide-tech.com\/wp-content\/uploads\/2022\/12\/REVERSE-OSMOSIS-IWT.png\",\"datePublished\":\"2022-10-20T14:33:46+00:00\",\"dateModified\":\"2025-07-29T16:21:29+00:00\",\"description\":\"Consiga una filtraci\u00f3n, desalaci\u00f3n y reutilizaci\u00f3n del agua de gran eficiencia con un sistema de \u00f3smosis inversa industrial de IDE.\",\"breadcrumb\":{\"@id\":\"https:\/\/staging.ide-tech.com\/es\/soluciones-de-agua\/tratamiento-de-aguas-industriales\/ro\/#breadcrumb\"},\"inLanguage\":\"es\",\"potentialAction\":[{\"@type\":\"ReadAction\",\"target\":[\"https:\/\/staging.ide-tech.com\/es\/soluciones-de-agua\/tratamiento-de-aguas-industriales\/ro\/\"]}]},{\"@type\":\"ImageObject\",\"inLanguage\":\"es\",\"@id\":\"https:\/\/staging.ide-tech.com\/es\/soluciones-de-agua\/tratamiento-de-aguas-industriales\/ro\/#primaryimage\",\"url\":\"https:\/\/staging.ide-tech.com\/wp-content\/uploads\/2022\/12\/REVERSE-OSMOSIS-IWT.png\",\"contentUrl\":\"https:\/\/staging.ide-tech.com\/wp-content\/uploads\/2022\/12\/REVERSE-OSMOSIS-IWT.png\",\"width\":335,\"height\":441,\"caption\":\"IDE Technologies provides cost-effective deionization and ultra-pure water systems for industries requiring the highest water quality.\"},{\"@type\":\"BreadcrumbList\",\"@id\":\"https:\/\/staging.ide-tech.com\/es\/soluciones-de-agua\/tratamiento-de-aguas-industriales\/ro\/#breadcrumb\",\"itemListElement\":[{\"@type\":\"ListItem\",\"position\":1,\"name\":\"Home\",\"item\":\"https:\/\/staging.ide-tech.com\/es\/hogar\/\"},{\"@type\":\"ListItem\",\"position\":2,\"name\":\"Soluciones h\u00eddricas\",\"item\":\"https:\/\/staging.ide-tech.com\/es\/soluciones-de-agua\/\"},{\"@type\":\"ListItem\",\"position\":3,\"name\":\"Tratamiento de aguas industriales\",\"item\":\"https:\/\/staging.ide-tech.com\/es\/soluciones-de-agua\/tratamiento-de-aguas-industriales\/\"},{\"@type\":\"ListItem\",\"position\":4,\"name\":\"Soluciones de membrana\"}]},{\"@type\":\"WebSite\",\"@id\":\"https:\/\/staging.ide-tech.com\/en\/#website\",\"url\":\"https:\/\/staging.ide-tech.com\/en\/\",\"name\":\"IDE Tech\",\"description\":\"Your Water Partner\",\"potentialAction\":[{\"@type\":\"SearchAction\",\"target\":{\"@type\":\"EntryPoint\",\"urlTemplate\":\"https:\/\/staging.ide-tech.com\/en\/?s={search_term_string}\"},\"query-input\":{\"@type\":\"PropertyValueSpecification\",\"valueRequired\":true,\"valueName\":\"search_term_string\"}}],\"inLanguage\":\"es\"}]}<\/script>\n<!-- \/ Yoast SEO plugin. -->","yoast_head_json":{"title":"Sistemas industriales de \u00f3smosis inversa | IDE Technologies","description":"Consiga una filtraci\u00f3n, desalaci\u00f3n y reutilizaci\u00f3n del agua de gran eficiencia con un sistema de \u00f3smosis inversa industrial de IDE.","robots":{"index":"noindex","follow":"follow","max-snippet":"max-snippet:-1","max-image-preview":"max-image-preview:large","max-video-preview":"max-video-preview:-1"},"og_locale":"es_ES","og_type":"article","og_title":"Sistemas industriales de \u00f3smosis inversa | IDE Technologies","og_description":"Consiga una filtraci\u00f3n, desalaci\u00f3n y reutilizaci\u00f3n del agua de gran eficiencia con un sistema de \u00f3smosis inversa industrial de IDE.","og_url":"https:\/\/staging.ide-tech.com\/es\/soluciones-de-agua\/tratamiento-de-aguas-industriales\/ro\/","og_site_name":"IDE Tech","article_modified_time":"2025-07-29T16:21:29+00:00","og_image":[{"width":335,"height":441,"url":"https:\/\/staging.ide-tech.com\/wp-content\/uploads\/2022\/12\/REVERSE-OSMOSIS-IWT.png","type":"image\/png"}],"twitter_card":"summary_large_image","schema":{"@context":"https:\/\/schema.org","@graph":[{"@type":"WebPage","@id":"https:\/\/staging.ide-tech.com\/es\/soluciones-de-agua\/tratamiento-de-aguas-industriales\/ro\/","url":"https:\/\/staging.ide-tech.com\/es\/soluciones-de-agua\/tratamiento-de-aguas-industriales\/ro\/","name":"Sistemas industriales de \u00f3smosis inversa | IDE Technologies","isPartOf":{"@id":"https:\/\/staging.ide-tech.com\/en\/#website"},"primaryImageOfPage":{"@id":"https:\/\/staging.ide-tech.com\/es\/soluciones-de-agua\/tratamiento-de-aguas-industriales\/ro\/#primaryimage"},"image":{"@id":"https:\/\/staging.ide-tech.com\/es\/soluciones-de-agua\/tratamiento-de-aguas-industriales\/ro\/#primaryimage"},"thumbnailUrl":"https:\/\/staging.ide-tech.com\/wp-content\/uploads\/2022\/12\/REVERSE-OSMOSIS-IWT.png","datePublished":"2022-10-20T14:33:46+00:00","dateModified":"2025-07-29T16:21:29+00:00","description":"Consiga una filtraci\u00f3n, desalaci\u00f3n y reutilizaci\u00f3n del agua de gran eficiencia con un sistema de \u00f3smosis inversa industrial de IDE.","breadcrumb":{"@id":"https:\/\/staging.ide-tech.com\/es\/soluciones-de-agua\/tratamiento-de-aguas-industriales\/ro\/#breadcrumb"},"inLanguage":"es","potentialAction":[{"@type":"ReadAction","target":["https:\/\/staging.ide-tech.com\/es\/soluciones-de-agua\/tratamiento-de-aguas-industriales\/ro\/"]}]},{"@type":"ImageObject","inLanguage":"es","@id":"https:\/\/staging.ide-tech.com\/es\/soluciones-de-agua\/tratamiento-de-aguas-industriales\/ro\/#primaryimage","url":"https:\/\/staging.ide-tech.com\/wp-content\/uploads\/2022\/12\/REVERSE-OSMOSIS-IWT.png","contentUrl":"https:\/\/staging.ide-tech.com\/wp-content\/uploads\/2022\/12\/REVERSE-OSMOSIS-IWT.png","width":335,"height":441,"caption":"IDE Technologies provides cost-effective deionization and ultra-pure water systems for industries requiring the highest water quality."},{"@type":"BreadcrumbList","@id":"https:\/\/staging.ide-tech.com\/es\/soluciones-de-agua\/tratamiento-de-aguas-industriales\/ro\/#breadcrumb","itemListElement":[{"@type":"ListItem","position":1,"name":"Home","item":"https:\/\/staging.ide-tech.com\/es\/hogar\/"},{"@type":"ListItem","position":2,"name":"Soluciones h\u00eddricas","item":"https:\/\/staging.ide-tech.com\/es\/soluciones-de-agua\/"},{"@type":"ListItem","position":3,"name":"Tratamiento de aguas industriales","item":"https:\/\/staging.ide-tech.com\/es\/soluciones-de-agua\/tratamiento-de-aguas-industriales\/"},{"@type":"ListItem","position":4,"name":"Soluciones de membrana"}]},{"@type":"WebSite","@id":"https:\/\/staging.ide-tech.com\/en\/#website","url":"https:\/\/staging.ide-tech.com\/en\/","name":"IDE Tech","description":"Your Water Partner","potentialAction":[{"@type":"SearchAction","target":{"@type":"EntryPoint","urlTemplate":"https:\/\/staging.ide-tech.com\/en\/?s={search_term_string}"},"query-input":{"@type":"PropertyValueSpecification","valueRequired":true,"valueName":"search_term_string"}}],"inLanguage":"es"}]}},"_links":{"self":[{"href":"https:\/\/staging.ide-tech.com\/es\/wp-json\/wp\/v2\/pages\/3080","targetHints":{"allow":["GET"]}}],"collection":[{"href":"https:\/\/staging.ide-tech.com\/es\/wp-json\/wp\/v2\/pages"}],"about":[{"href":"https:\/\/staging.ide-tech.com\/es\/wp-json\/wp\/v2\/types\/page"}],"author":[{"embeddable":true,"href":"https:\/\/staging.ide-tech.com\/es\/wp-json\/wp\/v2\/users\/28"}],"replies":[{"embeddable":true,"href":"https:\/\/staging.ide-tech.com\/es\/wp-json\/wp\/v2\/comments?post=3080"}],"version-history":[{"count":4,"href":"https:\/\/staging.ide-tech.com\/es\/wp-json\/wp\/v2\/pages\/3080\/revisions"}],"predecessor-version":[{"id":10087,"href":"https:\/\/staging.ide-tech.com\/es\/wp-json\/wp\/v2\/pages\/3080\/revisions\/10087"}],"up":[{"embeddable":true,"href":"https:\/\/staging.ide-tech.com\/es\/wp-json\/wp\/v2\/pages\/3027"}],"wp:featuredmedia":[{"embeddable":true,"href":"https:\/\/staging.ide-tech.com\/es\/wp-json\/wp\/v2\/media\/4564"}],"wp:attachment":[{"href":"https:\/\/staging.ide-tech.com\/es\/wp-json\/wp\/v2\/media?parent=3080"}],"curies":[{"name":"wp","href":"https:\/\/api.w.org\/{rel}","templated":true}]}}