{"id":3078,"date":"2022-10-14T11:43:49","date_gmt":"2022-10-14T11:43:49","guid":{"rendered":"https:\/\/ide-tech.com\/?page_id=3078"},"modified":"2025-07-29T16:21:30","modified_gmt":"2025-07-29T16:21:30","slug":"pretratamiento","status":"publish","type":"page","link":"https:\/\/staging.ide-tech.com\/es\/soluciones-de-agua\/tratamiento-de-aguas-industriales\/pretratamiento\/","title":{"rendered":"Tratamiento f\u00edsico-qu\u00edmico"},"content":{"rendered":"","protected":false},"excerpt":{"rendered":"","protected":false},"author":28,"featured_media":4558,"parent":3027,"menu_order":110,"comment_status":"closed","ping_status":"closed","template":"page-pretreatment.php","meta":{"_acf_changed":false,"inline_featured_image":false,"footnotes":""},"class_list":["post-3078","page","type-page","status-publish","has-post-thumbnail","hentry"],"acf":[],"yoast_head":"<!-- This site is optimized with the Yoast SEO plugin v27.0 - https:\/\/yoast.com\/product\/yoast-seo-wordpress\/ -->\n<title>Tratamiento f\u00edsico-qu\u00edmico | IDE Tech Pretratamiento f\u00edsico-qu\u00edmico<\/title>\n<meta name=\"description\" content=\"Descubra las soluciones avanzadas de pretratamiento de IDE para obtener agua de alta pureza, reducir los contaminantes y garantizar la eficiencia operativa.\" \/>\n<meta name=\"robots\" content=\"noindex, follow, max-snippet:-1, max-image-preview:large, max-video-preview:-1\" \/>\n<meta property=\"og:locale\" content=\"es_ES\" \/>\n<meta property=\"og:type\" content=\"article\" \/>\n<meta property=\"og:title\" content=\"Tratamiento f\u00edsico-qu\u00edmico | IDE Tech Pretratamiento f\u00edsico-qu\u00edmico\" \/>\n<meta property=\"og:description\" content=\"Descubra las soluciones avanzadas de pretratamiento de IDE para obtener agua de alta pureza, reducir los contaminantes y garantizar la eficiencia operativa.\" \/>\n<meta property=\"og:url\" content=\"https:\/\/staging.ide-tech.com\/es\/soluciones-de-agua\/tratamiento-de-aguas-industriales\/pretratamiento\/\" \/>\n<meta property=\"og:site_name\" content=\"IDE Tech\" \/>\n<meta property=\"article:modified_time\" content=\"2025-07-29T16:21:30+00:00\" \/>\n<meta property=\"og:image\" content=\"https:\/\/staging.ide-tech.com\/wp-content\/uploads\/2022\/12\/Pre-Treatment.png\" \/>\n\t<meta property=\"og:image:width\" content=\"335\" \/>\n\t<meta property=\"og:image:height\" content=\"441\" \/>\n\t<meta property=\"og:image:type\" content=\"image\/png\" \/>\n<meta name=\"twitter:card\" content=\"summary_large_image\" \/>\n<script type=\"application\/ld+json\" class=\"yoast-schema-graph\">{\"@context\":\"https:\/\/schema.org\",\"@graph\":[{\"@type\":\"WebPage\",\"@id\":\"https:\/\/staging.ide-tech.com\/es\/soluciones-de-agua\/tratamiento-de-aguas-industriales\/pretratamiento\/\",\"url\":\"https:\/\/staging.ide-tech.com\/es\/soluciones-de-agua\/tratamiento-de-aguas-industriales\/pretratamiento\/\",\"name\":\"Tratamiento f\u00edsico-qu\u00edmico | IDE Tech Pretratamiento f\u00edsico-qu\u00edmico\",\"isPartOf\":{\"@id\":\"https:\/\/staging.ide-tech.com\/en\/#website\"},\"primaryImageOfPage\":{\"@id\":\"https:\/\/staging.ide-tech.com\/es\/soluciones-de-agua\/tratamiento-de-aguas-industriales\/pretratamiento\/#primaryimage\"},\"image\":{\"@id\":\"https:\/\/staging.ide-tech.com\/es\/soluciones-de-agua\/tratamiento-de-aguas-industriales\/pretratamiento\/#primaryimage\"},\"thumbnailUrl\":\"https:\/\/staging.ide-tech.com\/wp-content\/uploads\/2022\/12\/Pre-Treatment.png\",\"datePublished\":\"2022-10-14T11:43:49+00:00\",\"dateModified\":\"2025-07-29T16:21:30+00:00\",\"description\":\"Descubra las soluciones avanzadas de pretratamiento de IDE para obtener agua de alta pureza, reducir los contaminantes y garantizar la eficiencia operativa.\",\"breadcrumb\":{\"@id\":\"https:\/\/staging.ide-tech.com\/es\/soluciones-de-agua\/tratamiento-de-aguas-industriales\/pretratamiento\/#breadcrumb\"},\"inLanguage\":\"es\",\"potentialAction\":[{\"@type\":\"ReadAction\",\"target\":[\"https:\/\/staging.ide-tech.com\/es\/soluciones-de-agua\/tratamiento-de-aguas-industriales\/pretratamiento\/\"]}]},{\"@type\":\"ImageObject\",\"inLanguage\":\"es\",\"@id\":\"https:\/\/staging.ide-tech.com\/es\/soluciones-de-agua\/tratamiento-de-aguas-industriales\/pretratamiento\/#primaryimage\",\"url\":\"https:\/\/staging.ide-tech.com\/wp-content\/uploads\/2022\/12\/Pre-Treatment.png\",\"contentUrl\":\"https:\/\/staging.ide-tech.com\/wp-content\/uploads\/2022\/12\/Pre-Treatment.png\",\"width\":335,\"height\":441},{\"@type\":\"BreadcrumbList\",\"@id\":\"https:\/\/staging.ide-tech.com\/es\/soluciones-de-agua\/tratamiento-de-aguas-industriales\/pretratamiento\/#breadcrumb\",\"itemListElement\":[{\"@type\":\"ListItem\",\"position\":1,\"name\":\"Home\",\"item\":\"https:\/\/staging.ide-tech.com\/es\/hogar\/\"},{\"@type\":\"ListItem\",\"position\":2,\"name\":\"Soluciones h\u00eddricas\",\"item\":\"https:\/\/staging.ide-tech.com\/es\/soluciones-de-agua\/\"},{\"@type\":\"ListItem\",\"position\":3,\"name\":\"Tratamiento de aguas industriales\",\"item\":\"https:\/\/staging.ide-tech.com\/es\/soluciones-de-agua\/tratamiento-de-aguas-industriales\/\"},{\"@type\":\"ListItem\",\"position\":4,\"name\":\"Tratamiento f\u00edsico-qu\u00edmico\"}]},{\"@type\":\"WebSite\",\"@id\":\"https:\/\/staging.ide-tech.com\/en\/#website\",\"url\":\"https:\/\/staging.ide-tech.com\/en\/\",\"name\":\"IDE Tech\",\"description\":\"Your Water Partner\",\"potentialAction\":[{\"@type\":\"SearchAction\",\"target\":{\"@type\":\"EntryPoint\",\"urlTemplate\":\"https:\/\/staging.ide-tech.com\/en\/?s={search_term_string}\"},\"query-input\":{\"@type\":\"PropertyValueSpecification\",\"valueRequired\":true,\"valueName\":\"search_term_string\"}}],\"inLanguage\":\"es\"}]}<\/script>\n<!-- \/ Yoast SEO plugin. -->","yoast_head_json":{"title":"Tratamiento f\u00edsico-qu\u00edmico | IDE Tech Pretratamiento f\u00edsico-qu\u00edmico","description":"Descubra las soluciones avanzadas de pretratamiento de IDE para obtener agua de alta pureza, reducir los contaminantes y garantizar la eficiencia operativa.","robots":{"index":"noindex","follow":"follow","max-snippet":"max-snippet:-1","max-image-preview":"max-image-preview:large","max-video-preview":"max-video-preview:-1"},"og_locale":"es_ES","og_type":"article","og_title":"Tratamiento f\u00edsico-qu\u00edmico | IDE Tech Pretratamiento f\u00edsico-qu\u00edmico","og_description":"Descubra las soluciones avanzadas de pretratamiento de IDE para obtener agua de alta pureza, reducir los contaminantes y garantizar la eficiencia operativa.","og_url":"https:\/\/staging.ide-tech.com\/es\/soluciones-de-agua\/tratamiento-de-aguas-industriales\/pretratamiento\/","og_site_name":"IDE Tech","article_modified_time":"2025-07-29T16:21:30+00:00","og_image":[{"width":335,"height":441,"url":"https:\/\/staging.ide-tech.com\/wp-content\/uploads\/2022\/12\/Pre-Treatment.png","type":"image\/png"}],"twitter_card":"summary_large_image","schema":{"@context":"https:\/\/schema.org","@graph":[{"@type":"WebPage","@id":"https:\/\/staging.ide-tech.com\/es\/soluciones-de-agua\/tratamiento-de-aguas-industriales\/pretratamiento\/","url":"https:\/\/staging.ide-tech.com\/es\/soluciones-de-agua\/tratamiento-de-aguas-industriales\/pretratamiento\/","name":"Tratamiento f\u00edsico-qu\u00edmico | IDE Tech Pretratamiento f\u00edsico-qu\u00edmico","isPartOf":{"@id":"https:\/\/staging.ide-tech.com\/en\/#website"},"primaryImageOfPage":{"@id":"https:\/\/staging.ide-tech.com\/es\/soluciones-de-agua\/tratamiento-de-aguas-industriales\/pretratamiento\/#primaryimage"},"image":{"@id":"https:\/\/staging.ide-tech.com\/es\/soluciones-de-agua\/tratamiento-de-aguas-industriales\/pretratamiento\/#primaryimage"},"thumbnailUrl":"https:\/\/staging.ide-tech.com\/wp-content\/uploads\/2022\/12\/Pre-Treatment.png","datePublished":"2022-10-14T11:43:49+00:00","dateModified":"2025-07-29T16:21:30+00:00","description":"Descubra las soluciones avanzadas de pretratamiento de IDE para obtener agua de alta pureza, reducir los contaminantes y garantizar la eficiencia operativa.","breadcrumb":{"@id":"https:\/\/staging.ide-tech.com\/es\/soluciones-de-agua\/tratamiento-de-aguas-industriales\/pretratamiento\/#breadcrumb"},"inLanguage":"es","potentialAction":[{"@type":"ReadAction","target":["https:\/\/staging.ide-tech.com\/es\/soluciones-de-agua\/tratamiento-de-aguas-industriales\/pretratamiento\/"]}]},{"@type":"ImageObject","inLanguage":"es","@id":"https:\/\/staging.ide-tech.com\/es\/soluciones-de-agua\/tratamiento-de-aguas-industriales\/pretratamiento\/#primaryimage","url":"https:\/\/staging.ide-tech.com\/wp-content\/uploads\/2022\/12\/Pre-Treatment.png","contentUrl":"https:\/\/staging.ide-tech.com\/wp-content\/uploads\/2022\/12\/Pre-Treatment.png","width":335,"height":441},{"@type":"BreadcrumbList","@id":"https:\/\/staging.ide-tech.com\/es\/soluciones-de-agua\/tratamiento-de-aguas-industriales\/pretratamiento\/#breadcrumb","itemListElement":[{"@type":"ListItem","position":1,"name":"Home","item":"https:\/\/staging.ide-tech.com\/es\/hogar\/"},{"@type":"ListItem","position":2,"name":"Soluciones h\u00eddricas","item":"https:\/\/staging.ide-tech.com\/es\/soluciones-de-agua\/"},{"@type":"ListItem","position":3,"name":"Tratamiento de aguas industriales","item":"https:\/\/staging.ide-tech.com\/es\/soluciones-de-agua\/tratamiento-de-aguas-industriales\/"},{"@type":"ListItem","position":4,"name":"Tratamiento f\u00edsico-qu\u00edmico"}]},{"@type":"WebSite","@id":"https:\/\/staging.ide-tech.com\/en\/#website","url":"https:\/\/staging.ide-tech.com\/en\/","name":"IDE Tech","description":"Your Water Partner","potentialAction":[{"@type":"SearchAction","target":{"@type":"EntryPoint","urlTemplate":"https:\/\/staging.ide-tech.com\/en\/?s={search_term_string}"},"query-input":{"@type":"PropertyValueSpecification","valueRequired":true,"valueName":"search_term_string"}}],"inLanguage":"es"}]}},"_links":{"self":[{"href":"https:\/\/staging.ide-tech.com\/es\/wp-json\/wp\/v2\/pages\/3078","targetHints":{"allow":["GET"]}}],"collection":[{"href":"https:\/\/staging.ide-tech.com\/es\/wp-json\/wp\/v2\/pages"}],"about":[{"href":"https:\/\/staging.ide-tech.com\/es\/wp-json\/wp\/v2\/types\/page"}],"author":[{"embeddable":true,"href":"https:\/\/staging.ide-tech.com\/es\/wp-json\/wp\/v2\/users\/28"}],"replies":[{"embeddable":true,"href":"https:\/\/staging.ide-tech.com\/es\/wp-json\/wp\/v2\/comments?post=3078"}],"version-history":[{"count":3,"href":"https:\/\/staging.ide-tech.com\/es\/wp-json\/wp\/v2\/pages\/3078\/revisions"}],"predecessor-version":[{"id":10085,"href":"https:\/\/staging.ide-tech.com\/es\/wp-json\/wp\/v2\/pages\/3078\/revisions\/10085"}],"up":[{"embeddable":true,"href":"https:\/\/staging.ide-tech.com\/es\/wp-json\/wp\/v2\/pages\/3027"}],"wp:featuredmedia":[{"embeddable":true,"href":"https:\/\/staging.ide-tech.com\/es\/wp-json\/wp\/v2\/media\/4558"}],"wp:attachment":[{"href":"https:\/\/staging.ide-tech.com\/es\/wp-json\/wp\/v2\/media?parent=3078"}],"curies":[{"name":"wp","href":"https:\/\/api.w.org\/{rel}","templated":true}]}}