{"id":3067,"date":"2022-10-28T12:28:07","date_gmt":"2022-10-28T12:28:07","guid":{"rendered":"https:\/\/ide-tech.com\/?page_id=3067"},"modified":"2025-07-28T07:53:20","modified_gmt":"2025-07-28T07:53:20","slug":"energia-2","status":"publish","type":"page","link":"https:\/\/staging.ide-tech.com\/es\/industrias\/energia-2\/","title":{"rendered":"Electricidad"},"content":{"rendered":"<h2>Nuestra amplia gama de tecnolog\u00edas de vanguardia para la reutilizaci\u00f3n del agua y las aguas residuales incluye:<\/h2>\n<p>&nbsp;<\/p>\n<p><img loading=\"lazy\" decoding=\"async\" class=\"wp-image-5427 alignleft\" src=\"https:\/\/staging.ide-tech.com\/wp-content\/uploads\/2023\/01\/bullet-circle-wave.svg\" alt=\"\" width=\"29\" height=\"22\" \/>TRATAMIENTO DEMIN para permitir la generaci\u00f3n de agua de alimentaci\u00f3n de calderas de alta calidad.<\/p>\n<p><img loading=\"lazy\" decoding=\"async\" class=\"wp-image-5427 alignleft\" src=\"https:\/\/staging.ide-tech.com\/wp-content\/uploads\/2023\/01\/bullet-circle-wave.svg\" alt=\"\" width=\"29\" height=\"22\" \/><a href=\"https:\/\/staging.ide-tech.com\/es\/soluciones-de-agua\/tratamiento-de-aguas-industriales\/ro\/max-h2o-pfro\/\" target=\"_blank\" rel=\"noopener\"><u>PFRO<\/u><\/a>\/<a href=\"https:\/\/staging.ide-tech.com\/es\/soluciones-de-agua\/tratamiento-de-aguas-industriales\/ro\/desaladora-max-h2o\/\">DESALADOR<\/a>, que reduce la cantidad de purga y aumenta los ciclos de concentraci\u00f3n (CoC) de la torre de refrigeraci\u00f3n, minimizando as\u00ed las necesidades de agua de reposici\u00f3n. Un proceso<\/p>\n<h4><img loading=\"lazy\" decoding=\"async\" class=\"wp-image-5427 alignleft\" src=\"https:\/\/staging.ide-tech.com\/wp-content\/uploads\/2023\/01\/bullet-circle-wave.svg\" alt=\"\" width=\"29\" height=\"22\" \/><\/h4>\n<p><a href=\"https:\/\/staging.ide-tech.com\/es\/resource\/ide-progreentm-sw-s-1000-2\/\">MVC<\/a> que reduce a\u00fan m\u00e1s la cantidad de purga, garantizando un uso \u00f3ptimo de los recursos y la sostenibilidad medioambiental.<\/p>\n<p>&nbsp;<\/p>\n<p style=\"text-align: left;\">En conjunto, estas tecnolog\u00edas han permitido a varias centrales el\u00e9ctricas de todo el mundo reducir sus costes continuos de tratamiento de aguas residuales, al tiempo que han reducido a\u00fan m\u00e1s su impacto en el medio ambiente.<\/p>\n<p><iframe loading=\"lazy\" title=\"YouTube video player\" src=\"https:\/\/www.youtube.com\/embed\/3qN1__wpS8k\" width=\"80%\" height=\"580\" frameborder=\"0\" allowfullscreen=\"allowfullscreen\"><span data-mce-type=\"bookmark\" style=\"display: inline-block; width: 0px; overflow: hidden; line-height: 0;\" class=\"mce_SELRES_start\">\ufeff<\/span><\/iframe><\/p>\n<p>&nbsp;<\/p>\n<h3><img loading=\"lazy\" decoding=\"async\" class=\"wp-image-5413 alignnone\" src=\"https:\/\/staging.ide-tech.com\/wp-content\/uploads\/2023\/01\/light-blue-wave.svg\" alt=\"\" width=\"104\" height=\"17\" \/><\/h3>\n<p>&nbsp;<\/p>\n","protected":false},"excerpt":{"rendered":"<p>Nuestra amplia gama de tecnolog\u00edas de vanguardia para la reutilizaci\u00f3n del agua y las aguas residuales incluye: &nbsp; TRATAMIENTO DEMIN para permitir la generaci\u00f3n de agua de alimentaci\u00f3n de calderas de alta calidad. PFRO\/DESALADOR, que reduce la cantidad de purga y aumenta los ciclos de concentraci\u00f3n (CoC) de la torre de refrigeraci\u00f3n, minimizando as\u00ed las [&hellip;]<\/p>\n","protected":false},"author":28,"featured_media":0,"parent":3053,"menu_order":101,"comment_status":"closed","ping_status":"closed","template":"page-Industriesinner.php","meta":{"_acf_changed":false,"inline_featured_image":false,"footnotes":""},"class_list":["post-3067","page","type-page","status-publish","hentry"],"acf":[],"yoast_head":"<!-- This site is optimized with the Yoast SEO plugin v27.0 - https:\/\/yoast.com\/product\/yoast-seo-wordpress\/ -->\n<title>Soluciones de tratamiento de agua para la industria energ\u00e9tica | IDE Tech | IDE Tech<\/title>\n<meta name=\"description\" content=\"IDE ofrece soluciones personalizadas para la reutilizaci\u00f3n del agua y las aguas residuales con el fin de reducir costes, aumentar la eficiencia y garantizar el buen funcionamiento de la industria energ\u00e9tica.\" \/>\n<meta name=\"robots\" content=\"noindex, follow, max-snippet:-1, max-image-preview:large, max-video-preview:-1\" \/>\n<meta property=\"og:locale\" content=\"es_ES\" \/>\n<meta property=\"og:type\" content=\"article\" \/>\n<meta property=\"og:title\" content=\"Soluciones de tratamiento de agua para la industria energ\u00e9tica | IDE Tech | IDE Tech\" \/>\n<meta property=\"og:description\" content=\"IDE ofrece soluciones personalizadas para la reutilizaci\u00f3n del agua y las aguas residuales con el fin de reducir costes, aumentar la eficiencia y garantizar el buen funcionamiento de la industria energ\u00e9tica.\" \/>\n<meta property=\"og:url\" content=\"https:\/\/staging.ide-tech.com\/es\/industrias\/energia-2\/\" \/>\n<meta property=\"og:site_name\" content=\"IDE Tech\" \/>\n<meta property=\"article:modified_time\" content=\"2025-07-28T07:53:20+00:00\" \/>\n<meta name=\"twitter:card\" content=\"summary_large_image\" \/>\n<meta name=\"twitter:label1\" content=\"Tiempo de lectura\" \/>\n\t<meta name=\"twitter:data1\" content=\"2 minutos\" \/>\n<script type=\"application\/ld+json\" class=\"yoast-schema-graph\">{\"@context\":\"https:\/\/schema.org\",\"@graph\":[{\"@type\":\"WebPage\",\"@id\":\"https:\/\/staging.ide-tech.com\/es\/industrias\/energia-2\/\",\"url\":\"https:\/\/staging.ide-tech.com\/es\/industrias\/energia-2\/\",\"name\":\"Soluciones de tratamiento de agua para la industria energ\u00e9tica | IDE Tech | IDE Tech\",\"isPartOf\":{\"@id\":\"https:\/\/staging.ide-tech.com\/en\/#website\"},\"primaryImageOfPage\":{\"@id\":\"https:\/\/staging.ide-tech.com\/es\/industrias\/energia-2\/#primaryimage\"},\"image\":{\"@id\":\"https:\/\/staging.ide-tech.com\/es\/industrias\/energia-2\/#primaryimage\"},\"thumbnailUrl\":\"https:\/\/staging.ide-tech.com\/wp-content\/uploads\/2023\/01\/bullet-circle-wave.svg\",\"datePublished\":\"2022-10-28T12:28:07+00:00\",\"dateModified\":\"2025-07-28T07:53:20+00:00\",\"description\":\"IDE ofrece soluciones personalizadas para la reutilizaci\u00f3n del agua y las aguas residuales con el fin de reducir costes, aumentar la eficiencia y garantizar el buen funcionamiento de la industria energ\u00e9tica.\",\"breadcrumb\":{\"@id\":\"https:\/\/staging.ide-tech.com\/es\/industrias\/energia-2\/#breadcrumb\"},\"inLanguage\":\"es\",\"potentialAction\":[{\"@type\":\"ReadAction\",\"target\":[\"https:\/\/staging.ide-tech.com\/es\/industrias\/energia-2\/\"]}]},{\"@type\":\"ImageObject\",\"inLanguage\":\"es\",\"@id\":\"https:\/\/staging.ide-tech.com\/es\/industrias\/energia-2\/#primaryimage\",\"url\":\"https:\/\/staging.ide-tech.com\/wp-content\/uploads\/2023\/01\/bullet-circle-wave.svg\",\"contentUrl\":\"https:\/\/staging.ide-tech.com\/wp-content\/uploads\/2023\/01\/bullet-circle-wave.svg\"},{\"@type\":\"BreadcrumbList\",\"@id\":\"https:\/\/staging.ide-tech.com\/es\/industrias\/energia-2\/#breadcrumb\",\"itemListElement\":[{\"@type\":\"ListItem\",\"position\":1,\"name\":\"Home\",\"item\":\"https:\/\/staging.ide-tech.com\/es\/hogar\/\"},{\"@type\":\"ListItem\",\"position\":2,\"name\":\"Sectores\",\"item\":\"https:\/\/staging.ide-tech.com\/es\/industrias\/\"},{\"@type\":\"ListItem\",\"position\":3,\"name\":\"Electricidad\"}]},{\"@type\":\"WebSite\",\"@id\":\"https:\/\/staging.ide-tech.com\/en\/#website\",\"url\":\"https:\/\/staging.ide-tech.com\/en\/\",\"name\":\"IDE Tech\",\"description\":\"Your Water Partner\",\"potentialAction\":[{\"@type\":\"SearchAction\",\"target\":{\"@type\":\"EntryPoint\",\"urlTemplate\":\"https:\/\/staging.ide-tech.com\/en\/?s={search_term_string}\"},\"query-input\":{\"@type\":\"PropertyValueSpecification\",\"valueRequired\":true,\"valueName\":\"search_term_string\"}}],\"inLanguage\":\"es\"}]}<\/script>\n<!-- \/ Yoast SEO plugin. -->","yoast_head_json":{"title":"Soluciones de tratamiento de agua para la industria energ\u00e9tica | IDE Tech | IDE Tech","description":"IDE ofrece soluciones personalizadas para la reutilizaci\u00f3n del agua y las aguas residuales con el fin de reducir costes, aumentar la eficiencia y garantizar el buen funcionamiento de la industria energ\u00e9tica.","robots":{"index":"noindex","follow":"follow","max-snippet":"max-snippet:-1","max-image-preview":"max-image-preview:large","max-video-preview":"max-video-preview:-1"},"og_locale":"es_ES","og_type":"article","og_title":"Soluciones de tratamiento de agua para la industria energ\u00e9tica | IDE Tech | IDE Tech","og_description":"IDE ofrece soluciones personalizadas para la reutilizaci\u00f3n del agua y las aguas residuales con el fin de reducir costes, aumentar la eficiencia y garantizar el buen funcionamiento de la industria energ\u00e9tica.","og_url":"https:\/\/staging.ide-tech.com\/es\/industrias\/energia-2\/","og_site_name":"IDE Tech","article_modified_time":"2025-07-28T07:53:20+00:00","twitter_card":"summary_large_image","twitter_misc":{"Tiempo de lectura":"2 minutos"},"schema":{"@context":"https:\/\/schema.org","@graph":[{"@type":"WebPage","@id":"https:\/\/staging.ide-tech.com\/es\/industrias\/energia-2\/","url":"https:\/\/staging.ide-tech.com\/es\/industrias\/energia-2\/","name":"Soluciones de tratamiento de agua para la industria energ\u00e9tica | IDE Tech | IDE Tech","isPartOf":{"@id":"https:\/\/staging.ide-tech.com\/en\/#website"},"primaryImageOfPage":{"@id":"https:\/\/staging.ide-tech.com\/es\/industrias\/energia-2\/#primaryimage"},"image":{"@id":"https:\/\/staging.ide-tech.com\/es\/industrias\/energia-2\/#primaryimage"},"thumbnailUrl":"https:\/\/staging.ide-tech.com\/wp-content\/uploads\/2023\/01\/bullet-circle-wave.svg","datePublished":"2022-10-28T12:28:07+00:00","dateModified":"2025-07-28T07:53:20+00:00","description":"IDE ofrece soluciones personalizadas para la reutilizaci\u00f3n del agua y las aguas residuales con el fin de reducir costes, aumentar la eficiencia y garantizar el buen funcionamiento de la industria energ\u00e9tica.","breadcrumb":{"@id":"https:\/\/staging.ide-tech.com\/es\/industrias\/energia-2\/#breadcrumb"},"inLanguage":"es","potentialAction":[{"@type":"ReadAction","target":["https:\/\/staging.ide-tech.com\/es\/industrias\/energia-2\/"]}]},{"@type":"ImageObject","inLanguage":"es","@id":"https:\/\/staging.ide-tech.com\/es\/industrias\/energia-2\/#primaryimage","url":"https:\/\/staging.ide-tech.com\/wp-content\/uploads\/2023\/01\/bullet-circle-wave.svg","contentUrl":"https:\/\/staging.ide-tech.com\/wp-content\/uploads\/2023\/01\/bullet-circle-wave.svg"},{"@type":"BreadcrumbList","@id":"https:\/\/staging.ide-tech.com\/es\/industrias\/energia-2\/#breadcrumb","itemListElement":[{"@type":"ListItem","position":1,"name":"Home","item":"https:\/\/staging.ide-tech.com\/es\/hogar\/"},{"@type":"ListItem","position":2,"name":"Sectores","item":"https:\/\/staging.ide-tech.com\/es\/industrias\/"},{"@type":"ListItem","position":3,"name":"Electricidad"}]},{"@type":"WebSite","@id":"https:\/\/staging.ide-tech.com\/en\/#website","url":"https:\/\/staging.ide-tech.com\/en\/","name":"IDE Tech","description":"Your Water Partner","potentialAction":[{"@type":"SearchAction","target":{"@type":"EntryPoint","urlTemplate":"https:\/\/staging.ide-tech.com\/en\/?s={search_term_string}"},"query-input":{"@type":"PropertyValueSpecification","valueRequired":true,"valueName":"search_term_string"}}],"inLanguage":"es"}]}},"_links":{"self":[{"href":"https:\/\/staging.ide-tech.com\/es\/wp-json\/wp\/v2\/pages\/3067","targetHints":{"allow":["GET"]}}],"collection":[{"href":"https:\/\/staging.ide-tech.com\/es\/wp-json\/wp\/v2\/pages"}],"about":[{"href":"https:\/\/staging.ide-tech.com\/es\/wp-json\/wp\/v2\/types\/page"}],"author":[{"embeddable":true,"href":"https:\/\/staging.ide-tech.com\/es\/wp-json\/wp\/v2\/users\/28"}],"replies":[{"embeddable":true,"href":"https:\/\/staging.ide-tech.com\/es\/wp-json\/wp\/v2\/comments?post=3067"}],"version-history":[{"count":6,"href":"https:\/\/staging.ide-tech.com\/es\/wp-json\/wp\/v2\/pages\/3067\/revisions"}],"predecessor-version":[{"id":10319,"href":"https:\/\/staging.ide-tech.com\/es\/wp-json\/wp\/v2\/pages\/3067\/revisions\/10319"}],"up":[{"embeddable":true,"href":"https:\/\/staging.ide-tech.com\/es\/wp-json\/wp\/v2\/pages\/3053"}],"wp:attachment":[{"href":"https:\/\/staging.ide-tech.com\/es\/wp-json\/wp\/v2\/media?parent=3067"}],"curies":[{"name":"wp","href":"https:\/\/api.w.org\/{rel}","templated":true}]}}