{"id":2987,"date":"2022-10-31T11:24:19","date_gmt":"2022-10-31T11:24:19","guid":{"rendered":"https:\/\/ide-tech.com\/?page_id=2987"},"modified":"2025-07-28T07:53:20","modified_gmt":"2025-07-28T07:53:20","slug":"noticias-y-eventos","status":"publish","type":"page","link":"https:\/\/staging.ide-tech.com\/es\/noticias-y-eventos\/","title":{"rendered":"Noticias y eventos"},"content":{"rendered":"","protected":false},"excerpt":{"rendered":"","protected":false},"author":28,"featured_media":0,"parent":0,"menu_order":40,"comment_status":"closed","ping_status":"closed","template":"page-newsandevents.php","meta":{"_acf_changed":false,"inline_featured_image":false,"footnotes":""},"class_list":["post-2987","page","type-page","status-publish","hentry"],"acf":[],"yoast_head":"<!-- This site is optimized with the Yoast SEO plugin v27.0 - https:\/\/yoast.com\/product\/yoast-seo-wordpress\/ -->\n<title>Noticias y eventos | IDE Tech<\/title>\n<meta name=\"description\" content=\"Mant\u00e9ngase al d\u00eda con las \u00faltimas noticias y eventos de IDE Tech, con proyectos innovadores y avances en la tecnolog\u00eda de tratamiento de agua.\" \/>\n<meta name=\"robots\" content=\"noindex, follow, max-snippet:-1, max-image-preview:large, max-video-preview:-1\" \/>\n<meta property=\"og:locale\" content=\"es_ES\" \/>\n<meta property=\"og:type\" content=\"article\" \/>\n<meta property=\"og:title\" content=\"Noticias y eventos | IDE Tech\" \/>\n<meta property=\"og:description\" content=\"Mant\u00e9ngase al d\u00eda con las \u00faltimas noticias y eventos de IDE Tech, con proyectos innovadores y avances en la tecnolog\u00eda de tratamiento de agua.\" \/>\n<meta property=\"og:url\" content=\"https:\/\/staging.ide-tech.com\/es\/noticias-y-eventos\/\" \/>\n<meta property=\"og:site_name\" content=\"IDE Tech\" \/>\n<meta property=\"article:modified_time\" content=\"2025-07-28T07:53:20+00:00\" \/>\n<meta name=\"twitter:card\" content=\"summary_large_image\" \/>\n<script type=\"application\/ld+json\" class=\"yoast-schema-graph\">{\"@context\":\"https:\/\/schema.org\",\"@graph\":[{\"@type\":\"WebPage\",\"@id\":\"https:\/\/staging.ide-tech.com\/es\/noticias-y-eventos\/\",\"url\":\"https:\/\/staging.ide-tech.com\/es\/noticias-y-eventos\/\",\"name\":\"Noticias y eventos | IDE Tech\",\"isPartOf\":{\"@id\":\"https:\/\/staging.ide-tech.com\/en\/#website\"},\"datePublished\":\"2022-10-31T11:24:19+00:00\",\"dateModified\":\"2025-07-28T07:53:20+00:00\",\"description\":\"Mant\u00e9ngase al d\u00eda con las \u00faltimas noticias y eventos de IDE Tech, con proyectos innovadores y avances en la tecnolog\u00eda de tratamiento de agua.\",\"breadcrumb\":{\"@id\":\"https:\/\/staging.ide-tech.com\/es\/noticias-y-eventos\/#breadcrumb\"},\"inLanguage\":\"es\",\"potentialAction\":[{\"@type\":\"ReadAction\",\"target\":[\"https:\/\/staging.ide-tech.com\/es\/noticias-y-eventos\/\"]}]},{\"@type\":\"BreadcrumbList\",\"@id\":\"https:\/\/staging.ide-tech.com\/es\/noticias-y-eventos\/#breadcrumb\",\"itemListElement\":[{\"@type\":\"ListItem\",\"position\":1,\"name\":\"Home\",\"item\":\"https:\/\/staging.ide-tech.com\/es\/hogar\/\"},{\"@type\":\"ListItem\",\"position\":2,\"name\":\"Noticias y eventos\"}]},{\"@type\":\"WebSite\",\"@id\":\"https:\/\/staging.ide-tech.com\/en\/#website\",\"url\":\"https:\/\/staging.ide-tech.com\/en\/\",\"name\":\"IDE Tech\",\"description\":\"Your Water Partner\",\"potentialAction\":[{\"@type\":\"SearchAction\",\"target\":{\"@type\":\"EntryPoint\",\"urlTemplate\":\"https:\/\/staging.ide-tech.com\/en\/?s={search_term_string}\"},\"query-input\":{\"@type\":\"PropertyValueSpecification\",\"valueRequired\":true,\"valueName\":\"search_term_string\"}}],\"inLanguage\":\"es\"}]}<\/script>\n<!-- \/ Yoast SEO plugin. -->","yoast_head_json":{"title":"Noticias y eventos | IDE Tech","description":"Mant\u00e9ngase al d\u00eda con las \u00faltimas noticias y eventos de IDE Tech, con proyectos innovadores y avances en la tecnolog\u00eda de tratamiento de agua.","robots":{"index":"noindex","follow":"follow","max-snippet":"max-snippet:-1","max-image-preview":"max-image-preview:large","max-video-preview":"max-video-preview:-1"},"og_locale":"es_ES","og_type":"article","og_title":"Noticias y eventos | IDE Tech","og_description":"Mant\u00e9ngase al d\u00eda con las \u00faltimas noticias y eventos de IDE Tech, con proyectos innovadores y avances en la tecnolog\u00eda de tratamiento de agua.","og_url":"https:\/\/staging.ide-tech.com\/es\/noticias-y-eventos\/","og_site_name":"IDE Tech","article_modified_time":"2025-07-28T07:53:20+00:00","twitter_card":"summary_large_image","schema":{"@context":"https:\/\/schema.org","@graph":[{"@type":"WebPage","@id":"https:\/\/staging.ide-tech.com\/es\/noticias-y-eventos\/","url":"https:\/\/staging.ide-tech.com\/es\/noticias-y-eventos\/","name":"Noticias y eventos | IDE Tech","isPartOf":{"@id":"https:\/\/staging.ide-tech.com\/en\/#website"},"datePublished":"2022-10-31T11:24:19+00:00","dateModified":"2025-07-28T07:53:20+00:00","description":"Mant\u00e9ngase al d\u00eda con las \u00faltimas noticias y eventos de IDE Tech, con proyectos innovadores y avances en la tecnolog\u00eda de tratamiento de agua.","breadcrumb":{"@id":"https:\/\/staging.ide-tech.com\/es\/noticias-y-eventos\/#breadcrumb"},"inLanguage":"es","potentialAction":[{"@type":"ReadAction","target":["https:\/\/staging.ide-tech.com\/es\/noticias-y-eventos\/"]}]},{"@type":"BreadcrumbList","@id":"https:\/\/staging.ide-tech.com\/es\/noticias-y-eventos\/#breadcrumb","itemListElement":[{"@type":"ListItem","position":1,"name":"Home","item":"https:\/\/staging.ide-tech.com\/es\/hogar\/"},{"@type":"ListItem","position":2,"name":"Noticias y eventos"}]},{"@type":"WebSite","@id":"https:\/\/staging.ide-tech.com\/en\/#website","url":"https:\/\/staging.ide-tech.com\/en\/","name":"IDE Tech","description":"Your Water Partner","potentialAction":[{"@type":"SearchAction","target":{"@type":"EntryPoint","urlTemplate":"https:\/\/staging.ide-tech.com\/en\/?s={search_term_string}"},"query-input":{"@type":"PropertyValueSpecification","valueRequired":true,"valueName":"search_term_string"}}],"inLanguage":"es"}]}},"_links":{"self":[{"href":"https:\/\/staging.ide-tech.com\/es\/wp-json\/wp\/v2\/pages\/2987","targetHints":{"allow":["GET"]}}],"collection":[{"href":"https:\/\/staging.ide-tech.com\/es\/wp-json\/wp\/v2\/pages"}],"about":[{"href":"https:\/\/staging.ide-tech.com\/es\/wp-json\/wp\/v2\/types\/page"}],"author":[{"embeddable":true,"href":"https:\/\/staging.ide-tech.com\/es\/wp-json\/wp\/v2\/users\/28"}],"replies":[{"embeddable":true,"href":"https:\/\/staging.ide-tech.com\/es\/wp-json\/wp\/v2\/comments?post=2987"}],"version-history":[{"count":5,"href":"https:\/\/staging.ide-tech.com\/es\/wp-json\/wp\/v2\/pages\/2987\/revisions"}],"predecessor-version":[{"id":10318,"href":"https:\/\/staging.ide-tech.com\/es\/wp-json\/wp\/v2\/pages\/2987\/revisions\/10318"}],"wp:attachment":[{"href":"https:\/\/staging.ide-tech.com\/es\/wp-json\/wp\/v2\/media?parent=2987"}],"curies":[{"name":"wp","href":"https:\/\/api.w.org\/{rel}","templated":true}]}}