{"id":10281,"date":"2024-01-02T14:13:21","date_gmt":"2024-01-02T14:13:21","guid":{"rendered":"https:\/\/staging.ide-tech.com\/politica-de-calidad-de-ide\/"},"modified":"2024-01-02T14:13:21","modified_gmt":"2024-01-02T14:13:21","slug":"politica-de-calidad-de-ide","status":"publish","type":"page","link":"https:\/\/staging.ide-tech.com\/es\/politica-de-calidad-de-ide\/","title":{"rendered":"Pol\u00edtica de calidad de IDE"},"content":{"rendered":"<p>Una clave del \u00e9xito empresarial de IDE es la calidad de nuestros productos, proyectos y servicios. Para lograr estos resultados, satisfacer y superar las expectativas de nuestros clientes, en IDE estamos comprometidos con la proactividad y la mejora constante de nuestros procesos de gesti\u00f3n, esforz\u00e1ndonos por sobresalir como organizaci\u00f3n y como individuos.<\/p>\n<p><b>La estrategia de calidad de IDE es:<\/b><\/p>\n<ul>\n<li>mantener y mejorar continuamente nuestro sistema de gesti\u00f3n de la calidad y sus procesos de acuerdo con la norma ISO 9001:2015 y validar su eficacia.<\/li>\n<li>Colaborar con nuestros proveedores y socios comerciales para garantizar la entrega de productos y servicios de calidad.<\/li>\n<li>Definir y esforzarse por alcanzar los objetivos de calidad y medir sus resultados.<\/li>\n<li>Promover el uso del enfoque basado en procesos, el pensamiento basado en el riesgo y el plan de auditor\u00eda.<\/li>\n<\/ul>\n<p>&nbsp;<\/p>\n<p>&nbsp;<\/p>\n<p><img loading=\"lazy\" decoding=\"async\" class=\"wp-image-8114 aligncenter\" src=\"https:\/\/staging.ide-tech.com\/wp-content\/uploads\/2024\/01\/For-website-IDE-Quality-Policy2-300x171.jpg\" alt=\"\" width=\"866\" height=\"494\" srcset=\"https:\/\/staging.ide-tech.com\/wp-content\/uploads\/2024\/01\/For-website-IDE-Quality-Policy2-300x171.jpg 300w, https:\/\/staging.ide-tech.com\/wp-content\/uploads\/2024\/01\/For-website-IDE-Quality-Policy2-1024x583.jpg 1024w, https:\/\/staging.ide-tech.com\/wp-content\/uploads\/2024\/01\/For-website-IDE-Quality-Policy2-768x437.jpg 768w, https:\/\/staging.ide-tech.com\/wp-content\/uploads\/2024\/01\/For-website-IDE-Quality-Policy2.jpg 1388w\" sizes=\"auto, (max-width: 866px) 100vw, 866px\" \/><\/p>\n","protected":false},"excerpt":{"rendered":"<p>Una clave del \u00e9xito empresarial de IDE es la calidad de nuestros productos, proyectos y servicios. Para lograr estos resultados, satisfacer y superar las expectativas de nuestros clientes, en IDE estamos comprometidos con la proactividad y la mejora constante de nuestros procesos de gesti\u00f3n, esforz\u00e1ndonos por sobresalir como organizaci\u00f3n y como individuos. La estrategia de [&hellip;]<\/p>\n","protected":false},"author":4,"featured_media":0,"parent":0,"menu_order":20,"comment_status":"closed","ping_status":"closed","template":"","meta":{"_acf_changed":false,"inline_featured_image":false,"footnotes":""},"class_list":["post-10281","page","type-page","status-publish","hentry"],"acf":[],"yoast_head":"<!-- This site is optimized with the Yoast SEO plugin v27.0 - https:\/\/yoast.com\/product\/yoast-seo-wordpress\/ -->\n<title>Pol\u00edtica de calidad de IDE | IDE Tech<\/title>\n<meta name=\"description\" content=\"Descubra el compromiso de IDE Tech con la calidad en su pol\u00edtica de calidad, centrada en la satisfacci\u00f3n del cliente y el cumplimiento de la norma ISO 9001:2015.\" \/>\n<meta name=\"robots\" content=\"noindex, follow, max-snippet:-1, max-image-preview:large, max-video-preview:-1\" \/>\n<meta property=\"og:locale\" content=\"es_ES\" \/>\n<meta property=\"og:type\" content=\"article\" \/>\n<meta property=\"og:title\" content=\"Pol\u00edtica de calidad de IDE | IDE Tech\" \/>\n<meta property=\"og:description\" content=\"Descubra el compromiso de IDE Tech con la calidad en su pol\u00edtica de calidad, centrada en la satisfacci\u00f3n del cliente y el cumplimiento de la norma ISO 9001:2015.\" \/>\n<meta property=\"og:url\" content=\"https:\/\/staging.ide-tech.com\/es\/politica-de-calidad-de-ide\/\" \/>\n<meta property=\"og:site_name\" content=\"IDE Tech\" \/>\n<meta property=\"og:image\" content=\"https:\/\/staging.ide-tech.com\/wp-content\/uploads\/2024\/01\/For-website-IDE-Quality-Policy2.jpg\" \/>\n\t<meta property=\"og:image:width\" content=\"1388\" \/>\n\t<meta property=\"og:image:height\" content=\"790\" \/>\n\t<meta property=\"og:image:type\" content=\"image\/jpeg\" \/>\n<meta name=\"twitter:card\" content=\"summary_large_image\" \/>\n<meta name=\"twitter:label1\" content=\"Tiempo de lectura\" \/>\n\t<meta name=\"twitter:data1\" content=\"1 minuto\" \/>\n<script type=\"application\/ld+json\" class=\"yoast-schema-graph\">{\"@context\":\"https:\/\/schema.org\",\"@graph\":[{\"@type\":\"WebPage\",\"@id\":\"https:\/\/staging.ide-tech.com\/es\/politica-de-calidad-de-ide\/\",\"url\":\"https:\/\/staging.ide-tech.com\/es\/politica-de-calidad-de-ide\/\",\"name\":\"Pol\u00edtica de calidad de IDE | IDE Tech\",\"isPartOf\":{\"@id\":\"https:\/\/staging.ide-tech.com\/en\/#website\"},\"primaryImageOfPage\":{\"@id\":\"https:\/\/staging.ide-tech.com\/es\/politica-de-calidad-de-ide\/#primaryimage\"},\"image\":{\"@id\":\"https:\/\/staging.ide-tech.com\/es\/politica-de-calidad-de-ide\/#primaryimage\"},\"thumbnailUrl\":\"https:\/\/staging.ide-tech.com\/wp-content\/uploads\/2024\/01\/For-website-IDE-Quality-Policy2-300x171.jpg\",\"datePublished\":\"2024-01-02T14:13:21+00:00\",\"description\":\"Descubra el compromiso de IDE Tech con la calidad en su pol\u00edtica de calidad, centrada en la satisfacci\u00f3n del cliente y el cumplimiento de la norma ISO 9001:2015.\",\"breadcrumb\":{\"@id\":\"https:\/\/staging.ide-tech.com\/es\/politica-de-calidad-de-ide\/#breadcrumb\"},\"inLanguage\":\"es\",\"potentialAction\":[{\"@type\":\"ReadAction\",\"target\":[\"https:\/\/staging.ide-tech.com\/es\/politica-de-calidad-de-ide\/\"]}]},{\"@type\":\"ImageObject\",\"inLanguage\":\"es\",\"@id\":\"https:\/\/staging.ide-tech.com\/es\/politica-de-calidad-de-ide\/#primaryimage\",\"url\":\"https:\/\/staging.ide-tech.com\/wp-content\/uploads\/2024\/01\/For-website-IDE-Quality-Policy2-300x171.jpg\",\"contentUrl\":\"https:\/\/staging.ide-tech.com\/wp-content\/uploads\/2024\/01\/For-website-IDE-Quality-Policy2-300x171.jpg\"},{\"@type\":\"BreadcrumbList\",\"@id\":\"https:\/\/staging.ide-tech.com\/es\/politica-de-calidad-de-ide\/#breadcrumb\",\"itemListElement\":[{\"@type\":\"ListItem\",\"position\":1,\"name\":\"Home\",\"item\":\"https:\/\/staging.ide-tech.com\/es\/hogar\/\"},{\"@type\":\"ListItem\",\"position\":2,\"name\":\"Pol\u00edtica de calidad de IDE\"}]},{\"@type\":\"WebSite\",\"@id\":\"https:\/\/staging.ide-tech.com\/en\/#website\",\"url\":\"https:\/\/staging.ide-tech.com\/en\/\",\"name\":\"IDE Tech\",\"description\":\"Your Water Partner\",\"potentialAction\":[{\"@type\":\"SearchAction\",\"target\":{\"@type\":\"EntryPoint\",\"urlTemplate\":\"https:\/\/staging.ide-tech.com\/en\/?s={search_term_string}\"},\"query-input\":{\"@type\":\"PropertyValueSpecification\",\"valueRequired\":true,\"valueName\":\"search_term_string\"}}],\"inLanguage\":\"es\"}]}<\/script>\n<!-- \/ Yoast SEO plugin. -->","yoast_head_json":{"title":"Pol\u00edtica de calidad de IDE | IDE Tech","description":"Descubra el compromiso de IDE Tech con la calidad en su pol\u00edtica de calidad, centrada en la satisfacci\u00f3n del cliente y el cumplimiento de la norma ISO 9001:2015.","robots":{"index":"noindex","follow":"follow","max-snippet":"max-snippet:-1","max-image-preview":"max-image-preview:large","max-video-preview":"max-video-preview:-1"},"og_locale":"es_ES","og_type":"article","og_title":"Pol\u00edtica de calidad de IDE | IDE Tech","og_description":"Descubra el compromiso de IDE Tech con la calidad en su pol\u00edtica de calidad, centrada en la satisfacci\u00f3n del cliente y el cumplimiento de la norma ISO 9001:2015.","og_url":"https:\/\/staging.ide-tech.com\/es\/politica-de-calidad-de-ide\/","og_site_name":"IDE Tech","og_image":[{"width":1388,"height":790,"url":"https:\/\/staging.ide-tech.com\/wp-content\/uploads\/2024\/01\/For-website-IDE-Quality-Policy2.jpg","type":"image\/jpeg"}],"twitter_card":"summary_large_image","twitter_misc":{"Tiempo de lectura":"1 minuto"},"schema":{"@context":"https:\/\/schema.org","@graph":[{"@type":"WebPage","@id":"https:\/\/staging.ide-tech.com\/es\/politica-de-calidad-de-ide\/","url":"https:\/\/staging.ide-tech.com\/es\/politica-de-calidad-de-ide\/","name":"Pol\u00edtica de calidad de IDE | IDE Tech","isPartOf":{"@id":"https:\/\/staging.ide-tech.com\/en\/#website"},"primaryImageOfPage":{"@id":"https:\/\/staging.ide-tech.com\/es\/politica-de-calidad-de-ide\/#primaryimage"},"image":{"@id":"https:\/\/staging.ide-tech.com\/es\/politica-de-calidad-de-ide\/#primaryimage"},"thumbnailUrl":"https:\/\/staging.ide-tech.com\/wp-content\/uploads\/2024\/01\/For-website-IDE-Quality-Policy2-300x171.jpg","datePublished":"2024-01-02T14:13:21+00:00","description":"Descubra el compromiso de IDE Tech con la calidad en su pol\u00edtica de calidad, centrada en la satisfacci\u00f3n del cliente y el cumplimiento de la norma ISO 9001:2015.","breadcrumb":{"@id":"https:\/\/staging.ide-tech.com\/es\/politica-de-calidad-de-ide\/#breadcrumb"},"inLanguage":"es","potentialAction":[{"@type":"ReadAction","target":["https:\/\/staging.ide-tech.com\/es\/politica-de-calidad-de-ide\/"]}]},{"@type":"ImageObject","inLanguage":"es","@id":"https:\/\/staging.ide-tech.com\/es\/politica-de-calidad-de-ide\/#primaryimage","url":"https:\/\/staging.ide-tech.com\/wp-content\/uploads\/2024\/01\/For-website-IDE-Quality-Policy2-300x171.jpg","contentUrl":"https:\/\/staging.ide-tech.com\/wp-content\/uploads\/2024\/01\/For-website-IDE-Quality-Policy2-300x171.jpg"},{"@type":"BreadcrumbList","@id":"https:\/\/staging.ide-tech.com\/es\/politica-de-calidad-de-ide\/#breadcrumb","itemListElement":[{"@type":"ListItem","position":1,"name":"Home","item":"https:\/\/staging.ide-tech.com\/es\/hogar\/"},{"@type":"ListItem","position":2,"name":"Pol\u00edtica de calidad de IDE"}]},{"@type":"WebSite","@id":"https:\/\/staging.ide-tech.com\/en\/#website","url":"https:\/\/staging.ide-tech.com\/en\/","name":"IDE Tech","description":"Your Water Partner","potentialAction":[{"@type":"SearchAction","target":{"@type":"EntryPoint","urlTemplate":"https:\/\/staging.ide-tech.com\/en\/?s={search_term_string}"},"query-input":{"@type":"PropertyValueSpecification","valueRequired":true,"valueName":"search_term_string"}}],"inLanguage":"es"}]}},"_links":{"self":[{"href":"https:\/\/staging.ide-tech.com\/es\/wp-json\/wp\/v2\/pages\/10281","targetHints":{"allow":["GET"]}}],"collection":[{"href":"https:\/\/staging.ide-tech.com\/es\/wp-json\/wp\/v2\/pages"}],"about":[{"href":"https:\/\/staging.ide-tech.com\/es\/wp-json\/wp\/v2\/types\/page"}],"author":[{"embeddable":true,"href":"https:\/\/staging.ide-tech.com\/es\/wp-json\/wp\/v2\/users\/4"}],"replies":[{"embeddable":true,"href":"https:\/\/staging.ide-tech.com\/es\/wp-json\/wp\/v2\/comments?post=10281"}],"version-history":[{"count":0,"href":"https:\/\/staging.ide-tech.com\/es\/wp-json\/wp\/v2\/pages\/10281\/revisions"}],"wp:attachment":[{"href":"https:\/\/staging.ide-tech.com\/es\/wp-json\/wp\/v2\/media?parent=10281"}],"curies":[{"name":"wp","href":"https:\/\/api.w.org\/{rel}","templated":true}]}}