{"id":10279,"date":"2023-03-01T12:43:08","date_gmt":"2023-03-01T12:43:08","guid":{"rendered":"https:\/\/staging.ide-tech.com\/soluciones-de-agua\/reutilizacion-municipal\/tratamiento-de-aguas-residuales-totalmente-avanzado\/"},"modified":"2023-03-01T12:43:08","modified_gmt":"2023-03-01T12:43:08","slug":"tratamiento-de-aguas-residuales-totalmente-avanzado","status":"publish","type":"page","link":"https:\/\/staging.ide-tech.com\/es\/soluciones-de-agua\/reutilizacion-municipal\/tratamiento-de-aguas-residuales-totalmente-avanzado\/","title":{"rendered":"TRATAMIENTO DE AGUAS RESIDUALES TOTALMENTE AVANZADO"},"content":{"rendered":"<h2><strong>TTRO (tratamiento terciario por \u00f3smosis inversa)<\/strong><\/h2>\n<p>El tratamiento terciario por \u00f3smosis inversa se refiere al proceso de utilizar la tecnolog\u00eda de \u00f3smosis inversa (RO) en la etapa de tratamiento terciario del tratamiento de aguas residuales.<\/p>\n<p>El tratamiento terciario es la etapa final del tratamiento de aguas residuales, despu\u00e9s del tratamiento primario y secundario. Su objetivo principal es eliminar cualquier contaminante persistente que haya quedado en el agua y que no haya sido eliminado en las etapas anteriores, antes de que se vierta al medio ambiente o se reutilice.<\/p>\n<p>El tratamiento terciario suele implicar procesos avanzados como filtraci\u00f3n, desinfecci\u00f3n, filtraci\u00f3n por membranas, \u00f3smosis inversa, adsorci\u00f3n con carb\u00f3n activado y precipitaci\u00f3n qu\u00edmica. Estos procesos eliminan del agua los s\u00f3lidos suspendidos, la materia org\u00e1nica, los nutrientes y los pat\u00f3genos restantes.<\/p>\n<p>El tratamiento terciario con tecnolog\u00eda de \u00f3smosis inversa se ha vuelto cada vez m\u00e1s popular como m\u00e9todo para producir agua tratada de alta calidad para su reutilizaci\u00f3n. Puede eliminar eficazmente una amplia gama de contaminantes del agua, como pat\u00f3genos, metales pesados y contaminantes org\u00e1nicos. La tecnolog\u00eda de RO tambi\u00e9n es conocida por su eficiencia y bajo consumo energ\u00e9tico, lo que la convierte en una opci\u00f3n rentable para producir agua de alta calidad.<\/p>\n<p>El tratamiento terciario es una parte importante del tratamiento de las aguas residuales, ya que contribuye a proteger la salud p\u00fablica y el medio ambiente garantizando que el agua tratada sea segura y est\u00e9 libre de contaminantes.<\/p>\n<p>&nbsp;<\/p>\n<h3><img loading=\"lazy\" decoding=\"async\" class=\"wp-image-5413\" src=\"https:\/\/staging.ide-tech.com\/wp-content\/uploads\/2023\/01\/light-blue-wave.svg\" alt=\"\" width=\"104\" height=\"17\" \/><\/h3>\n<p>&nbsp;<\/p>\n<h2><strong>FAT (tratamiento totalmente avanzado)<\/strong><\/h2>\n<p>El FAT es la soluci\u00f3n convencional para las instalaciones municipales de reutilizaci\u00f3n de aguas residuales.<\/p>\n<p>Este tratamiento, habitual en Estados Unidos, utiliza una etapa de tratamiento adicional a la TTRO e incluye tres etapas: UF\/MF, RO multietapa est\u00e1ndar y UV\/AOP. UV AOP, el proceso de utilizar luz ultravioleta con un oxidante para descomponer los contaminantes ambientales del agua, es una parte esencial del esquema de tratamiento de reutilizaci\u00f3n potable.<\/p>\n<p>Las fuentes de agua potable de las que dependemos a diario est\u00e1n cada vez m\u00e1s contaminadas con sustancias qu\u00edmicas. Varios de estos contaminantes son nocivos o cancer\u00edgenos y deben eliminarse para que el agua se considere potable.<\/p>\n<p>El FAT produce agua que cumple las normas m\u00e1s estrictas de reutilizaci\u00f3n del agua. Incluye una dosis de cloramina, que ayuda a controlar la bioincrustaci\u00f3n de las membranas, pero tambi\u00e9n es un precursor de la formaci\u00f3n de subproductos de desinfecci\u00f3n como la NDMA, un contaminante org\u00e1nico peligroso y sospechoso de ser cancer\u00edgeno.<\/p>\n<p><strong>IDE ofrece estas dos soluciones FAT:<\/strong><\/p>\n<p>&nbsp;<\/p>\n<p><strong>FAT con RO<\/strong><\/p>\n<p><span style=\"font-weight: 400;\"><img loading=\"lazy\" decoding=\"async\" class=\"wp-image-5427 alignleft\" src=\"https:\/\/staging.ide-tech.com\/wp-content\/uploads\/2023\/01\/bullet-circle-wave.svg\" alt=\"\" width=\"29\" height=\"22\" \/>Un sistema RO modular tradicional de tres etapas con \u00edndices de recuperaci\u00f3n est\u00e1ndar.<\/span><\/p>\n<p>&nbsp;<\/p>\n<p><strong>El FAT con PFRO<\/strong><strong>\u00a0ofrece:<\/strong><\/p>\n<p><img loading=\"lazy\" decoding=\"async\" class=\"wp-image-5427 alignleft\" src=\"https:\/\/staging.ide-tech.com\/wp-content\/uploads\/2023\/01\/bullet-circle-wave.svg\" alt=\"\" width=\"29\" height=\"22\" \/>Alta tasa de recuperaci\u00f3n y soluci\u00f3n de alto flujo<\/p>\n<p><img loading=\"lazy\" decoding=\"async\" class=\"wp-image-5427 alignleft\" src=\"https:\/\/staging.ide-tech.com\/wp-content\/uploads\/2023\/01\/bullet-circle-wave.svg\" alt=\"\" width=\"29\" height=\"22\" \/>Alta resistencia a las incrustaciones y a la bioincrustaci\u00f3n<\/p>\n<p><img loading=\"lazy\" decoding=\"async\" class=\"wp-image-5427 alignleft\" src=\"https:\/\/staging.ide-tech.com\/wp-content\/uploads\/2023\/01\/bullet-circle-wave.svg\" alt=\"\" width=\"29\" height=\"22\" \/>Limpieza durante el funcionamiento y reciclaje del agua de lavado con productos qu\u00edmicos<\/p>\n<p><img loading=\"lazy\" decoding=\"async\" class=\"wp-image-5427 alignleft\" src=\"https:\/\/staging.ide-tech.com\/wp-content\/uploads\/2023\/01\/bullet-circle-wave.svg\" alt=\"\" width=\"29\" height=\"22\" \/>Alta disponibilidad<\/p>\n<p><img loading=\"lazy\" decoding=\"async\" class=\"wp-image-5427 alignleft\" src=\"https:\/\/staging.ide-tech.com\/wp-content\/uploads\/2023\/01\/bullet-circle-wave.svg\" alt=\"\" width=\"29\" height=\"22\" \/>Sin cloramina<\/p>\n<p><img loading=\"lazy\" decoding=\"async\" class=\"wp-image-5427 alignleft\" src=\"https:\/\/staging.ide-tech.com\/wp-content\/uploads\/2023\/01\/bullet-circle-wave.svg\" alt=\"\" width=\"29\" height=\"22\" \/>Dise\u00f1o simplificado de una sola etapa y tama\u00f1o reducido<\/p>\n<ul>\n<li style=\"list-style-type: none;\"><\/li>\n<\/ul>\n","protected":false},"excerpt":{"rendered":"<p>TTRO (tratamiento terciario por \u00f3smosis inversa) El tratamiento terciario por \u00f3smosis inversa se refiere al proceso de utilizar la tecnolog\u00eda de \u00f3smosis inversa (RO) en la etapa de tratamiento terciario del tratamiento de aguas residuales. El tratamiento terciario es la etapa final del tratamiento de aguas residuales, despu\u00e9s del tratamiento primario y secundario. Su objetivo [&hellip;]<\/p>\n","protected":false},"author":4,"featured_media":0,"parent":3089,"menu_order":93,"comment_status":"closed","ping_status":"closed","template":"page-Industriesinner.php","meta":{"_acf_changed":false,"inline_featured_image":false,"footnotes":""},"class_list":["post-10279","page","type-page","status-publish","hentry"],"acf":[],"yoast_head":"<!-- This site is optimized with the Yoast SEO plugin v27.0 - https:\/\/yoast.com\/product\/yoast-seo-wordpress\/ -->\n<title>TRATAMIENTO DE AGUAS RESIDUALES TOTALMENTE AVANZADO | IDE Tech<\/title>\n<meta name=\"robots\" content=\"noindex, follow, max-snippet:-1, max-image-preview:large, max-video-preview:-1\" \/>\n<meta property=\"og:locale\" content=\"es_ES\" \/>\n<meta property=\"og:type\" content=\"article\" \/>\n<meta property=\"og:title\" content=\"TRATAMIENTO DE AGUAS RESIDUALES TOTALMENTE AVANZADO | IDE Tech\" \/>\n<meta property=\"og:description\" content=\"TTRO (tratamiento terciario por \u00f3smosis inversa) El tratamiento terciario por \u00f3smosis inversa se refiere al proceso de utilizar la tecnolog\u00eda de \u00f3smosis inversa (RO) en la etapa de tratamiento terciario del tratamiento de aguas residuales. El tratamiento terciario es la etapa final del tratamiento de aguas residuales, despu\u00e9s del tratamiento primario y secundario. Su objetivo [&hellip;]\" \/>\n<meta property=\"og:url\" content=\"https:\/\/staging.ide-tech.com\/soluciones-de-agua\/reutilizacion-municipal\/tratamiento-de-aguas-residuales-totalmente-avanzado\/\" \/>\n<meta property=\"og:site_name\" content=\"IDE Tech\" \/>\n<meta name=\"twitter:card\" content=\"summary_large_image\" \/>\n<meta name=\"twitter:label1\" content=\"Tiempo de lectura\" \/>\n\t<meta name=\"twitter:data1\" content=\"3 minutos\" \/>\n<script type=\"application\/ld+json\" class=\"yoast-schema-graph\">{\"@context\":\"https:\/\/schema.org\",\"@graph\":[{\"@type\":\"WebPage\",\"@id\":\"https:\/\/staging.ide-tech.com\/soluciones-de-agua\/reutilizacion-municipal\/tratamiento-de-aguas-residuales-totalmente-avanzado\/\",\"url\":\"https:\/\/staging.ide-tech.com\/soluciones-de-agua\/reutilizacion-municipal\/tratamiento-de-aguas-residuales-totalmente-avanzado\/\",\"name\":\"TRATAMIENTO DE AGUAS RESIDUALES TOTALMENTE AVANZADO | IDE Tech\",\"isPartOf\":{\"@id\":\"https:\/\/staging.ide-tech.com\/en\/#website\"},\"primaryImageOfPage\":{\"@id\":\"https:\/\/staging.ide-tech.com\/soluciones-de-agua\/reutilizacion-municipal\/tratamiento-de-aguas-residuales-totalmente-avanzado\/#primaryimage\"},\"image\":{\"@id\":\"https:\/\/staging.ide-tech.com\/soluciones-de-agua\/reutilizacion-municipal\/tratamiento-de-aguas-residuales-totalmente-avanzado\/#primaryimage\"},\"thumbnailUrl\":\"https:\/\/staging.ide-tech.com\/wp-content\/uploads\/2023\/01\/light-blue-wave.svg\",\"datePublished\":\"2023-03-01T12:43:08+00:00\",\"breadcrumb\":{\"@id\":\"https:\/\/staging.ide-tech.com\/soluciones-de-agua\/reutilizacion-municipal\/tratamiento-de-aguas-residuales-totalmente-avanzado\/#breadcrumb\"},\"inLanguage\":\"es\",\"potentialAction\":[{\"@type\":\"ReadAction\",\"target\":[\"https:\/\/staging.ide-tech.com\/soluciones-de-agua\/reutilizacion-municipal\/tratamiento-de-aguas-residuales-totalmente-avanzado\/\"]}]},{\"@type\":\"ImageObject\",\"inLanguage\":\"es\",\"@id\":\"https:\/\/staging.ide-tech.com\/soluciones-de-agua\/reutilizacion-municipal\/tratamiento-de-aguas-residuales-totalmente-avanzado\/#primaryimage\",\"url\":\"https:\/\/staging.ide-tech.com\/wp-content\/uploads\/2023\/01\/light-blue-wave.svg\",\"contentUrl\":\"https:\/\/staging.ide-tech.com\/wp-content\/uploads\/2023\/01\/light-blue-wave.svg\"},{\"@type\":\"BreadcrumbList\",\"@id\":\"https:\/\/staging.ide-tech.com\/soluciones-de-agua\/reutilizacion-municipal\/tratamiento-de-aguas-residuales-totalmente-avanzado\/#breadcrumb\",\"itemListElement\":[{\"@type\":\"ListItem\",\"position\":1,\"name\":\"Home\",\"item\":\"https:\/\/staging.ide-tech.com\/es\/hogar\/\"},{\"@type\":\"ListItem\",\"position\":2,\"name\":\"Soluciones h\u00eddricas\",\"item\":\"https:\/\/staging.ide-tech.com\/es\/soluciones-de-agua\/\"},{\"@type\":\"ListItem\",\"position\":3,\"name\":\"Sistemas municipales de tratamiento de aguas\",\"item\":\"https:\/\/staging.ide-tech.com\/es\/soluciones-de-agua\/reutilizacion-municipal\/\"},{\"@type\":\"ListItem\",\"position\":4,\"name\":\"TRATAMIENTO DE AGUAS RESIDUALES TOTALMENTE AVANZADO\"}]},{\"@type\":\"WebSite\",\"@id\":\"https:\/\/staging.ide-tech.com\/en\/#website\",\"url\":\"https:\/\/staging.ide-tech.com\/en\/\",\"name\":\"IDE Tech\",\"description\":\"Your Water Partner\",\"potentialAction\":[{\"@type\":\"SearchAction\",\"target\":{\"@type\":\"EntryPoint\",\"urlTemplate\":\"https:\/\/staging.ide-tech.com\/en\/?s={search_term_string}\"},\"query-input\":{\"@type\":\"PropertyValueSpecification\",\"valueRequired\":true,\"valueName\":\"search_term_string\"}}],\"inLanguage\":\"es\"}]}<\/script>\n<!-- \/ Yoast SEO plugin. -->","yoast_head_json":{"title":"TRATAMIENTO DE AGUAS RESIDUALES TOTALMENTE AVANZADO | IDE Tech","robots":{"index":"noindex","follow":"follow","max-snippet":"max-snippet:-1","max-image-preview":"max-image-preview:large","max-video-preview":"max-video-preview:-1"},"og_locale":"es_ES","og_type":"article","og_title":"TRATAMIENTO DE AGUAS RESIDUALES TOTALMENTE AVANZADO | IDE Tech","og_description":"TTRO (tratamiento terciario por \u00f3smosis inversa) El tratamiento terciario por \u00f3smosis inversa se refiere al proceso de utilizar la tecnolog\u00eda de \u00f3smosis inversa (RO) en la etapa de tratamiento terciario del tratamiento de aguas residuales. El tratamiento terciario es la etapa final del tratamiento de aguas residuales, despu\u00e9s del tratamiento primario y secundario. Su objetivo [&hellip;]","og_url":"https:\/\/staging.ide-tech.com\/soluciones-de-agua\/reutilizacion-municipal\/tratamiento-de-aguas-residuales-totalmente-avanzado\/","og_site_name":"IDE Tech","twitter_card":"summary_large_image","twitter_misc":{"Tiempo de lectura":"3 minutos"},"schema":{"@context":"https:\/\/schema.org","@graph":[{"@type":"WebPage","@id":"https:\/\/staging.ide-tech.com\/soluciones-de-agua\/reutilizacion-municipal\/tratamiento-de-aguas-residuales-totalmente-avanzado\/","url":"https:\/\/staging.ide-tech.com\/soluciones-de-agua\/reutilizacion-municipal\/tratamiento-de-aguas-residuales-totalmente-avanzado\/","name":"TRATAMIENTO DE AGUAS RESIDUALES TOTALMENTE AVANZADO | IDE Tech","isPartOf":{"@id":"https:\/\/staging.ide-tech.com\/en\/#website"},"primaryImageOfPage":{"@id":"https:\/\/staging.ide-tech.com\/soluciones-de-agua\/reutilizacion-municipal\/tratamiento-de-aguas-residuales-totalmente-avanzado\/#primaryimage"},"image":{"@id":"https:\/\/staging.ide-tech.com\/soluciones-de-agua\/reutilizacion-municipal\/tratamiento-de-aguas-residuales-totalmente-avanzado\/#primaryimage"},"thumbnailUrl":"https:\/\/staging.ide-tech.com\/wp-content\/uploads\/2023\/01\/light-blue-wave.svg","datePublished":"2023-03-01T12:43:08+00:00","breadcrumb":{"@id":"https:\/\/staging.ide-tech.com\/soluciones-de-agua\/reutilizacion-municipal\/tratamiento-de-aguas-residuales-totalmente-avanzado\/#breadcrumb"},"inLanguage":"es","potentialAction":[{"@type":"ReadAction","target":["https:\/\/staging.ide-tech.com\/soluciones-de-agua\/reutilizacion-municipal\/tratamiento-de-aguas-residuales-totalmente-avanzado\/"]}]},{"@type":"ImageObject","inLanguage":"es","@id":"https:\/\/staging.ide-tech.com\/soluciones-de-agua\/reutilizacion-municipal\/tratamiento-de-aguas-residuales-totalmente-avanzado\/#primaryimage","url":"https:\/\/staging.ide-tech.com\/wp-content\/uploads\/2023\/01\/light-blue-wave.svg","contentUrl":"https:\/\/staging.ide-tech.com\/wp-content\/uploads\/2023\/01\/light-blue-wave.svg"},{"@type":"BreadcrumbList","@id":"https:\/\/staging.ide-tech.com\/soluciones-de-agua\/reutilizacion-municipal\/tratamiento-de-aguas-residuales-totalmente-avanzado\/#breadcrumb","itemListElement":[{"@type":"ListItem","position":1,"name":"Home","item":"https:\/\/staging.ide-tech.com\/es\/hogar\/"},{"@type":"ListItem","position":2,"name":"Soluciones h\u00eddricas","item":"https:\/\/staging.ide-tech.com\/es\/soluciones-de-agua\/"},{"@type":"ListItem","position":3,"name":"Sistemas municipales de tratamiento de aguas","item":"https:\/\/staging.ide-tech.com\/es\/soluciones-de-agua\/reutilizacion-municipal\/"},{"@type":"ListItem","position":4,"name":"TRATAMIENTO DE AGUAS RESIDUALES TOTALMENTE AVANZADO"}]},{"@type":"WebSite","@id":"https:\/\/staging.ide-tech.com\/en\/#website","url":"https:\/\/staging.ide-tech.com\/en\/","name":"IDE Tech","description":"Your Water Partner","potentialAction":[{"@type":"SearchAction","target":{"@type":"EntryPoint","urlTemplate":"https:\/\/staging.ide-tech.com\/en\/?s={search_term_string}"},"query-input":{"@type":"PropertyValueSpecification","valueRequired":true,"valueName":"search_term_string"}}],"inLanguage":"es"}]}},"_links":{"self":[{"href":"https:\/\/staging.ide-tech.com\/es\/wp-json\/wp\/v2\/pages\/10279","targetHints":{"allow":["GET"]}}],"collection":[{"href":"https:\/\/staging.ide-tech.com\/es\/wp-json\/wp\/v2\/pages"}],"about":[{"href":"https:\/\/staging.ide-tech.com\/es\/wp-json\/wp\/v2\/types\/page"}],"author":[{"embeddable":true,"href":"https:\/\/staging.ide-tech.com\/es\/wp-json\/wp\/v2\/users\/4"}],"replies":[{"embeddable":true,"href":"https:\/\/staging.ide-tech.com\/es\/wp-json\/wp\/v2\/comments?post=10279"}],"version-history":[{"count":0,"href":"https:\/\/staging.ide-tech.com\/es\/wp-json\/wp\/v2\/pages\/10279\/revisions"}],"up":[{"embeddable":true,"href":"https:\/\/staging.ide-tech.com\/es\/wp-json\/wp\/v2\/pages\/3089"}],"wp:attachment":[{"href":"https:\/\/staging.ide-tech.com\/es\/wp-json\/wp\/v2\/media?parent=10279"}],"curies":[{"name":"wp","href":"https:\/\/api.w.org\/{rel}","templated":true}]}}