{"id":10277,"date":"2023-03-13T11:33:12","date_gmt":"2023-03-13T11:33:12","guid":{"rendered":"https:\/\/staging.ide-tech.com\/acerca-de-ide\/alfa-water-partners\/"},"modified":"2025-12-30T10:12:02","modified_gmt":"2025-12-30T10:12:02","slug":"alfa-water-partners","status":"publish","type":"page","link":"https:\/\/staging.ide-tech.com\/es\/acerca-de-ide\/alfa-water-partners\/","title":{"rendered":"Alfa Water Partners"},"content":{"rendered":"","protected":false},"excerpt":{"rendered":"","protected":false},"author":28,"featured_media":0,"parent":3039,"menu_order":16,"comment_status":"closed","ping_status":"closed","template":"page-alfawaterpartners.php","meta":{"_acf_changed":false,"inline_featured_image":false,"footnotes":""},"class_list":["post-10277","page","type-page","status-publish","hentry"],"acf":[],"yoast_head":"<!-- This site is optimized with the Yoast SEO plugin v27.0 - https:\/\/yoast.com\/product\/yoast-seo-wordpress\/ -->\n<title>Alfa Water Partners | IDE Tech<\/title>\n<meta name=\"description\" content=\"Descubra el papel de Alfa Water Partners en la orientaci\u00f3n de IDE Tech, centr\u00e1ndose en la innovaci\u00f3n en el tratamiento y la desalaci\u00f3n del agua.\" \/>\n<meta name=\"robots\" content=\"noindex, follow, max-snippet:-1, max-image-preview:large, max-video-preview:-1\" \/>\n<meta property=\"og:locale\" content=\"es_ES\" \/>\n<meta property=\"og:type\" content=\"article\" \/>\n<meta property=\"og:title\" content=\"Alfa Water Partners | IDE Tech\" \/>\n<meta property=\"og:description\" content=\"Descubra el papel de Alfa Water Partners en la orientaci\u00f3n de IDE Tech, centr\u00e1ndose en la innovaci\u00f3n en el tratamiento y la desalaci\u00f3n del agua.\" \/>\n<meta property=\"og:url\" content=\"https:\/\/staging.ide-tech.com\/es\/acerca-de-ide\/alfa-water-partners\/\" \/>\n<meta property=\"og:site_name\" content=\"IDE Tech\" \/>\n<meta property=\"article:modified_time\" content=\"2025-12-30T10:12:02+00:00\" \/>\n<meta name=\"twitter:card\" content=\"summary_large_image\" \/>\n<script type=\"application\/ld+json\" class=\"yoast-schema-graph\">{\"@context\":\"https:\/\/schema.org\",\"@graph\":[{\"@type\":\"WebPage\",\"@id\":\"https:\/\/staging.ide-tech.com\/es\/acerca-de-ide\/alfa-water-partners\/\",\"url\":\"https:\/\/staging.ide-tech.com\/es\/acerca-de-ide\/alfa-water-partners\/\",\"name\":\"Alfa Water Partners | IDE Tech\",\"isPartOf\":{\"@id\":\"https:\/\/staging.ide-tech.com\/en\/#website\"},\"datePublished\":\"2023-03-13T11:33:12+00:00\",\"dateModified\":\"2025-12-30T10:12:02+00:00\",\"description\":\"Descubra el papel de Alfa Water Partners en la orientaci\u00f3n de IDE Tech, centr\u00e1ndose en la innovaci\u00f3n en el tratamiento y la desalaci\u00f3n del agua.\",\"breadcrumb\":{\"@id\":\"https:\/\/staging.ide-tech.com\/es\/acerca-de-ide\/alfa-water-partners\/#breadcrumb\"},\"inLanguage\":\"es\",\"potentialAction\":[{\"@type\":\"ReadAction\",\"target\":[\"https:\/\/staging.ide-tech.com\/es\/acerca-de-ide\/alfa-water-partners\/\"]}]},{\"@type\":\"BreadcrumbList\",\"@id\":\"https:\/\/staging.ide-tech.com\/es\/acerca-de-ide\/alfa-water-partners\/#breadcrumb\",\"itemListElement\":[{\"@type\":\"ListItem\",\"position\":1,\"name\":\"Home\",\"item\":\"https:\/\/staging.ide-tech.com\/es\/hogar\/\"},{\"@type\":\"ListItem\",\"position\":2,\"name\":\"Acerca de IDE\",\"item\":\"https:\/\/staging.ide-tech.com\/es\/acerca-de-ide\/\"},{\"@type\":\"ListItem\",\"position\":3,\"name\":\"Alfa Water Partners\"}]},{\"@type\":\"WebSite\",\"@id\":\"https:\/\/staging.ide-tech.com\/en\/#website\",\"url\":\"https:\/\/staging.ide-tech.com\/en\/\",\"name\":\"IDE Tech\",\"description\":\"Your Water Partner\",\"potentialAction\":[{\"@type\":\"SearchAction\",\"target\":{\"@type\":\"EntryPoint\",\"urlTemplate\":\"https:\/\/staging.ide-tech.com\/en\/?s={search_term_string}\"},\"query-input\":{\"@type\":\"PropertyValueSpecification\",\"valueRequired\":true,\"valueName\":\"search_term_string\"}}],\"inLanguage\":\"es\"}]}<\/script>\n<!-- \/ Yoast SEO plugin. -->","yoast_head_json":{"title":"Alfa Water Partners | IDE Tech","description":"Descubra el papel de Alfa Water Partners en la orientaci\u00f3n de IDE Tech, centr\u00e1ndose en la innovaci\u00f3n en el tratamiento y la desalaci\u00f3n del agua.","robots":{"index":"noindex","follow":"follow","max-snippet":"max-snippet:-1","max-image-preview":"max-image-preview:large","max-video-preview":"max-video-preview:-1"},"og_locale":"es_ES","og_type":"article","og_title":"Alfa Water Partners | IDE Tech","og_description":"Descubra el papel de Alfa Water Partners en la orientaci\u00f3n de IDE Tech, centr\u00e1ndose en la innovaci\u00f3n en el tratamiento y la desalaci\u00f3n del agua.","og_url":"https:\/\/staging.ide-tech.com\/es\/acerca-de-ide\/alfa-water-partners\/","og_site_name":"IDE Tech","article_modified_time":"2025-12-30T10:12:02+00:00","twitter_card":"summary_large_image","schema":{"@context":"https:\/\/schema.org","@graph":[{"@type":"WebPage","@id":"https:\/\/staging.ide-tech.com\/es\/acerca-de-ide\/alfa-water-partners\/","url":"https:\/\/staging.ide-tech.com\/es\/acerca-de-ide\/alfa-water-partners\/","name":"Alfa Water Partners | IDE Tech","isPartOf":{"@id":"https:\/\/staging.ide-tech.com\/en\/#website"},"datePublished":"2023-03-13T11:33:12+00:00","dateModified":"2025-12-30T10:12:02+00:00","description":"Descubra el papel de Alfa Water Partners en la orientaci\u00f3n de IDE Tech, centr\u00e1ndose en la innovaci\u00f3n en el tratamiento y la desalaci\u00f3n del agua.","breadcrumb":{"@id":"https:\/\/staging.ide-tech.com\/es\/acerca-de-ide\/alfa-water-partners\/#breadcrumb"},"inLanguage":"es","potentialAction":[{"@type":"ReadAction","target":["https:\/\/staging.ide-tech.com\/es\/acerca-de-ide\/alfa-water-partners\/"]}]},{"@type":"BreadcrumbList","@id":"https:\/\/staging.ide-tech.com\/es\/acerca-de-ide\/alfa-water-partners\/#breadcrumb","itemListElement":[{"@type":"ListItem","position":1,"name":"Home","item":"https:\/\/staging.ide-tech.com\/es\/hogar\/"},{"@type":"ListItem","position":2,"name":"Acerca de IDE","item":"https:\/\/staging.ide-tech.com\/es\/acerca-de-ide\/"},{"@type":"ListItem","position":3,"name":"Alfa Water Partners"}]},{"@type":"WebSite","@id":"https:\/\/staging.ide-tech.com\/en\/#website","url":"https:\/\/staging.ide-tech.com\/en\/","name":"IDE Tech","description":"Your Water Partner","potentialAction":[{"@type":"SearchAction","target":{"@type":"EntryPoint","urlTemplate":"https:\/\/staging.ide-tech.com\/en\/?s={search_term_string}"},"query-input":{"@type":"PropertyValueSpecification","valueRequired":true,"valueName":"search_term_string"}}],"inLanguage":"es"}]}},"_links":{"self":[{"href":"https:\/\/staging.ide-tech.com\/es\/wp-json\/wp\/v2\/pages\/10277","targetHints":{"allow":["GET"]}}],"collection":[{"href":"https:\/\/staging.ide-tech.com\/es\/wp-json\/wp\/v2\/pages"}],"about":[{"href":"https:\/\/staging.ide-tech.com\/es\/wp-json\/wp\/v2\/types\/page"}],"author":[{"embeddable":true,"href":"https:\/\/staging.ide-tech.com\/es\/wp-json\/wp\/v2\/users\/28"}],"replies":[{"embeddable":true,"href":"https:\/\/staging.ide-tech.com\/es\/wp-json\/wp\/v2\/comments?post=10277"}],"version-history":[{"count":2,"href":"https:\/\/staging.ide-tech.com\/es\/wp-json\/wp\/v2\/pages\/10277\/revisions"}],"predecessor-version":[{"id":10729,"href":"https:\/\/staging.ide-tech.com\/es\/wp-json\/wp\/v2\/pages\/10277\/revisions\/10729"}],"up":[{"embeddable":true,"href":"https:\/\/staging.ide-tech.com\/es\/wp-json\/wp\/v2\/pages\/3039"}],"wp:attachment":[{"href":"https:\/\/staging.ide-tech.com\/es\/wp-json\/wp\/v2\/media?parent=10277"}],"curies":[{"name":"wp","href":"https:\/\/api.w.org\/{rel}","templated":true}]}}