{"id":10275,"date":"2024-06-05T13:18:13","date_gmt":"2024-06-05T13:18:13","guid":{"rendered":"https:\/\/staging.ide-tech.com\/politica-de-hse-de-ide\/"},"modified":"2024-06-05T13:18:13","modified_gmt":"2024-06-05T13:18:13","slug":"politica-de-hse-de-ide","status":"publish","type":"page","link":"https:\/\/staging.ide-tech.com\/es\/politica-de-hse-de-ide\/","title":{"rendered":"Pol\u00edtica de HSE de IDE"},"content":{"rendered":"<p>IDE se compromete a cuidar de las personas y el medio ambiente a lo largo del ciclo de vida de los proyectos, adhiri\u00e9ndose a los siguientes principios:<br \/>\nCumplimiento<\/p>\n<p>IDE cumple con las leyes y normativas aplicables en materia de salud, seguridad y medio ambiente (HSE), y opera de acuerdo con las normas internacionales de HSE.<br \/>\nSalud y seguridad:<\/p>\n<p>Nos comprometemos a mantener y mejorar continuamente nuestra gesti\u00f3n de la salud y la seguridad, y a fomentar la responsabilidad y la proactividad de nuestros empleados en la puesta en marcha de iniciativas para reducir las lesiones.<\/p>\n<p>Estamos comprometidos a proporcionar un entorno seguro y promover un lugar de trabajo libre de lesiones para nuestros empleados, contratistas, clientes, socios y el p\u00fablico en general. Evaluamos y mejoramos constantemente nuestros programas de HSE, nuestro rendimiento y nuestra formaci\u00f3n, y nos centramos en la prevenci\u00f3n y la cultura de la seguridad.<\/p>\n<p>Nos esforzamos por mejorar el rendimiento en materia de HSE en nuestros proyectos y operaciones, tanto para nosotros mismos como para nuestros principales proveedores y contratistas, mediante una comunicaci\u00f3n proactiva, la evaluaci\u00f3n de la capacidad, la formaci\u00f3n en materia de seguridad y un conjunto de expectativas de rendimiento desde la contrataci\u00f3n hasta la ejecuci\u00f3n.<br \/>\nSostenibilidad medioambiental:<\/p>\n<p>Estamos comprometidos con la sostenibilidad y la protecci\u00f3n del medio ambiente, lo que nos permite reducir el impacto medioambiental, aumentar la eficacia energ\u00e9tica y minimizar los consumibles y los riesgos potenciales.<\/p>\n<p>Impulsamos la sostenibilidad teniendo en cuenta los criterios de ESG y ayudamos a nuestros clientes a satisfacer sus necesidades de agua, al tiempo que cumplen con los retos y metas de su estrategia de ESG (medioambiental, social y de gobernanza).<\/p>\n<p>&nbsp;<\/p>\n<p><img loading=\"lazy\" decoding=\"async\" class=\" wp-image-8873 aligncenter\" src=\"https:\/\/staging.ide-tech.com\/wp-content\/uploads\/2024\/06\/EHS-POLICY-300x172.jpg\" alt=\"\" width=\"645\" height=\"370\" srcset=\"https:\/\/staging.ide-tech.com\/wp-content\/uploads\/2024\/06\/EHS-POLICY-300x172.jpg 300w, https:\/\/staging.ide-tech.com\/wp-content\/uploads\/2024\/06\/EHS-POLICY-1024x587.jpg 1024w, https:\/\/staging.ide-tech.com\/wp-content\/uploads\/2024\/06\/EHS-POLICY-768x440.jpg 768w, https:\/\/staging.ide-tech.com\/wp-content\/uploads\/2024\/06\/EHS-POLICY.jpg 1403w\" sizes=\"auto, (max-width: 645px) 100vw, 645px\" \/><\/p>\n","protected":false},"excerpt":{"rendered":"<p>IDE se compromete a cuidar de las personas y el medio ambiente a lo largo del ciclo de vida de los proyectos, adhiri\u00e9ndose a los siguientes principios: Cumplimiento IDE cumple con las leyes y normativas aplicables en materia de salud, seguridad y medio ambiente (HSE), y opera de acuerdo con las normas internacionales de HSE. [&hellip;]<\/p>\n","protected":false},"author":4,"featured_media":0,"parent":0,"menu_order":11,"comment_status":"closed","ping_status":"closed","template":"","meta":{"_acf_changed":false,"inline_featured_image":false,"footnotes":""},"class_list":["post-10275","page","type-page","status-publish","hentry"],"acf":[],"yoast_head":"<!-- This site is optimized with the Yoast SEO plugin v27.0 - https:\/\/yoast.com\/product\/yoast-seo-wordpress\/ -->\n<title>Pol\u00edtica de HSE de IDE | IDE Tech<\/title>\n<meta name=\"description\" content=\"La pol\u00edtica de HSE de IDE en el tratamiento del agua garantiza pr\u00e1cticas seguras, un impacto medioambiental m\u00ednimo y el cumplimiento de las normas mundiales de salud y seguridad.\" \/>\n<meta name=\"robots\" content=\"noindex, follow, max-snippet:-1, max-image-preview:large, max-video-preview:-1\" \/>\n<meta property=\"og:locale\" content=\"es_ES\" \/>\n<meta property=\"og:type\" content=\"article\" \/>\n<meta property=\"og:title\" content=\"Pol\u00edtica de HSE de IDE | IDE Tech\" \/>\n<meta property=\"og:description\" content=\"La pol\u00edtica de HSE de IDE en el tratamiento del agua garantiza pr\u00e1cticas seguras, un impacto medioambiental m\u00ednimo y el cumplimiento de las normas mundiales de salud y seguridad.\" \/>\n<meta property=\"og:url\" content=\"https:\/\/staging.ide-tech.com\/es\/politica-de-hse-de-ide\/\" \/>\n<meta property=\"og:site_name\" content=\"IDE Tech\" \/>\n<meta property=\"og:image\" content=\"https:\/\/staging.ide-tech.com\/wp-content\/uploads\/2024\/06\/EHS-POLICY.jpg\" \/>\n\t<meta property=\"og:image:width\" content=\"1403\" \/>\n\t<meta property=\"og:image:height\" content=\"804\" \/>\n\t<meta property=\"og:image:type\" content=\"image\/jpeg\" \/>\n<meta name=\"twitter:card\" content=\"summary_large_image\" \/>\n<meta name=\"twitter:label1\" content=\"Tiempo de lectura\" \/>\n\t<meta name=\"twitter:data1\" content=\"1 minuto\" \/>\n<script type=\"application\/ld+json\" class=\"yoast-schema-graph\">{\"@context\":\"https:\/\/schema.org\",\"@graph\":[{\"@type\":\"WebPage\",\"@id\":\"https:\/\/staging.ide-tech.com\/es\/politica-de-hse-de-ide\/\",\"url\":\"https:\/\/staging.ide-tech.com\/es\/politica-de-hse-de-ide\/\",\"name\":\"Pol\u00edtica de HSE de IDE | IDE Tech\",\"isPartOf\":{\"@id\":\"https:\/\/staging.ide-tech.com\/en\/#website\"},\"primaryImageOfPage\":{\"@id\":\"https:\/\/staging.ide-tech.com\/es\/politica-de-hse-de-ide\/#primaryimage\"},\"image\":{\"@id\":\"https:\/\/staging.ide-tech.com\/es\/politica-de-hse-de-ide\/#primaryimage\"},\"thumbnailUrl\":\"https:\/\/staging.ide-tech.com\/wp-content\/uploads\/2024\/06\/EHS-POLICY-300x172.jpg\",\"datePublished\":\"2024-06-05T13:18:13+00:00\",\"description\":\"La pol\u00edtica de HSE de IDE en el tratamiento del agua garantiza pr\u00e1cticas seguras, un impacto medioambiental m\u00ednimo y el cumplimiento de las normas mundiales de salud y seguridad.\",\"breadcrumb\":{\"@id\":\"https:\/\/staging.ide-tech.com\/es\/politica-de-hse-de-ide\/#breadcrumb\"},\"inLanguage\":\"es\",\"potentialAction\":[{\"@type\":\"ReadAction\",\"target\":[\"https:\/\/staging.ide-tech.com\/es\/politica-de-hse-de-ide\/\"]}]},{\"@type\":\"ImageObject\",\"inLanguage\":\"es\",\"@id\":\"https:\/\/staging.ide-tech.com\/es\/politica-de-hse-de-ide\/#primaryimage\",\"url\":\"https:\/\/staging.ide-tech.com\/wp-content\/uploads\/2024\/06\/EHS-POLICY-300x172.jpg\",\"contentUrl\":\"https:\/\/staging.ide-tech.com\/wp-content\/uploads\/2024\/06\/EHS-POLICY-300x172.jpg\"},{\"@type\":\"BreadcrumbList\",\"@id\":\"https:\/\/staging.ide-tech.com\/es\/politica-de-hse-de-ide\/#breadcrumb\",\"itemListElement\":[{\"@type\":\"ListItem\",\"position\":1,\"name\":\"Home\",\"item\":\"https:\/\/staging.ide-tech.com\/es\/hogar\/\"},{\"@type\":\"ListItem\",\"position\":2,\"name\":\"Pol\u00edtica de HSE de IDE\"}]},{\"@type\":\"WebSite\",\"@id\":\"https:\/\/staging.ide-tech.com\/en\/#website\",\"url\":\"https:\/\/staging.ide-tech.com\/en\/\",\"name\":\"IDE Tech\",\"description\":\"Your Water Partner\",\"potentialAction\":[{\"@type\":\"SearchAction\",\"target\":{\"@type\":\"EntryPoint\",\"urlTemplate\":\"https:\/\/staging.ide-tech.com\/en\/?s={search_term_string}\"},\"query-input\":{\"@type\":\"PropertyValueSpecification\",\"valueRequired\":true,\"valueName\":\"search_term_string\"}}],\"inLanguage\":\"es\"}]}<\/script>\n<!-- \/ Yoast SEO plugin. -->","yoast_head_json":{"title":"Pol\u00edtica de HSE de IDE | IDE Tech","description":"La pol\u00edtica de HSE de IDE en el tratamiento del agua garantiza pr\u00e1cticas seguras, un impacto medioambiental m\u00ednimo y el cumplimiento de las normas mundiales de salud y seguridad.","robots":{"index":"noindex","follow":"follow","max-snippet":"max-snippet:-1","max-image-preview":"max-image-preview:large","max-video-preview":"max-video-preview:-1"},"og_locale":"es_ES","og_type":"article","og_title":"Pol\u00edtica de HSE de IDE | IDE Tech","og_description":"La pol\u00edtica de HSE de IDE en el tratamiento del agua garantiza pr\u00e1cticas seguras, un impacto medioambiental m\u00ednimo y el cumplimiento de las normas mundiales de salud y seguridad.","og_url":"https:\/\/staging.ide-tech.com\/es\/politica-de-hse-de-ide\/","og_site_name":"IDE Tech","og_image":[{"width":1403,"height":804,"url":"https:\/\/staging.ide-tech.com\/wp-content\/uploads\/2024\/06\/EHS-POLICY.jpg","type":"image\/jpeg"}],"twitter_card":"summary_large_image","twitter_misc":{"Tiempo de lectura":"1 minuto"},"schema":{"@context":"https:\/\/schema.org","@graph":[{"@type":"WebPage","@id":"https:\/\/staging.ide-tech.com\/es\/politica-de-hse-de-ide\/","url":"https:\/\/staging.ide-tech.com\/es\/politica-de-hse-de-ide\/","name":"Pol\u00edtica de HSE de IDE | IDE Tech","isPartOf":{"@id":"https:\/\/staging.ide-tech.com\/en\/#website"},"primaryImageOfPage":{"@id":"https:\/\/staging.ide-tech.com\/es\/politica-de-hse-de-ide\/#primaryimage"},"image":{"@id":"https:\/\/staging.ide-tech.com\/es\/politica-de-hse-de-ide\/#primaryimage"},"thumbnailUrl":"https:\/\/staging.ide-tech.com\/wp-content\/uploads\/2024\/06\/EHS-POLICY-300x172.jpg","datePublished":"2024-06-05T13:18:13+00:00","description":"La pol\u00edtica de HSE de IDE en el tratamiento del agua garantiza pr\u00e1cticas seguras, un impacto medioambiental m\u00ednimo y el cumplimiento de las normas mundiales de salud y seguridad.","breadcrumb":{"@id":"https:\/\/staging.ide-tech.com\/es\/politica-de-hse-de-ide\/#breadcrumb"},"inLanguage":"es","potentialAction":[{"@type":"ReadAction","target":["https:\/\/staging.ide-tech.com\/es\/politica-de-hse-de-ide\/"]}]},{"@type":"ImageObject","inLanguage":"es","@id":"https:\/\/staging.ide-tech.com\/es\/politica-de-hse-de-ide\/#primaryimage","url":"https:\/\/staging.ide-tech.com\/wp-content\/uploads\/2024\/06\/EHS-POLICY-300x172.jpg","contentUrl":"https:\/\/staging.ide-tech.com\/wp-content\/uploads\/2024\/06\/EHS-POLICY-300x172.jpg"},{"@type":"BreadcrumbList","@id":"https:\/\/staging.ide-tech.com\/es\/politica-de-hse-de-ide\/#breadcrumb","itemListElement":[{"@type":"ListItem","position":1,"name":"Home","item":"https:\/\/staging.ide-tech.com\/es\/hogar\/"},{"@type":"ListItem","position":2,"name":"Pol\u00edtica de HSE de IDE"}]},{"@type":"WebSite","@id":"https:\/\/staging.ide-tech.com\/en\/#website","url":"https:\/\/staging.ide-tech.com\/en\/","name":"IDE Tech","description":"Your Water Partner","potentialAction":[{"@type":"SearchAction","target":{"@type":"EntryPoint","urlTemplate":"https:\/\/staging.ide-tech.com\/en\/?s={search_term_string}"},"query-input":{"@type":"PropertyValueSpecification","valueRequired":true,"valueName":"search_term_string"}}],"inLanguage":"es"}]}},"_links":{"self":[{"href":"https:\/\/staging.ide-tech.com\/es\/wp-json\/wp\/v2\/pages\/10275","targetHints":{"allow":["GET"]}}],"collection":[{"href":"https:\/\/staging.ide-tech.com\/es\/wp-json\/wp\/v2\/pages"}],"about":[{"href":"https:\/\/staging.ide-tech.com\/es\/wp-json\/wp\/v2\/types\/page"}],"author":[{"embeddable":true,"href":"https:\/\/staging.ide-tech.com\/es\/wp-json\/wp\/v2\/users\/4"}],"replies":[{"embeddable":true,"href":"https:\/\/staging.ide-tech.com\/es\/wp-json\/wp\/v2\/comments?post=10275"}],"version-history":[{"count":0,"href":"https:\/\/staging.ide-tech.com\/es\/wp-json\/wp\/v2\/pages\/10275\/revisions"}],"wp:attachment":[{"href":"https:\/\/staging.ide-tech.com\/es\/wp-json\/wp\/v2\/media?parent=10275"}],"curies":[{"name":"wp","href":"https:\/\/api.w.org\/{rel}","templated":true}]}}